{"id":363,"date":"2014-10-15T13:50:33","date_gmt":"2014-10-15T13:50:33","guid":{"rendered":"http:\/\/www.alternativanikkei.com\/?page_id=363"},"modified":"2014-10-22T00:37:08","modified_gmt":"2014-10-22T00:37:08","slug":"terminos-y-condiciones","status":"publish","type":"page","link":"https:\/\/alternativanikkei.com\/2026\/terminos-y-condiciones\/","title":{"rendered":"T\u00e9rminos y condiciones"},"content":{"rendered":"<p>[toggle title=\u00bbPrivacidad\u00bb state=\u00bbclose\u00bb ]Esta Pol\u00edtica de Privacidad est\u00e1 destinada a informar a Ud., en cuanto visitante y\/o usuario de nuestro sitio, sobre la manera en que tratamos su Informaci\u00f3n Personal (tal como \u00e9sta se define m\u00e1s adelante), y sobre las diversas alternativas que Ud. posee con respecto al uso de su Informaci\u00f3n Personal. Peri\u00f3dicamente, podremos modificar la presente pol\u00edtica a efectos de incluir el tratamiento de nuevos temas y a efectos de reflejar cambios en nuestro Sitio, las tecnolog\u00edas empleadas por nosotros que puedan incidir en el atamiento de su informaci\u00f3n y su publicaci\u00f3n, o sobre nuestra actitud respecto del uso de la informaci\u00f3n recopilada. Oportunamente, podremos agregar a la presente pol\u00edtica dichos cambios a medida que estos ocurran, de tal manera que Ud. pueda acceder en todo momento a conocer acerca de la informaci\u00f3n que recopilamos, el uso de dicha informaci\u00f3n y las eventuales posibilidades de revelarla o cederla a terceros, en su caso. A P L I C A C I O N E S : Esta pol\u00edtica resulta de la aplicaci\u00f3n a todos los sitios y servicios que sean de propiedad y\/o que sean operados por este Sitio y a cualquier otro sitio que podamos poseer u operar en este momento o en el futuro (en conjunto, los Sitios que agrupara este Sitio o nuestros Sitios). Esta pol\u00edtica no ser\u00e1 de aplicaci\u00f3n en caso que Ud. acceda a sitios distintos de este Sitio, incluso cuando dichos sitios est\u00e9n vinculados a nuestro Sitio o de aquellos con alguna relaci\u00f3n con nuestro Sitio, por medio de links, o cualquier otro tipo de v\u00ednculo, telem\u00e1tico o no.[\/toggle]<\/p>\n<p>[toggle title=\u00bbRegistraci\u00f3n\u00bb state=\u00bbclose\u00bb ]La \u00fanica forma de poder acceder a los servicios de este Sitio es, solicitando la incorporaci\u00f3n como usuario, completando y enviando el formulario de registro, ya sea para un fin econ\u00f3mico o, netamente, de car\u00e1cter informativo. Una vez enviado el formulario, el Sitio se reserva la facultad de confirmar (aceptar) o anular (rechazar), sin previo aviso, dicha solicitud, ya sea por datos faltantes, por dudar de su legitimidad o por entender que su presencia, perjudica la integridad de Sitio o bien, a terceros. Las personas que soliciten una cuenta de uso personal o domestico, normalmente personas f\u00edsicas, solamente podr\u00e1n disponer de una sola cuenta de usuario para administrar sus Datos Personales como as\u00ed tambi\u00e9n, la informaci\u00f3n y el servicio que publique. Si es que desea solicitar una cuenta para un uso corporativo, institucional, comercial, etc., primeramente deber\u00e1 registrar la raz\u00f3n social del establecimiento para luego registrar a sus usuarios administradores. Un establecimiento podr\u00e1 solicitar m\u00e1s de un usuario administrador y \u00e9stos, al igual que el usuario personal o domestico, administrar\u00e1n sus Datos Personales, la informaci\u00f3n y el servicio publicado como as\u00ed tambi\u00e9n, la administraci\u00f3n de los Datos del Perfil de su establecimiento. Los usuarios, todos en general, tendr\u00e1n la obligaci\u00f3n y el compromiso de actualizar y mantener los Datos Personales conforme resulte necesario. El Sitio NO se responsabiliza por la certeza de los Datos Personales provistos por sus usuarios ya que \u00e9stos garantizan y responden, en cualquier caso, de la veracidad, exactitud, vigencia y autenticidad de los Datos Personales ingresados. El usuario iniciar\u00e1 sesi\u00f3n, para acceder a los servicios de su cuenta personal, mediante el ingreso de su direcci\u00f3n de correo electr\u00f3nico (e-mail) y su n\u00famero PIN (n\u00famero de identificaci\u00f3n personal). Al no existir la posibilidad dos cuentas con el mismo e-mail y PIN, el usuario ser\u00e1 responsable por todas las operaciones efectuadas en su cuenta, pues el acceso a la misma est\u00e1 restringido al ingreso y uso de su e-mail y PIN, de conocimiento exclusivo del usuario. El usuario se compromete a notificar a el Sitio en forma inmediata y por medio id\u00f3neo y fehaciente, cualquier uso no autorizado de su cuenta, as\u00ed como el ingreso por terceros no autorizados a la misma. Se aclara que est\u00e1 prohibida la venta, cesi\u00f3n o transferencia de la cuenta bajo ning\u00fan t\u00edtulo.[\/toggle]<\/p>\n<p>[toggle title=\u00bbResponsabilidad\u00bb state=\u00bbclose\u00bb ]El Sitio s\u00f3lo pone a disposici\u00f3n de los usuarios un espacio virtual que les permite publicar informaci\u00f3n y servicios y adem\u00e1s, ponerse en comunicaci\u00f3n mediante Internet para encontrar una forma de el interesado consuma lo publicado. El Sitio no es responsable de los servicios prestados ni propietario de los art\u00edculos ofrecidos a la venta. El Sitio no interviene en el perfeccionamiento de las operaciones realizadas ni en las condiciones estipuladas para las mismas, por ello no ser\u00e1 responsable respecto de la existencia, calidad, cantidad, estado, integridad o legitimidad de los bienes o servicios ofrecidos, adquiridos o enajenados por los usuarios, as\u00ed como de la capacidad para contratar de los usuarios o de la veracidad de los Datos Personales por ellos ingresados. Cada usuario conoce y acepta ser el exclusivo responsable por los art\u00edculos y\/o servicios que publica. Debido a que el Sitio no tiene ninguna participaci\u00f3n durante todo el tiempo en que el art\u00edculo y\/o servicio se publica para la venta y\/o consumo, ni en la posterior negociaci\u00f3n y perfeccionamiento del contrato definitivo entre las partes, no ser\u00e1 responsable por el efectivo cumplimiento de las obligaciones asumidas por las partes en el perfeccionamiento de la operaci\u00f3n. El usuario conoce y acepta que al realizar operaciones con otros usuarios o terceros lo hace bajo su propio riesgo. En ning\u00fan caso el SItio ser\u00e1 responsable por lucro cesante, o por cualquier otro da\u00f1o y\/o perjuicio que haya podido sufrir el usuario. En caso que uno o m\u00e1s usuarios o alg\u00fan tercero inicie cualquier tipo de reclamo o acciones legales contra otro u otros usuarios, todos y cada uno de los usuarios involucrados en dichos reclamos o acciones eximen de toda responsabilidad al Sitio y a sus directores, gerentes, empleados, agentes, operarios, representantes y apoderados.[\/toggle]<\/p>\n<p>[toggle title=\u00bbDatos Personales\u00bb state=\u00bbclose\u00bb ]La informaci\u00f3n suya, en su car\u00e1cter de usuario personal o bien como administrador de un establecimiento, entendi\u00e9ndose por tal todos los datos que haya incluido en el formulario de registro (su nombre, su direcci\u00f3n, sus preferencias de acceso a servicios, su direcci\u00f3n de e-mail, etc. (en adelante la \u00abInformaci\u00f3n Personal\u00bb) no podr\u00e1 ser recopilada por nosotros sin haber recibido previamente su consentimiento. En nuestros Sitios, le podr\u00e1 ser requerida Informaci\u00f3n Personal a los fines de facilitar a Ud. el uso de, o su participaci\u00f3n en, nuestros servicios, encuestas, promociones, suscripciones, env\u00edos e inclusiones de contenido en nuestros boletines, registraciones de suscripci\u00f3n, cuentas de acceso, solicitudes efectuadas por Ud. respecto de productos ofrecidos en forma gratuita y\/o en relaci\u00f3n a cualesquiera otras actividades, servicios o recursos que podamos suministrar en cualquiera de los Sitios relacionados a nuestro Sitio. En todos estos casos, s\u00f3lo podremos recopilar y almacenar su Informaci\u00f3n Personal en caso que usted nos la suministre voluntariamente. En caso que Ud. nos provea su Informaci\u00f3n Personal, mediante el formulario de registro, Ud. acepta que dicha Informaci\u00f3n Personal podr\u00e1 ser utilizada para realizar las actividades mencionadas en el p\u00e1rrafo precedente. Asimismo, en el caso en que Ud. se diera a conocer a nosotros envi\u00e1ndonos un e-mail, nosotros podremos solicitar, o utilizar de estar disponible, su Informaci\u00f3n Personal, a los fines de responder a su e-mail, y en su caso a lo solicitado en el mismo, en forma m\u00e1s detallada. Finalmente, Ud. acepta que tambi\u00e9n podremos archivar su Informaci\u00f3n Personal y\/o cualquier otro dato para referencias futuras, o bien descartar esa informaci\u00f3n en forma parcial o total luego de haberla utilizado. Una vez que Ud. nos env\u00ede su Informaci\u00f3n Personal, Ud. consiente expresamente a que tambi\u00e9n podamos utilizar Informaci\u00f3n Personal para marketing interno y externo, as\u00ed como para fines promocionales.[\/toggle]<\/p>\n<p>[toggle title=\u00bbIncapacidad de Ser Usuario\u00bb state=\u00bbclose\u00bb ]Debido a que los menores de edad pueden no alcanzar a comprender debidamente todas las estipulaciones de nuestra Pol\u00edtica y sus implicancias, ni decidir v\u00e1lidamente sobre las opciones disponibles para nuestros usuarios adultos, instamos a todos los padres o representantes o adultos bajo cuya supervisi\u00f3n los menores accedan al Sitio a participar activa y cuidadosamente en las actividades que el menor realice en Internet, a los servicios on-line que utilicen dichos menores, a la informaci\u00f3n a la que estos accedan, ya sea cuando dichos menores visiten el Sitio o cualquier otro sitio de terceros, y a ense\u00f1arles c\u00f3mo proteger su propia Informaci\u00f3n Personal mientras est\u00e9n on-line. El Sitio ha adoptado las siguientes medidas especiales para proteger la privacidad de sus usuarios menores de 18 a\u00f1os: 1. Los menores de 18 a\u00f1os no deber\u00e1n remitir al Sitio ning\u00fan tipo de Informaci\u00f3n Personal, para ello, en el formulario de registro, se ha establecido como dato obligatorio de completar, la fecha de nacimiento del usuario, el cual servir\u00e1 como filtro, calculando y validando la edad del solicitante. 2. Si un usuario ha mentido acerca de su edad y fuera registrado, de forma debida, seg\u00fan se indica en el punto anterior, el Sitio no ser\u00e1 responsable por da\u00f1os o lesiones que pueda sufrir a causa del contacto virtual con otros usuarios. Autom\u00e1ticamente, se deriba dicha responsabilidad a los padres, representantes o tutores del afectado. Adem\u00e1s, perder\u00e1 el goce a todos los servicios que pueda obtener en concepto de promociones y\/o premios. Tambi\u00e9n no podr\u00e1n ser usuarios, todas aquellas personas incapaz de contratar servicios o que hayan sido usuarios del Sitio y, por diferentes causas y, actualmente, suspendidos.[\/toggle]<\/p>\n<p>[toggle title=\u00bbV\u00ednculos con Otros Sitios\u00bb state=\u00bbclose\u00bb ]Ud. podr\u00e1 encontrar en el Sitio diversos tipos de publicidad u otros contenidos que se vinculan con sitios y\/o servicios de nuestros socios, proveedores, anunciantes, patrocinadores, licenciantes y dem\u00e1s terceros. En muchos casos, los v\u00ednculos representan proyectos cooperativos o son v\u00ednculos mutuos establecidos con personas o entidades conectadas con nuestros sitios. A pesar de que inicialmente hemos visitado los sitios y servicios que as\u00ed vinculados, nos ser\u00eda imposible controlar los contenidos o v\u00ednculos que aparecen en esos sitios, en cuanto dichos sitios o servicios, incluyendo sus v\u00ednculos y contenidos, pueden estar en cambio permanente, y pueden tener su propia pol\u00edtica de privacidad, o no tener ninguna. Aconsejamos a Ud. a revisar la pol\u00edtica de privacidad de cualquier sitio de terceros o servicios antes de suministrarles cualquier tipo de informaci\u00f3n suya, y especialmente, su Informaci\u00f3n Personal.[\/toggle]<\/p>\n<p>[toggle title=\u00bbPol\u00edtica de Privacidad\u00bb state=\u00bbclose\u00bb ]Esta Pol\u00edtica de Privacidad est\u00e1 destinada a informar a Ud., en cuanto visitante y\/o usuario de nuestro sitio, sobre la manera en que tratamos su Informaci\u00f3n Personal (tal como \u00e9sta se define m\u00e1s adelante), y sobre las diversas alternativas que Ud. posee con respecto al uso de su Informaci\u00f3n Personal. Peri\u00f3dicamente, podremos modificar la presente pol\u00edtica a efectos de incluir el tratamiento de nuevos temas y a efectos de reflejar cambios en nuestro Sitio, las tecnolog\u00edas empleadas por nosotros que puedan incidir en el atamiento de su informaci\u00f3n y su publicaci\u00f3n, o sobre nuestra actitud respecto del uso de la informaci\u00f3n recopilada. Oportunamente, podremos agregar a la presente pol\u00edtica dichos cambios a medida que estos ocurran, de tal manera que Ud. pueda acceder en todo momento a conocer acerca de la informaci\u00f3n que recopilamos, el uso de dicha informaci\u00f3n y las eventuales posibilidades de revelarla o cederla a terceros, en su caso. Si Ud. tuviese alguna pregunta o requerimientos que formular con respecto a nuestra Pol\u00edtica de Privacidad, por favor no dude en escribirnos a: info@comunidad-nikkei.com.ar desde su aplicaci\u00f3n de correo o, directamente desde nuestra opci\u00f3n de contacto. A P L I C A C I O N E S A L A P O L \u00cd T I C A D E P R I V A C I D A D : Esta pol\u00edtica resulta de aplicaci\u00f3n a todos los sitios y servicios que sean de propiedad y\/o que sean operados por el Sitio y a cualquier otro sitio que podamos poseer u operar en este momento o en el futuro (en conjunto, los \u00abSitios de nuestro Sitio\u00bb o \u00abnuestros Sitios\u00bb). Esta pol\u00edtica no ser\u00e1 de aplicaci\u00f3n en caso que Ud. acceda a sitios distintos de nuestro Sitio, incluso cuando dichos sitios est\u00e9n vinculados al nuestro por medio de links, o cualquier otro tipo de v\u00ednculo, telem\u00e1tico o no.[\/toggle]<\/p>\n<p>[toggle title=\u00bbAceptar todos los T\u00e9rminos y Condiciones de Uso\u00bb state=\u00bbclose\u00bb ]Al utilizar alg\u00fan servicio o beneficio del Sitio, Ud. est\u00e1 manifestando su aceptaci\u00f3n de nuestra Pol\u00edtica de Privacidad. Si Ud. no comparte esta pol\u00edtica, por favor no utilice nuestros sitios. En el caso en que se realicen cambios sobre \u00e9sta Pol\u00edtica, si Ud. continua haciendo uso del Sitio luego de la implementaci\u00f3n de cualquier cambio en la presente pol\u00edtica, se entender\u00e1 que Ud. ha aceptado esos cambios.[\/toggle]<\/p>\n<p>[toggle title=\u00bbProblemas en el Sitio Web Alternativa Nikkei\u00bb state=\u00bbclose\u00bb ]El Sitio no se responsabiliza por cualquier da\u00f1o, perjuicio o p\u00e9rdida al usuario causados por fallas en el sistema, en el servidor o en Internet. El Sitio tampoco ser\u00e1 responsable por cualquier virus que pudiera infectar el equipo del usuario como consecuencia del acceso, uso o examen de su sitio web o a ra\u00edz de cualquier transferencia de datos, archivos, im\u00e1genes, textos, o audio contenidos en el mismo. Los usuarios NO podr\u00e1n imputarle responsabilidad alguna ni exigir pago por lucro cesante, en virtud de perjuicios resultantes de dificultades t\u00e9cnicas o fallas en los sistemas o en Internet. El Sitio no garantiza el acceso y uso continuado o ininterrumpido de su sitio. El sistema puede eventualmente no estar disponible debido a dificultades t\u00e9cnicas o fallas de Internet, o por cualquier otra circunstancia ajena a el Sitio; en tales casos se procurar\u00e1 restablecerlo con la mayor celeridad posible sin que por ello pueda imput\u00e1rsele alg\u00fan tipo de responsabilidad. El Sitio no ser\u00e1 responsable por ning\u00fan error u omisi\u00f3n contenidos en su sitio web.[\/toggle]<\/p>\n<p>[toggle title=\u00bbEncriptaci\u00f3n de Datos\u00bb state=\u00bbclose\u00bb ]Proteger su privacidad una de nuestras metas m\u00e1s ansiadas. Hemos tomado todas las medidas a nuestro alcance tecnol\u00f3gico y econ\u00f3mico a fin de asegurar tanto su privacidad como nuestros establecimientos. Con el \u00fanico l\u00edmite de los recursos tecnol\u00f3gicos de los que disponemos, nos tomamos mucho cuidado en transmitir de la manera m\u00e1s segura posible para nosotros la informaci\u00f3n desde su computadora hacia nuestros servers. Excepto aquella informaci\u00f3n que Ud. nos env\u00ede por medio de e-mail, nuestro server encripta la informaci\u00f3n, asegur\u00e1ndose de que todas las transacciones realizadas a trav\u00e9s de Internet permanezcan en la esfera privada y entre las partes que la concertan. Sin embargo, debido a las restricciones existentes en los permisos legales de uso de tecnolog\u00eda aplicables al pa\u00eds en el que se instala nuestro server, la tecnolog\u00eda utilizada para proteger su informaci\u00f3n podr\u00eda eventualmente verse superada por personas muy h\u00e1biles en las pr\u00e1cticas de vulnerar claves de seguridad y t\u00e9cnicas de encriptaci\u00f3n.[\/toggle]<\/p>\n<p>[toggle title=\u00bbBolet\u00edn Institucional \u00f3 Newsletter\u00bb state=\u00bbclose\u00bb ]A efectos de brindarle un mejor servicio y de ofrecerle m\u00e1s informaci\u00f3n acerca de nuestra comunidad, en el futuro le podr\u00e1n ser enviados por parte nuestra, mensajes destinados a confirmar su inscripci\u00f3n y\/o avisos que otros usuarios nos solicite enviar (por ejemplo, solicitar dadores de sangre, solicitar el contacto de alg\u00fan familiar, informar acerca de eventos solidarios, etc.), y\/o bien para notificarlo respecto a los cambios de los t\u00e9rminos y condiciones del Sitio o de esta Pol\u00edtica de Privacidad. Ocasionalmente, incluso, podr\u00edan serle enviados por parte nuestra e-mails a efectos de presentar un producto o servicio que consideramos podr\u00eda ser de inter\u00e9s para los usuarios de nuestros Sitios. En cumplimiento de nuestras obligaciones legales, su Informaci\u00f3n Personal y\/o cualquier otro tipo de informaci\u00f3n espec\u00edfica sobre Ud. a la que podamos acceder, en forma intencional o casual, y\/o sobre su cuenta, podr\u00e1 ser revelada a terceros a efectos de cumplir con procedimientos legales tal como una orden de allanamiento, una citaci\u00f3n judicial, una orden judicial, o bien a requerimientos de autoridades administrativas que puedan ser considerados v\u00e1lidos bajo las leyes aplicables. Asimismo, para nuestra protecci\u00f3n, la suya y las de otros usuarios del Sitio, tambi\u00e9n podr\u00e1 ser revelada su Informaci\u00f3n Personal en aquellos casos que impliquen la existencia de un intento de ruptura de la seguridad del Sitio, o de peligro f\u00edsico o amenaza en contra suyo, nuestro o de terceros. Finalmente, le rogamos que tome en cuenta que en aquellos casos en que Ud. suministra o difunde su Informaci\u00f3n Personal, o cualquier otra informaci\u00f3n referente a su persona, en comunicaciones on-line, como por ejemplo a trav\u00e9s de las Casilla de Mensajes , dicha informaci\u00f3n eventualmente podr\u00e1 ser recopilada y utilizada por terceros, con o sin su consentimiento. Aunque pongamos nuestros mayores esfuerzos en proteger su privacidad, no podemos garantizar la seguridad de la informaci\u00f3n que Ud. difunda o suministre a trav\u00e9s de dichas formas de comunicaciones on-line, y por lo mismo, Ud. revela esa informaci\u00f3n bajo su responsabilidad. R E S T R I C C I O N E S : Solamente podr\u00e1n solicitar el env\u00edo de mensajes a los usuarios del Sitio, aquellos debidamente registrados y en actividad. El Sitio se reserva el derecho a excluir una solicitud de env\u00edo, p.ej. cuando el mensaje sea: &#8211; con un prop\u00f3sito econ\u00f3mico &#8211; cuando el contenido sea dudoso o poco expl\u00edcito &#8211; cuando el contenido haga referencia o insin\u00faa actos de violencia, sexo u otro prohibido por ley &#8211; cuando el perfil del emisor sea dudoso o incompleto &#8211; m\u00e1s de un (1) mismo mensaje por fecha Y en todos aquellos casos en donde se considera que perjudica o afecta la integridad del Sitio o de otras personas. C O N O C E R A L R E M I T E N T E : El remitente, al hacer uso de cualquiera de los servicios de env\u00edo masivo de mensajes del Sitio, se entender\u00e1 que entiende y acepta que sus datos de identificaci\u00f3n y contacto (tofo, nombre, direcci\u00f3n, tel\u00e9fono y e-mail) sea de conocimiento para quien recibe su mensaje, sin tener en cuenta la configuraci\u00f3n de privacidad establecida en su perfil. R E S P O N S A B I L I D A D A L E N V I A R : El remitente es el \u00fanico responsable por los da\u00f1os y perjuicios que podr\u00eda ocasionar un mensaje masivo. Para evitar tales efectos negativos hacia la comunidad o bien, hacia una persona o un grupo espec\u00edfico de personas, antes de cada env\u00edo, el Sitio ha de analizar, de forma superficial, el contenido del mismo. Para una mayor claridad, transparencia y conocimiento de los mensajes masivos que el usuario del Sitio solicita enviar, los datos de identificaci\u00f3n y contacto del remitente (tofo, nombre, direcci\u00f3n, tel\u00e9fono y e-mail), siempre van a ser acompa\u00f1ados, en la parte inferior del cuerpo del mensaje.[\/toggle]<\/p>\n","protected":false},"excerpt":{"rendered":"<p>[toggle title=\u00bbPrivacidad\u00bb state=\u00bbclose\u00bb ]Esta Pol\u00edtica de Privacidad est\u00e1 destinada a informar a Ud., en cuanto visitante y\/o usuario de nuestro sitio, sobre la manera en que tratamos su Informaci\u00f3n Personal (tal como \u00e9sta se define m\u00e1s adelante), y sobre las diversas alternativas que Ud. posee con respecto al uso de su Informaci\u00f3n Personal. Peri\u00f3dicamente, podremos [&hellip;]<\/p>\n","protected":false},"author":1,"featured_media":0,"parent":0,"menu_order":0,"comment_status":"closed","ping_status":"open","template":"","meta":{"footnotes":""},"class_list":["post-363","page","type-page","status-publish","hentry"],"_links":{"self":[{"href":"https:\/\/alternativanikkei.com\/2026\/wp-json\/wp\/v2\/pages\/363","targetHints":{"allow":["GET"]}}],"collection":[{"href":"https:\/\/alternativanikkei.com\/2026\/wp-json\/wp\/v2\/pages"}],"about":[{"href":"https:\/\/alternativanikkei.com\/2026\/wp-json\/wp\/v2\/types\/page"}],"author":[{"embeddable":true,"href":"https:\/\/alternativanikkei.com\/2026\/wp-json\/wp\/v2\/users\/1"}],"replies":[{"embeddable":true,"href":"https:\/\/alternativanikkei.com\/2026\/wp-json\/wp\/v2\/comments?post=363"}],"version-history":[{"count":8,"href":"https:\/\/alternativanikkei.com\/2026\/wp-json\/wp\/v2\/pages\/363\/revisions"}],"predecessor-version":[{"id":617,"href":"https:\/\/alternativanikkei.com\/2026\/wp-json\/wp\/v2\/pages\/363\/revisions\/617"}],"wp:attachment":[{"href":"https:\/\/alternativanikkei.com\/2026\/wp-json\/wp\/v2\/media?parent=363"}],"curies":[{"name":"wp","href":"https:\/\/api.w.org\/{rel}","templated":true}]}}