{"id":594,"date":"2014-10-21T17:54:28","date_gmt":"2014-10-21T17:54:28","guid":{"rendered":"http:\/\/www.alternativanikkei.com\/?page_id=594"},"modified":"2018-04-09T22:32:00","modified_gmt":"2018-04-10T01:32:00","slug":"staff","status":"publish","type":"page","link":"https:\/\/alternativanikkei.com\/2026\/staff\/","title":{"rendered":"Staff"},"content":{"rendered":"<p>[toggle title=\u00bbAna Serei &#8211; Directora General\u00bb state=\u00bbclose\u00bb ]<\/p>\n<p>Directora fundadora de Alternativa Nikkei, desde mayo del 2002 hasta la actualidad. www.alternativanikkei.com<\/p>\n<p>Titular de Hanami &amp;Co., Organizaci\u00f3n Integral de Eventos, desde abril del 1998, con especialidad en tem\u00e1tica japonesa, ofrece servicio de asesoramiento, catering y local propio con capacidad hasta 50 personas.<br \/>\nwww.hanamieventos.com.ar<\/p>\n<p>Titular de Japaneses Cookies, un emprendimiento familiar, de elaboraci\u00f3n de masitas dulces japonesas y complementado con la carrera de Chef Profesional de Pasteler\u00eda (IGA).<br \/>\nSocio fundador del Club de Negocio Argentino Japon\u00e9s 2009 hasta la actualidad.<br \/>\nwww.cnaj.com.ar<\/p>\n<p>Siempre me ha gustado relacionarme con diferentes personas, aprender de ellas y dejarme ense\u00f1ar de las experiencias. Tratando de equilibrar la vida familiar, profesional y emprender nuevos proyectos. He tenido la dicha de conocer personas id\u00f3neas para cada proyecto y el trabajo en equipo es lo que m\u00e1s valoro para un crecimiento mutuo. Aprender de los desaciertos y redoblar la apuesta a mejorar cada d\u00eda, con una cuota de voluntad y perseverancia. A los lectores, usuarios, anunciantes y colaboradores de Alternativa Nikkei, les quiero agradecer profundamente por acompa\u00f1arnos durante todo el camino recorrido y junto al equipo actual, estamos trabajando para seguir brind\u00e1ndoles todo lo mejor de nosotros.<br \/>\n<a href=\"mailto:aserei@alternativanikkei.com\" target=\"_blank\">aserei@alternativanikkei.com<\/a>\u00a0[\/toggle]<\/p>\n<p>[toggle title=\u00bbRoberto Higa \u2013 Director Ejecutivo\u00bb state=\u00bbclose\u00bb ]<\/p>\n<p>Licenciado en Sistemas de Informaci\u00f3n ITBA<\/p>\n<p>Asesor tecnol\u00f3gico en diferentes empresas en las Industrias bancaria, automotriz, alimentaria, minera, papelera, tecnolog\u00eda y educaci\u00f3n.<br \/>\nSe sum\u00f3 al proyecto de Mejora de Alternativa Nikkei en Julio del 2016.<\/p>\n<p>En el a\u00f1o 2017, fund\u00f3 Okaeri SAS junto con Ana Mar\u00eda Serei y Victoria Nakazato para potenciar el proyecto de Alternativa Nikkei.<\/p>\n<p><a href=\"https:\/\/www.linkedin.com\/in\/robertohiga\" target=\"_blank\">Roberto Higa en Linkedin<\/a><\/p>\n<p><a href=\"mailto:rhiga@alternativanikkei.com\" target=\"_blank\">rhiga@alternativanikkei.com<\/a>\u00a0[\/toggle]<\/p>\n<p>[toggle title=\u00bbVictoria Nakazato &#8211; Dise\u00f1o Gr\u00e1fico\u00bb state=\u00bbclose\u00bb ]<\/p>\n<p>Dise\u00f1adora Gr\u00e1fica UBA<\/p>\n<p>Es la dise\u00f1adora gr\u00e1fica de Alternativa Nikkei desde sus comienzos en el a\u00f1o 2002, cuando idearon junto a Ana Serei y al peque\u00f1o grupo inicial, esta nueva \u00abalternativa\u00bb nikkei abierta a toda la comunidad argentina para dar a conocer un poco m\u00e1s de la cultura de nuestros or\u00edgenes. Se desempe\u00f1\u00f3 como dise\u00f1adora inicialmente en la imprenta Artes Gr\u00e1ficas Reywal, Estudio Gr\u00e1fico Brands y en TEO SA, f\u00e1brica de indumentaria para bebes y ni\u00f1os, conformando un grupo de trabajo junto a dise\u00f1adoras de indumentaria. All\u00ed desarroll\u00f3 estampas, bordados y avisos de licencias como Snoopy, Barbie, Hot Wheels, Disney, etc. para producciones a grandes superficies (C&amp;A, Falabella, Carrefour, Jumbo, Walmart, etc.). Fue encargada de la imagen de la marca propia: Oh lal\u00e1. Actualmente realiza trabajos free lance -imagen corporativa, folletos, packagings, artes publicitarias, restylings, peri\u00f3dicos, cat\u00e1logos, afiches, revistas, papeler\u00edas, otros- dentro de los cuales, varios clientes tienen relaci\u00f3n directa con la colectividad japonesa tales como: Hanami, Alternativa Nikkei, Mirai Today, Centro Cultural de la Embajada Japonesa, Toshin Group, Japan Lips, Nippon Perfumer\u00edas, Kaizen, Anan SRL, etc. Ha realizado trabajos para productoras (PPT, Rebolucion, Palermo Film, Landia, otras) dise\u00f1ando piezas gr\u00e1ficas -con o sin relaci\u00f3n con la cultura japonesa- para filmaciones publicitarias como: Toyota, Mc Donald\u00b4s, Coffee Matte, Head &amp; Shouders, Banco Hipotecario, Movistar, etc.<\/p>\n<p><a href=\"mailto:vnakazato@alternativanikkei.com\" target=\"_blank\">vnakazato@alternativanikkei.com<\/a>[\/toggle]<\/p>\n<p>[toggle title=\u00bbLic. Mar\u00eda Laura Martelli Giachino &#8211; Editora\u00bb state=\u00bbclose\u00bb ]<\/p>\n<p>Mar\u00eda Laura Martelli Giachino es Licenciada en Periodismo (Universidad del Salvador &#8211; 2015). Graduada con su tesis \u00abLa cat\u00e1strofe de Tohoku. Un an\u00e1lisis de la reconstrucci\u00f3n medi\u00e1tica de la imagen de Jap\u00f3n frente al tsunami\u00bb. Viaj\u00f3 a Jap\u00f3n para entrevistar a habitantes de una de las ciudades afectadas por la cat\u00e1strofe, en Rikuzentakata, Prefectura de Iwate. Sigue sus estudios de japon\u00e9s e ingl\u00e9s. Actualmente trabaja como columnista en el programa radial \u00abJap\u00f3n Hoy\u00bb, en Radio Palermo FM 93.9 y como Editora en Alternativa Nikkei desde marzo de 2016. Tambi\u00e9n es docente en el Instituto Privado Argentino Japon\u00e9s Nichia Gakuin para el seminario de \u00abCultura Japonesa\u00bb. Tiene conocimientos de Dibujo, Ilustraci\u00f3n y Edici\u00f3n digital.<\/p>\n<p><a href=\"mailto:maria.martelli@alternativanikkei.com\" target=\"_blank\">maria.martelli@alternativanikkei.com<\/a>[\/toggle]<\/p>\n<p><a href=\"http:\/\/www.alternativanikkei.com\/staff\/autores\/\">Ver Autores<\/a><\/p>\n","protected":false},"excerpt":{"rendered":"<p>[toggle title=\u00bbAna Serei &#8211; Directora General\u00bb state=\u00bbclose\u00bb ] Directora fundadora de Alternativa Nikkei, desde mayo del 2002 hasta la actualidad. www.alternativanikkei.com Titular de Hanami &amp;Co., Organizaci\u00f3n Integral de Eventos, desde abril del 1998, con especialidad en tem\u00e1tica japonesa, ofrece servicio de asesoramiento, catering y local propio con capacidad hasta 50 personas. www.hanamieventos.com.ar Titular de Japaneses [&hellip;]<\/p>\n","protected":false},"author":1,"featured_media":0,"parent":0,"menu_order":0,"comment_status":"closed","ping_status":"open","template":"","meta":{"footnotes":""},"class_list":["post-594","page","type-page","status-publish","hentry"],"_links":{"self":[{"href":"https:\/\/alternativanikkei.com\/2026\/wp-json\/wp\/v2\/pages\/594","targetHints":{"allow":["GET"]}}],"collection":[{"href":"https:\/\/alternativanikkei.com\/2026\/wp-json\/wp\/v2\/pages"}],"about":[{"href":"https:\/\/alternativanikkei.com\/2026\/wp-json\/wp\/v2\/types\/page"}],"author":[{"embeddable":true,"href":"https:\/\/alternativanikkei.com\/2026\/wp-json\/wp\/v2\/users\/1"}],"replies":[{"embeddable":true,"href":"https:\/\/alternativanikkei.com\/2026\/wp-json\/wp\/v2\/comments?post=594"}],"version-history":[{"count":21,"href":"https:\/\/alternativanikkei.com\/2026\/wp-json\/wp\/v2\/pages\/594\/revisions"}],"predecessor-version":[{"id":12425,"href":"https:\/\/alternativanikkei.com\/2026\/wp-json\/wp\/v2\/pages\/594\/revisions\/12425"}],"wp:attachment":[{"href":"https:\/\/alternativanikkei.com\/2026\/wp-json\/wp\/v2\/media?parent=594"}],"curies":[{"name":"wp","href":"https:\/\/api.w.org\/{rel}","templated":true}]}}