{"id":659,"date":"2014-10-23T14:30:22","date_gmt":"2014-10-23T14:30:22","guid":{"rendered":"http:\/\/www.alternativanikkei.com\/?page_id=659"},"modified":"2014-10-23T14:30:22","modified_gmt":"2014-10-23T14:30:22","slug":"como-comprar","status":"publish","type":"page","link":"https:\/\/alternativanikkei.com\/2026\/como-comprar\/","title":{"rendered":"\u00bfC\u00f3mo Comprar?"},"content":{"rendered":"<p><strong>Comprar en Alternativa Nikkei es sumamente simple, tan solo debes:<\/strong><\/p>\n<p>1. Selecciona los productos que desee \u00f3 local\u00edcelo desde el buscador y luego presione el bot\u00f3n \u00abA\u00f1adir al carrito\u00bb.<\/p>\n<p>2. Cada vez que elijas un producto, el Sitio te mostrar\u00e1 un resumen en la columna derecha (Carrito) con todos los productos que hasta el momento has elegido comprar, para que sepas lo gastar\u00e1s en la compra.<\/p>\n<p>3. Una vez que hayas elegido todos los productos, debes presionar el bot\u00f3n \u00abFinalizar Compra\u00bb. Esto har\u00e1 que te lleve a un formulario en donde deber\u00e1s colocar tus datos, para poder contactarte y as\u00ed convenir la forma de pago y la entrega de los productos.<\/p>\n","protected":false},"excerpt":{"rendered":"<p>Comprar en Alternativa Nikkei es sumamente simple, tan solo debes: 1. Selecciona los productos que desee \u00f3 local\u00edcelo desde el buscador y luego presione el bot\u00f3n \u00abA\u00f1adir al carrito\u00bb. 2. Cada vez que elijas un producto, el Sitio te mostrar\u00e1 un resumen en la columna derecha (Carrito) con todos los productos que hasta el momento [&hellip;]<\/p>\n","protected":false},"author":1,"featured_media":0,"parent":0,"menu_order":0,"comment_status":"closed","ping_status":"open","template":"","meta":{"footnotes":""},"class_list":["post-659","page","type-page","status-publish","hentry"],"_links":{"self":[{"href":"https:\/\/alternativanikkei.com\/2026\/wp-json\/wp\/v2\/pages\/659","targetHints":{"allow":["GET"]}}],"collection":[{"href":"https:\/\/alternativanikkei.com\/2026\/wp-json\/wp\/v2\/pages"}],"about":[{"href":"https:\/\/alternativanikkei.com\/2026\/wp-json\/wp\/v2\/types\/page"}],"author":[{"embeddable":true,"href":"https:\/\/alternativanikkei.com\/2026\/wp-json\/wp\/v2\/users\/1"}],"replies":[{"embeddable":true,"href":"https:\/\/alternativanikkei.com\/2026\/wp-json\/wp\/v2\/comments?post=659"}],"version-history":[{"count":1,"href":"https:\/\/alternativanikkei.com\/2026\/wp-json\/wp\/v2\/pages\/659\/revisions"}],"predecessor-version":[{"id":660,"href":"https:\/\/alternativanikkei.com\/2026\/wp-json\/wp\/v2\/pages\/659\/revisions\/660"}],"wp:attachment":[{"href":"https:\/\/alternativanikkei.com\/2026\/wp-json\/wp\/v2\/media?parent=659"}],"curies":[{"name":"wp","href":"https:\/\/api.w.org\/{rel}","templated":true}]}}