{"id":10107,"date":"2024-03-08T16:26:25","date_gmt":"2024-03-08T19:26:25","guid":{"rendered":"https:\/\/alternativanikkei.com\/?post_type=product&#038;p=10107"},"modified":"2024-05-08T16:09:50","modified_gmt":"2024-05-08T19:09:50","slug":"la-senda-secreta","status":"publish","type":"product","link":"https:\/\/alternativanikkei.com\/2026\/producto\/la-senda-secreta\/","title":{"rendered":"La senda secreta"},"content":{"rendered":"<div class=\"\" data-block=\"true\" data-editor=\"1iaag\" data-offset-key=\"8meul-0-0\">\n<div class=\"_1mf _1mj\" data-offset-key=\"8meul-0-0\"><span data-offset-key=\"8meul-0-0\">Una novela de aventuras de corte cl\u00e1sico, ambientada en el Jap\u00f3n de Edo, que recupera la figura del c\u00e9lebre poeta Matsuo Basho y trata de desvelar la leyenda que asegura que Basho era en realidad un letal ninja al servicio del shogun.<\/span><\/div>\n<\/div>\n<div class=\"\" data-block=\"true\" data-editor=\"1iaag\" data-offset-key=\"b56u4-0-0\">\n<div class=\"_1mf _1mj\" data-offset-key=\"b56u4-0-0\"><span data-offset-key=\"b56u4-0-0\">\u2800<\/span><\/div>\n<\/div>\n<div class=\"\" data-block=\"true\" data-editor=\"1iaag\" data-offset-key=\"474n1-0-0\">\n<div data-offset-key=\"474n1-0-0\">\n<table class=\"woocommerce-product-attributes shop_attributes\">\n<tbody>\n<tr class=\"woocommerce-product-attributes-item woocommerce-product-attributes-item--attribute_pa_autor\">\n<th class=\"woocommerce-product-attributes-item__label\">Autor<\/th>\n<td class=\"woocommerce-product-attributes-item__value\">Pablo Tob\u00edas<\/td>\n<\/tr>\n<tr class=\"woocommerce-product-attributes-item woocommerce-product-attributes-item--attribute_pa_genero\">\n<th class=\"woocommerce-product-attributes-item__label\">G\u00e9nero<\/th>\n<td class=\"woocommerce-product-attributes-item__value\">Aventuras hist\u00f3ricas, Hist\u00f3rica y aventuras<\/td>\n<\/tr>\n<\/tbody>\n<\/table>\n<\/div>\n<\/div>\n<div class=\"\" data-block=\"true\" data-editor=\"1iaag\" data-offset-key=\"bof3q-0-0\">\n<div class=\"_1mf _1mj\" data-offset-key=\"bof3q-0-0\"><span data-offset-key=\"bof3q-0-0\">\u2800<\/span><\/div>\n<\/div>\n<div class=\"\" data-block=\"true\" data-editor=\"1iaag\" data-offset-key=\"7fhhh-0-0\">\n<div class=\"_1mf _1mj\" data-offset-key=\"7fhhh-0-0\"><span data-offset-key=\"7fhhh-0-0\">\ud835\udc48\ud835\udc5b \ud835\udc5b\ud835\udc56\ud835\udc5b\ud835\udc57\ud835\udc4e \ud835\udc4e\ud835\udc61\ud835\udc5c\ud835\udc5f\ud835\udc5a\ud835\udc52\ud835\udc5b\ud835\udc61\ud835\udc4e\ud835\udc51\ud835\udc5c.<\/span><\/div>\n<\/div>\n<div class=\"\" data-block=\"true\" data-editor=\"1iaag\" data-offset-key=\"eqee0-0-0\">\n<div class=\"_1mf _1mj\" data-offset-key=\"eqee0-0-0\"><span data-offset-key=\"eqee0-0-0\">\ud835\udc48\ud835\udc5b\ud835\udc4e \ud835\udc50\ud835\udc5c\ud835\udc5b\ud835\udc60\ud835\udc5d\ud835\udc56\ud835\udc5f\ud835\udc4e\ud835\udc50\ud835\udc56\ud835\udc5c\u0301\ud835\udc5b \ud835\udc5c\ud835\udc50\ud835\udc62\ud835\udc59\ud835\udc61\ud835\udc4e.<\/span><\/div>\n<\/div>\n<div class=\"\" data-block=\"true\" data-editor=\"1iaag\" data-offset-key=\"4vlbp-0-0\">\n<div class=\"_1mf _1mj\" data-offset-key=\"4vlbp-0-0\"><span data-offset-key=\"4vlbp-0-0\">\ud835\udc48\ud835\udc5b\ud835\udc4e \ud835\udc5a\ud835\udc56\ud835\udc60\ud835\udc56\ud835\udc5c\u0301\ud835\udc5b \ud835\udc4e\ud835\udc5f\ud835\udc5f\ud835\udc56\ud835\udc52\ud835\udc60\ud835\udc54\ud835\udc4e\ud835\udc51\ud835\udc4e.<\/span><\/div>\n<\/div>\n<div class=\"\" data-block=\"true\" data-editor=\"1iaag\" data-offset-key=\"fibcc-0-0\">\n<div class=\"_1mf _1mj\" data-offset-key=\"fibcc-0-0\"><span data-offset-key=\"fibcc-0-0\">\ud835\udc48\ud835\udc5b\ud835\udc4e \ud835\udc5c\ud835\udc4f\ud835\udc5f\ud835\udc4e \ud835\udc56\ud835\udc5b\ud835\udc5a\ud835\udc5c\ud835\udc5f\ud835\udc61\ud835\udc4e\ud835\udc59.<\/span><\/div>\n<\/div>\n<div class=\"\" data-block=\"true\" data-editor=\"1iaag\" data-offset-key=\"d9d99-0-0\">\n<div class=\"_1mf _1mj\" data-offset-key=\"d9d99-0-0\"><span data-offset-key=\"d9d99-0-0\">\u00a0<\/span><\/div>\n<\/div>\n<div class=\"\" data-block=\"true\" data-editor=\"1iaag\" data-offset-key=\"ed7qr-0-0\">\n<div class=\"_1mf _1mj\" data-offset-key=\"ed7qr-0-0\"><span data-offset-key=\"ed7qr-0-0\">\u00abAmbientada en el Jap\u00f3n de Edo y atendiendo a una estructura cl\u00e1sica de novela de aventuras \u2013muy poco habitual entre escritores espa\u00f1oles- esta obra acompa\u00f1a al poeta en 1689 en su peregrinaci\u00f3n por la provincia de Sendai para escribir Senda de Oku, su texto m\u00e1s c\u00e9lebre.<\/span><\/div>\n<\/div>\n<div class=\"\" data-block=\"true\" data-editor=\"1iaag\" data-offset-key=\"67nkm-0-0\">\n<div class=\"_1mf _1mj\" data-offset-key=\"67nkm-0-0\"><span data-offset-key=\"67nkm-0-0\">Aventuras, leyenda, poes\u00eda y mucha belleza.\u00bb<\/span><\/div>\n<\/div>\n<div class=\"\" data-block=\"true\" data-editor=\"1iaag\" data-offset-key=\"70ssu-0-0\">\n<div class=\"_1mf _1mj\" data-offset-key=\"70ssu-0-0\"><span data-offset-key=\"70ssu-0-0\">Bego\u00f1a Pina en Archiletras<\/span><\/div>\n<\/div>\n<div class=\"\" data-block=\"true\" data-editor=\"1iaag\" data-offset-key=\"17cjv-0-0\"><\/div>\n","protected":false},"excerpt":{"rendered":"<p>Una novela de aventuras de corte cl\u00e1sico, ambientada en el Jap\u00f3n de Edo, que recupera la figura del c\u00e9lebre poeta Matsuo Basho y trata de desvelar la leyenda que asegura que Basho era en realidad un letal ninja al servicio del shogun. \u2800 Autor Pablo Tob\u00edas G\u00e9nero Aventuras hist\u00f3ricas, Hist\u00f3rica y aventuras \u2800 \ud835\udc48\ud835\udc5b \ud835\udc5b\ud835\udc56\ud835\udc5b\ud835\udc57\ud835\udc4e [&hellip;]<\/p>\n","protected":false},"featured_media":10108,"template":"","meta":[],"product_brand":[],"product_cat":[45,50],"product_tag":[],"class_list":{"0":"post-10107","1":"product","2":"type-product","3":"status-publish","4":"has-post-thumbnail","6":"product_cat-libreria","7":"product_cat-libros-y-revistas","9":"first","10":"instock","11":"shipping-taxable","12":"purchasable","13":"product-type-simple"},"_links":{"self":[{"href":"https:\/\/alternativanikkei.com\/2026\/wp-json\/wp\/v2\/product\/10107","targetHints":{"allow":["GET"]}}],"collection":[{"href":"https:\/\/alternativanikkei.com\/2026\/wp-json\/wp\/v2\/product"}],"about":[{"href":"https:\/\/alternativanikkei.com\/2026\/wp-json\/wp\/v2\/types\/product"}],"wp:featuredmedia":[{"embeddable":true,"href":"https:\/\/alternativanikkei.com\/2026\/wp-json\/wp\/v2\/media\/10108"}],"wp:attachment":[{"href":"https:\/\/alternativanikkei.com\/2026\/wp-json\/wp\/v2\/media?parent=10107"}],"wp:term":[{"taxonomy":"product_brand","embeddable":true,"href":"https:\/\/alternativanikkei.com\/2026\/wp-json\/wp\/v2\/product_brand?post=10107"},{"taxonomy":"product_cat","embeddable":true,"href":"https:\/\/alternativanikkei.com\/2026\/wp-json\/wp\/v2\/product_cat?post=10107"},{"taxonomy":"product_tag","embeddable":true,"href":"https:\/\/alternativanikkei.com\/2026\/wp-json\/wp\/v2\/product_tag?post=10107"}],"curies":[{"name":"wp","href":"https:\/\/api.w.org\/{rel}","templated":true}]}}