{"id":10110,"date":"2024-03-08T17:05:05","date_gmt":"2024-03-08T20:05:05","guid":{"rendered":"https:\/\/alternativanikkei.com\/?post_type=product&#038;p=10110"},"modified":"2024-08-24T17:10:56","modified_gmt":"2024-08-24T20:10:56","slug":"el-diablo-toca-la-flauta","status":"publish","type":"product","link":"https:\/\/alternativanikkei.com\/2026\/producto\/el-diablo-toca-la-flauta\/","title":{"rendered":"El diablo toca la flauta"},"content":{"rendered":"<p>El vizconde Tsubaki, sospechoso de un envenenamiento con cianuro que conmocion\u00f3 a Jap\u00f3n (el caso\u00a0<em>Tengin-do<\/em>), se suicida tras dejarle a su hija una carta de despedida que comienza as\u00ed: \u00ab Perd\u00f3name. No puedo seguir soportando esta verg\u00fcenza y deshonra. Si el secreto que me llevo a la tumba se hiciera p\u00fablico, la reputaci\u00f3n y el prestigio de nuestro clan caer\u00edan hasta los infiernos \u00bb.<\/p>\n<p>A partir de ese momento, comienzan a sucederse los cr\u00edmenes en el entorno de la familia. Cada vez que alguien es asesinado, suena de fondo El diablo toca la flauta, una melod\u00eda compuesta por el propio vizconde.<\/p>\n<p>Un nuevo caso para\u00a0<strong>Kosuke Kindaichi, el detective favorito de los japoneses,<\/strong>\u00a0que en esta ocasi\u00f3n deber\u00e1 indagar en los secretos m\u00e1s ocultos de una familia de antiguos arist\u00f3cratas, para descubrir a un enigm\u00e1tico asesino que pretende acabar con todo el clan Tsubaki.<\/p>\n<p>&nbsp;<\/p>\n<p>La prensa ha dicho<\/p>\n<hr \/>\n<p>\u201cYokomizo nos ofrece una\u00a0<strong>apasionante novela<\/strong>, en la que encontraremos\u00a0<strong>misterios de habitaci\u00f3n cerrada<\/strong>,\u00a0<strong>buenas dosis de puro procedural<\/strong>, mientras se nos da\u00a0<strong>un fino y duro retrato de las clases aristocr\u00e1ticas japonesas<\/strong>, y de la dura situaci\u00f3n por la que est\u00e1 pasando el pueblo japon\u00e9s tras su derrota en la guerra. (\u2026) Les recomendamos la lectura de esta estupenda novela de Seishi Yokomizo, un autor que cabalga perfectamente entre la gran tradici\u00f3n de la novela enigma, con las complejidades de la novela m\u00e1s negra de nuestros d\u00edas.\u201d\u00a0<a href=\"https:\/\/totalnoir.wordpress.com\/2023\/06\/24\/el-diablo-toca-la-flauta-de-seishi-yokomizo\/\" target=\"_blank\" rel=\"noopener noreferrer\">Jos\u00e9 Mar\u00eda S\u00e1nchez Pardo en Total Noir<\/a><\/p>\n<p>\u201cUna novela policiaca al m\u00e1s puro estilo de Agatha Christie, pero ambientada en Jap\u00f3n, y con unos personajes sublimes\u201d.\u00a0<a href=\"https:\/\/instagram.com\/stories\/quaterni_editorial\/3176998466347950935?utm_source=ig_story_item_share&amp;igshid=MzRlODBiNWFlZA==\" target=\"_blank\" rel=\"noopener noreferrer\">eldesvanlector en Instagram<\/a><\/p>\n","protected":false},"excerpt":{"rendered":"<p>El vizconde Tsubaki, sospechoso de un envenenamiento con cianuro que conmocion\u00f3 a Jap\u00f3n (el caso\u00a0Tengin-do), se suicida tras dejarle a su hija una carta de despedida que comienza as\u00ed: \u00ab Perd\u00f3name. No puedo seguir soportando esta verg\u00fcenza y deshonra. Si el secreto que me llevo a la tumba se hiciera p\u00fablico, la reputaci\u00f3n y el [&hellip;]<\/p>\n","protected":false},"featured_media":10111,"template":"","meta":[],"product_brand":[],"product_cat":[45,50],"product_tag":[],"class_list":{"0":"post-10110","1":"product","2":"type-product","3":"status-publish","4":"has-post-thumbnail","6":"product_cat-libreria","7":"product_cat-libros-y-revistas","9":"first","10":"instock","11":"shipping-taxable","12":"purchasable","13":"product-type-simple"},"_links":{"self":[{"href":"https:\/\/alternativanikkei.com\/2026\/wp-json\/wp\/v2\/product\/10110","targetHints":{"allow":["GET"]}}],"collection":[{"href":"https:\/\/alternativanikkei.com\/2026\/wp-json\/wp\/v2\/product"}],"about":[{"href":"https:\/\/alternativanikkei.com\/2026\/wp-json\/wp\/v2\/types\/product"}],"wp:featuredmedia":[{"embeddable":true,"href":"https:\/\/alternativanikkei.com\/2026\/wp-json\/wp\/v2\/media\/10111"}],"wp:attachment":[{"href":"https:\/\/alternativanikkei.com\/2026\/wp-json\/wp\/v2\/media?parent=10110"}],"wp:term":[{"taxonomy":"product_brand","embeddable":true,"href":"https:\/\/alternativanikkei.com\/2026\/wp-json\/wp\/v2\/product_brand?post=10110"},{"taxonomy":"product_cat","embeddable":true,"href":"https:\/\/alternativanikkei.com\/2026\/wp-json\/wp\/v2\/product_cat?post=10110"},{"taxonomy":"product_tag","embeddable":true,"href":"https:\/\/alternativanikkei.com\/2026\/wp-json\/wp\/v2\/product_tag?post=10110"}],"curies":[{"name":"wp","href":"https:\/\/api.w.org\/{rel}","templated":true}]}}