{"id":10112,"date":"2024-03-08T20:46:41","date_gmt":"2024-03-08T23:46:41","guid":{"rendered":"https:\/\/alternativanikkei.com\/?post_type=product&#038;p=10112"},"modified":"2025-11-03T16:20:40","modified_gmt":"2025-11-03T19:20:40","slug":"curso-de-japones-nivel-basico","status":"publish","type":"product","link":"https:\/\/alternativanikkei.com\/2026\/producto\/curso-de-japones-nivel-basico\/","title":{"rendered":"Curso de japon\u00e9s (Nivel b\u00e1sico)"},"content":{"rendered":"<p>Tama\u00f1o A4<\/p>\n<p>300 p\u00e1ginas ByN.<\/p>\n<p>Incluye pr\u00e1cticas de kanji b\u00e1sicas<\/p>\n","protected":false},"excerpt":{"rendered":"<p>Tama\u00f1o A4 300 p\u00e1ginas ByN. Incluye pr\u00e1cticas de kanji b\u00e1sicas<\/p>\n","protected":false},"featured_media":10113,"template":"","meta":[],"product_brand":[],"product_cat":[45,50],"product_tag":[],"class_list":{"0":"post-10112","1":"product","2":"type-product","3":"status-publish","4":"has-post-thumbnail","6":"product_cat-libreria","7":"product_cat-libros-y-revistas","9":"first","10":"instock","11":"shipping-taxable","12":"purchasable","13":"product-type-simple"},"_links":{"self":[{"href":"https:\/\/alternativanikkei.com\/2026\/wp-json\/wp\/v2\/product\/10112","targetHints":{"allow":["GET"]}}],"collection":[{"href":"https:\/\/alternativanikkei.com\/2026\/wp-json\/wp\/v2\/product"}],"about":[{"href":"https:\/\/alternativanikkei.com\/2026\/wp-json\/wp\/v2\/types\/product"}],"wp:featuredmedia":[{"embeddable":true,"href":"https:\/\/alternativanikkei.com\/2026\/wp-json\/wp\/v2\/media\/10113"}],"wp:attachment":[{"href":"https:\/\/alternativanikkei.com\/2026\/wp-json\/wp\/v2\/media?parent=10112"}],"wp:term":[{"taxonomy":"product_brand","embeddable":true,"href":"https:\/\/alternativanikkei.com\/2026\/wp-json\/wp\/v2\/product_brand?post=10112"},{"taxonomy":"product_cat","embeddable":true,"href":"https:\/\/alternativanikkei.com\/2026\/wp-json\/wp\/v2\/product_cat?post=10112"},{"taxonomy":"product_tag","embeddable":true,"href":"https:\/\/alternativanikkei.com\/2026\/wp-json\/wp\/v2\/product_tag?post=10112"}],"curies":[{"name":"wp","href":"https:\/\/api.w.org\/{rel}","templated":true}]}}