{"id":10159,"date":"2024-03-25T23:57:46","date_gmt":"2024-03-26T02:57:46","guid":{"rendered":"https:\/\/alternativanikkei.com\/?post_type=product&#038;p=10159"},"modified":"2026-03-13T16:55:37","modified_gmt":"2026-03-13T19:55:37","slug":"yokai-attack-guia-de-supervivencia-de-los-monstruos-japoneses","status":"publish","type":"product","link":"https:\/\/alternativanikkei.com\/2026\/producto\/yokai-attack-guia-de-supervivencia-de-los-monstruos-japoneses\/","title":{"rendered":"YOKAI ATTACK! Gu\u00eda de supervivencia de los monstruos japoneses"},"content":{"rendered":"<p class=\"p1\"><em>Hiroko Yoda y Matt Alt, Tatsuya Morino (Ilustr.) FULL COLOR.<\/em><\/p>\n<p class=\"p1\"><em>G\u00e9nero: Cuentos de terror y fantasmas<\/em><\/p>\n<p>&nbsp;<\/p>\n<p class=\"p1\">Los\u00a0<strong><span class=\"s1\">y\u014d<\/span><span class=\"s1\">kai\u00a0<\/span><\/strong>son una especie de seres et\u00e9reos, que normalmente aparecen\u00a0por la noche, a los que muchos dicen haber visto, pero que cada persona\u00a0describe de forma diferente. Este libro es el resultado de muchas horas\u00a0dedicadas a investigar la informaci\u00f3n y las descripciones presentes\u00a0en una gran variedad de fuentes, incluyendo microfilmes de dibujos y\u00a0grabados del siglo\u00a0<span class=\"s2\">XVIII\u00a0<\/span>procedentes de la Biblioteca Nacional de Tokio.<\/p>\n<p class=\"p1\">Las ilustraciones, creadas por el genial Tatsuya Morino, detallan\u00a0la posible apariencia de cada y\u014dkai. Adem\u00e1s, junto a cada monstruo\u00a0aparece su descripci\u00f3n y caracter\u00edsticas, algo muy \u00fatil en caso de un\u00a0posible encuentro.<\/p>\n<p class=\"p1\">As\u00ed que olvida a\u00a0<em>Godzilla<\/em>, a\u00a0<em>Ultraman<\/em>\u00a0y a los\u00a0<em>Power Rangers<\/em>. A Sadako\u00a0de\u00a0<em>La Se\u00f1al (The Ring)<\/em>\u00a0y al escalofriante ni\u00f1o de\u00a0<em>La Maldici\u00f3n (The\u00a0Grudge)<\/em>. Olvida todo lo que sabes sobre los cuentos de terror japoneses\u00a0porque\u00a0<em><strong><span class=\"s1\">Y\u014dkai Attack!\u00a0<\/span><\/strong><\/em>te confirmar\u00e1 lo que, seguramente, ya sospechabas:\u00a0que Jap\u00f3n no solo es el pa\u00eds en el que habitan los monstruos m\u00e1s\u00a0terror\u00edficos y desconocidos, tambi\u00e9n es el que tiene a los m\u00e1s originales\u00a0y fascinantes.<\/p>\n<p class=\"p1\"><em><strong><span class=\"s1\">Y\u014dkai Attack!\u00a0<\/span><\/strong><\/em>es tu gu\u00eda definitiva para conocer e identificar a estos\u00a0tenebrosos monstruos del Jap\u00f3n tradicional. Una lectura esencial para\u00a0los aficionados a las novelas de terror, a la cultura japonesa y al\u00a0<em>manga<\/em>\u00a0y\u00a0<em>anime<\/em>.<\/p>\n<p class=\"p1\">\u00abUn recurso muy valioso para cualquier\u00a0interesado en el J-Horror y en la\u00a0cultura japonesa; me proporcion\u00f3 una\u00a0mayor comprensi\u00f3n de lo que he estado\u00a0disfrutado durante tantos a\u00f1os\u00bb.\u00a0Don Coscarelli, director, La saga\u00a0\u201cPhantasma\u201d y\u00a0Bubba Ho-Tep<\/p>\n<p class=\"p1\">Y\u014cKAI ATTACK! es una\u00a0lectura esencial para\u00a0cualquier aficionado\u00a0a los monstruos, al\u00a0horror y al manga.\u00a0Steve Niles, creador,\u00a030 d\u00edas de oscuridad.<\/p>\n<h4 class=\"p1\">La Prensa ha dicho<\/h4>\n<hr \/>\n<p>\u201cY\u014dkai Attack! es un libro\u00a0<strong>altamente recomendable<\/strong>, que cuenta con una\u00a0<strong>interesante y amena selecci\u00f3n de criaturas<\/strong>\u00a0y un listado de recursos que incluye p\u00e1ginas web y pel\u00edculas relacionadas con los y\u014dkais. Se trata de\u00a0<strong>una gu\u00eda imprescindible para conocer mejor el folclore de los monstruos japoneses<\/strong>\u00a0y una fuente de informaci\u00f3n para cualquiera interesado en el terror de este lugar del mundo.\u201d\u00a0<a href=\"http:\/\/necropolislunanegra.blogspot.com.es\/2018\/04\/books-from-crypt-139-yokai-attack-guia.html\" target=\"_blank\" rel=\"noopener noreferrer\">Jos\u00e9 Mar\u00eda Quinto en Necr\u00f3polis de la Luna Negra<\/a><\/p>\n","protected":false},"excerpt":{"rendered":"<p>Hiroko Yoda y Matt Alt, Tatsuya Morino (Ilustr.) FULL COLOR. G\u00e9nero: Cuentos de terror y fantasmas &nbsp; Los\u00a0y\u014dkai\u00a0son una especie de seres et\u00e9reos, que normalmente aparecen\u00a0por la noche, a los que muchos dicen haber visto, pero que cada persona\u00a0describe de forma diferente. Este libro es el resultado de muchas horas\u00a0dedicadas a investigar la informaci\u00f3n y [&hellip;]<\/p>\n","protected":false},"featured_media":10160,"template":"","meta":[],"product_brand":[],"product_cat":[45,50],"product_tag":[],"class_list":{"0":"post-10159","1":"product","2":"type-product","3":"status-publish","4":"has-post-thumbnail","6":"product_cat-libreria","7":"product_cat-libros-y-revistas","9":"first","10":"instock","11":"shipping-taxable","12":"purchasable","13":"product-type-simple"},"_links":{"self":[{"href":"https:\/\/alternativanikkei.com\/2026\/wp-json\/wp\/v2\/product\/10159","targetHints":{"allow":["GET"]}}],"collection":[{"href":"https:\/\/alternativanikkei.com\/2026\/wp-json\/wp\/v2\/product"}],"about":[{"href":"https:\/\/alternativanikkei.com\/2026\/wp-json\/wp\/v2\/types\/product"}],"wp:featuredmedia":[{"embeddable":true,"href":"https:\/\/alternativanikkei.com\/2026\/wp-json\/wp\/v2\/media\/10160"}],"wp:attachment":[{"href":"https:\/\/alternativanikkei.com\/2026\/wp-json\/wp\/v2\/media?parent=10159"}],"wp:term":[{"taxonomy":"product_brand","embeddable":true,"href":"https:\/\/alternativanikkei.com\/2026\/wp-json\/wp\/v2\/product_brand?post=10159"},{"taxonomy":"product_cat","embeddable":true,"href":"https:\/\/alternativanikkei.com\/2026\/wp-json\/wp\/v2\/product_cat?post=10159"},{"taxonomy":"product_tag","embeddable":true,"href":"https:\/\/alternativanikkei.com\/2026\/wp-json\/wp\/v2\/product_tag?post=10159"}],"curies":[{"name":"wp","href":"https:\/\/api.w.org\/{rel}","templated":true}]}}