{"id":2564,"date":"2015-05-18T13:59:37","date_gmt":"2015-05-18T16:59:37","guid":{"rendered":"http:\/\/alternativanikkei.com\/?post_type=product&#038;p=2564"},"modified":"2025-11-04T01:54:49","modified_gmt":"2025-11-04T04:54:49","slug":"la-sombra-del-kasha","status":"publish","type":"product","link":"https:\/\/alternativanikkei.com\/2026\/producto\/la-sombra-del-kasha\/","title":{"rendered":"La sombra del kasha"},"content":{"rendered":"<p><strong>Autora: Miyuki Miyabe<\/strong><\/p>\n<p><strong>Rese\u00f1a:<\/strong><\/p>\n<p>Cuando una hermosa joven se desvanece en Tokyo, el prometido de \u00e9sta pide ayuda a su t\u00edo, inspector de polic\u00eda, con la esperanza de que lo ayude a encontrarla. El detective no tarda en averiguar que la joven no es quien dice ser y oculta un oscuro pasado. Su b\u00fasqueda lo llevar\u00e1 a recorrer las ciudades m\u00e1s importantes de Jap\u00f3n y sumergirse de lleno en el peligroso submundo financiero donde las deudas astron\u00f3micas y la \u00ab<em>yakuza<\/em>\u00bb empujan a las personas al borde de la desesperaci\u00f3n, a cometer actos al margen de la ley, e incluso al suicidio. En este escenario, gastos desmesurados, bancarrotas personales, identidades robadas y prestamistas sin escr\u00fapulos conforman una mezcla letal.<\/p>\n<p>Con esta novela de <em>suspense<\/em>, Miyuki Miyabe se convirti\u00f3 en una de las autoras m\u00e1s le\u00eddas de su pa\u00eds, ganadora del prestigioso premio Shugoro Yamamoto, y del galard\u00f3n a la Mejor Novela de Misterio y al Libro del A\u00f1o en Jap\u00f3n.<\/p>\n<p>\u201c<em>Un relato desgarrador<\/em>\u201d New York Times<\/p>\n<p>\u201c<em>Un libro cautivador\u2026 Un ingenioso rompecabezas con cr\u00edtica social como tel\u00f3n de fondo<\/em>\u201d Washington Post<\/p>\n<p>\u201c<em>Un apasionante retrato de la vida japonesa actual<\/em>\u201d San Francisco Chronicle<\/p>\n<p>\u201c<em>Enormemente absorbente\u2026 combina con ritmo magistral elementos de la mejor novela de suspense con matices psicol\u00f3gicos, hasta lograr un relato absolutamente inquietante<\/em>\u201d Publishers Weekly<\/p>\n<p><strong>Caracter\u00edsticas generales<\/strong><br \/>\nP\u00e1ginas: 360<br \/>\nEncuadernaci\u00f3n: R\u00fastica<br \/>\nFicci\u00f3n (Narrativa japonesa)<br \/>\nMedidas: 15.5 x 23 cm<\/p>\n","protected":false},"excerpt":{"rendered":"<p>Autora: Miyuki Miyabe Rese\u00f1a: Cuando una hermosa joven se desvanece en Tokyo, el prometido de \u00e9sta pide ayuda a su t\u00edo, inspector de polic\u00eda, con la esperanza de que lo ayude a encontrarla. El detective no tarda en averiguar que la joven no es quien dice ser y oculta un oscuro pasado. Su b\u00fasqueda lo [&hellip;]<\/p>\n","protected":false},"featured_media":2567,"template":"","meta":[],"product_brand":[],"product_cat":[45,50],"product_tag":[],"class_list":{"0":"post-2564","1":"product","2":"type-product","3":"status-publish","4":"has-post-thumbnail","6":"product_cat-libreria","7":"product_cat-libros-y-revistas","9":"first","10":"instock","11":"shipping-taxable","12":"purchasable","13":"product-type-simple"},"_links":{"self":[{"href":"https:\/\/alternativanikkei.com\/2026\/wp-json\/wp\/v2\/product\/2564","targetHints":{"allow":["GET"]}}],"collection":[{"href":"https:\/\/alternativanikkei.com\/2026\/wp-json\/wp\/v2\/product"}],"about":[{"href":"https:\/\/alternativanikkei.com\/2026\/wp-json\/wp\/v2\/types\/product"}],"wp:featuredmedia":[{"embeddable":true,"href":"https:\/\/alternativanikkei.com\/2026\/wp-json\/wp\/v2\/media\/2567"}],"wp:attachment":[{"href":"https:\/\/alternativanikkei.com\/2026\/wp-json\/wp\/v2\/media?parent=2564"}],"wp:term":[{"taxonomy":"product_brand","embeddable":true,"href":"https:\/\/alternativanikkei.com\/2026\/wp-json\/wp\/v2\/product_brand?post=2564"},{"taxonomy":"product_cat","embeddable":true,"href":"https:\/\/alternativanikkei.com\/2026\/wp-json\/wp\/v2\/product_cat?post=2564"},{"taxonomy":"product_tag","embeddable":true,"href":"https:\/\/alternativanikkei.com\/2026\/wp-json\/wp\/v2\/product_tag?post=2564"}],"curies":[{"name":"wp","href":"https:\/\/api.w.org\/{rel}","templated":true}]}}