{"id":2683,"date":"2015-05-31T12:00:11","date_gmt":"2015-05-31T15:00:11","guid":{"rendered":"http:\/\/alternativanikkei.com\/?post_type=product&#038;p=2683"},"modified":"2025-11-04T01:54:32","modified_gmt":"2025-11-04T04:54:32","slug":"cuentos-japoneses-para-ninos-2","status":"publish","type":"product","link":"https:\/\/alternativanikkei.com\/2026\/producto\/cuentos-japoneses-para-ninos-2\/","title":{"rendered":"Cuentos japoneses para ni\u00f1os 2 &#8211; Ed. biling\u00fce"},"content":{"rendered":"<p>Edici\u00f3n biling\u00fce de los cuentos tradicionales japoneses &#8211; Vol. II<\/p>\n<p>Contiene:<\/p>\n<p><em>Momotaroo<\/em><br \/>\n<em>Dormil\u00f3n por tres a\u00f1os<\/em><br \/>\n<em>Kintaroo<\/em><br \/>\n<em>La grulla agradecida<\/em><\/p>\n<p>&nbsp;<\/p>\n","protected":false},"excerpt":{"rendered":"<p>Edici\u00f3n biling\u00fce de los cuentos tradicionales japoneses &#8211; Vol. II Contiene: Momotaroo Dormil\u00f3n por tres a\u00f1os Kintaroo La grulla agradecida &nbsp;<\/p>\n","protected":false},"featured_media":2684,"template":"","meta":[],"product_brand":[],"product_cat":[45,50],"product_tag":[],"class_list":{"0":"post-2683","1":"product","2":"type-product","3":"status-publish","4":"has-post-thumbnail","6":"product_cat-libreria","7":"product_cat-libros-y-revistas","9":"first","10":"instock","11":"shipping-taxable","12":"purchasable","13":"product-type-simple"},"_links":{"self":[{"href":"https:\/\/alternativanikkei.com\/2026\/wp-json\/wp\/v2\/product\/2683","targetHints":{"allow":["GET"]}}],"collection":[{"href":"https:\/\/alternativanikkei.com\/2026\/wp-json\/wp\/v2\/product"}],"about":[{"href":"https:\/\/alternativanikkei.com\/2026\/wp-json\/wp\/v2\/types\/product"}],"wp:featuredmedia":[{"embeddable":true,"href":"https:\/\/alternativanikkei.com\/2026\/wp-json\/wp\/v2\/media\/2684"}],"wp:attachment":[{"href":"https:\/\/alternativanikkei.com\/2026\/wp-json\/wp\/v2\/media?parent=2683"}],"wp:term":[{"taxonomy":"product_brand","embeddable":true,"href":"https:\/\/alternativanikkei.com\/2026\/wp-json\/wp\/v2\/product_brand?post=2683"},{"taxonomy":"product_cat","embeddable":true,"href":"https:\/\/alternativanikkei.com\/2026\/wp-json\/wp\/v2\/product_cat?post=2683"},{"taxonomy":"product_tag","embeddable":true,"href":"https:\/\/alternativanikkei.com\/2026\/wp-json\/wp\/v2\/product_tag?post=2683"}],"curies":[{"name":"wp","href":"https:\/\/api.w.org\/{rel}","templated":true}]}}