{"id":2686,"date":"2015-05-31T12:06:32","date_gmt":"2015-05-31T15:06:32","guid":{"rendered":"http:\/\/alternativanikkei.com\/?post_type=product&#038;p=2686"},"modified":"2025-11-04T01:54:21","modified_gmt":"2025-11-04T04:54:21","slug":"cuentos-japoneses-para-ninos-1","status":"publish","type":"product","link":"https:\/\/alternativanikkei.com\/2026\/producto\/cuentos-japoneses-para-ninos-1\/","title":{"rendered":"Cuentos japoneses para ni\u00f1os 1 &#8211; Ed. biling\u00fce"},"content":{"rendered":"<p>Edici\u00f3n biling\u00fce de los cuentos tradicionales japoneses &#8211; Vol. I<\/p>\n<p>Contiene:<\/p>\n<p><em>Las estatuas con sombrero<\/em><br \/>\n<em>El peque\u00f1o h\u00e9roe<\/em><br \/>\n<em>El pescador y la tortuga<\/em><br \/>\n<em>La princesa de la luna<\/em><\/p>\n","protected":false},"excerpt":{"rendered":"<p>Edici\u00f3n biling\u00fce de los cuentos tradicionales japoneses &#8211; Vol. I Contiene: Las estatuas con sombrero El peque\u00f1o h\u00e9roe El pescador y la tortuga La princesa de la luna<\/p>\n","protected":false},"featured_media":2687,"template":"","meta":[],"product_brand":[],"product_cat":[45,50],"product_tag":[],"class_list":{"0":"post-2686","1":"product","2":"type-product","3":"status-publish","4":"has-post-thumbnail","6":"product_cat-libreria","7":"product_cat-libros-y-revistas","9":"first","10":"instock","11":"featured","12":"shipping-taxable","13":"purchasable","14":"product-type-simple"},"_links":{"self":[{"href":"https:\/\/alternativanikkei.com\/2026\/wp-json\/wp\/v2\/product\/2686","targetHints":{"allow":["GET"]}}],"collection":[{"href":"https:\/\/alternativanikkei.com\/2026\/wp-json\/wp\/v2\/product"}],"about":[{"href":"https:\/\/alternativanikkei.com\/2026\/wp-json\/wp\/v2\/types\/product"}],"wp:featuredmedia":[{"embeddable":true,"href":"https:\/\/alternativanikkei.com\/2026\/wp-json\/wp\/v2\/media\/2687"}],"wp:attachment":[{"href":"https:\/\/alternativanikkei.com\/2026\/wp-json\/wp\/v2\/media?parent=2686"}],"wp:term":[{"taxonomy":"product_brand","embeddable":true,"href":"https:\/\/alternativanikkei.com\/2026\/wp-json\/wp\/v2\/product_brand?post=2686"},{"taxonomy":"product_cat","embeddable":true,"href":"https:\/\/alternativanikkei.com\/2026\/wp-json\/wp\/v2\/product_cat?post=2686"},{"taxonomy":"product_tag","embeddable":true,"href":"https:\/\/alternativanikkei.com\/2026\/wp-json\/wp\/v2\/product_tag?post=2686"}],"curies":[{"name":"wp","href":"https:\/\/api.w.org\/{rel}","templated":true}]}}