{"id":3677,"date":"2015-10-07T19:43:58","date_gmt":"2015-10-07T22:43:58","guid":{"rendered":"http:\/\/alternativanikkei.com\/?post_type=product&#038;p=3677"},"modified":"2025-11-04T01:53:27","modified_gmt":"2025-11-04T04:53:27","slug":"la-leyenda-de-los-ocho-guerreros-perro","status":"publish","type":"product","link":"https:\/\/alternativanikkei.com\/2026\/producto\/la-leyenda-de-los-ocho-guerreros-perro\/","title":{"rendered":"La leyenda de los ocho guerreros perro"},"content":{"rendered":"<p><strong><em>Una apasionante epopeya literaria, mitad realidad mitad ficci\u00f3n, basada en la vida y obra de uno de los m\u00e1s grandes autores de la literatura japonesa de todos los tiempos.<\/em><\/strong><\/p>\n<p>Autor: <strong>Futaro Yamada<\/strong><\/p>\n<p><strong>Rese\u00f1a<\/strong>:<\/p>\n<p>1458, per\u00edodo Muromachi. El castillo de Takita, asediado desde hace diez d\u00edas, est\u00e1 a punto de caer. Para evitarlo, Satomi Yoshizane, se\u00f1or del clan, promete la mano de su hija a aquel que le traiga la cabeza de su enemigo. Esa misma noche, su perro se presenta con la cabeza del villano Anzai Kagetsura entre las fauces.<\/p>\n<p>As\u00ed comienza la novela de capa y espada m\u00e1s famosa de Jap\u00f3n, y la m\u00e1s extensa del mundo, en la que una princesa dar\u00e1 a luz a ocho guerreros nacidos cada uno con una virtud:\u00a0la piedad filial, el honor, la lealtad, la confianza, la fraternidad, la cortes\u00eda, la sabidur\u00eda y la benevolencia, las ocho virtudes que ilustran los principios del confucianismo, el bushido y el budismo.<\/p>\n<p>1814, periodo Edo. El maestro de la literatura Takizawa Bakin comenzaba a escribir una de las novelas m\u00e1s extensas del mundo, obra cumbre de la literatura japonesa:\u00a0<em>Nans\u014d\u00a0Satomi Hakkenden (La leyenda de los ocho guerreros perro de los Satomi)<\/em>. En los 28 a\u00f1os en que tard\u00f3 en terminarla, perdi\u00f3 a su esposa e hijo, y fue quedando ciego por lo que complet\u00f3 los \u00faltimos cap\u00edtulos dict\u00e1ndoselos a su nuera.<\/p>\n<p>F\u016btar\u014d\u00a0Yamada, indiscutible dominador del g\u00e9nero hist\u00f3rico,\u00a0nos ofrece no s\u00f3lo una trepidante novela de aventuras, sino tambi\u00e9n un apasionante recorrido por la vida de uno de los autores imprescindibles de la literatura oriental.\u00a0Una novela que alterna\u00a0entre la ficci\u00f3n basada en el cl\u00e1sico de Bakin, y la lucha de \u00e9ste\u00a0contra el paso del tiempo antes de que la ceguera le impida terminar los 106 vol\u00famenes de los que constar\u00e1 su obra maestra.<\/p>\n<p><strong> La prensa ha dicho&#8230;<\/strong><\/p>\n<p>\u201cEn definitiva, un libro indispensable. Aunque parezca pesado por el volumen de p\u00e1ginas y la \u00e9poca hist\u00f3rica en que nos podemos encontrar, es ameno, r\u00e1pido y sencillo.<\/p>\n<p>Uno no puede dejar de comparar este tipo de joya literaria con cantares como el de Roland, Raoul de Cambrai o Aliscan. Los personajes llevan una virtud hasta el final de sus d\u00edas y luchan por lo que creen hasta l\u00edmites insospechados. Haciendo una misma comparativa, gran parte de esa fuerza me record\u00f3 mucho a nuestro querido Quijote.<\/p>\n<p>Y es que al leer La leyenda de los ocho guerreros perro pronto te das cuenta que est\u00e1s ante una obra cumbre de la literatura universal. No hace falta ser devoto de los samur\u00e1is, ni del imperio del Sol Naciente para enamorarte de ella.\u201d Juan Jos\u00e9 Castillo en <a href=\"http:\/\/cronicasliterarias.com\/2014\/02\/21\/resena-la-leyenda-de-los-ocho-guerreros-perro-de-futaro-yamada\/?utm_source=rss&amp;utm_medium=rss&amp;utm_campaign=resena-la-leyenda-de-los-ocho-guerreros-perro-de-futaro-yamada\">Cr\u00f3nicas Literarias<\/a><\/p>\n<p><strong>Caracter\u00edsticas generales<\/strong>:<\/p>\n<p>P\u00e1ginas: 576<br \/>\nEncuadernaci\u00f3n: R\u00fastica<br \/>\nNovela hist\u00f3rica y de aventuras (Narrativa japonesa)<br \/>\nMedidas: 15.5 x 23 cm<\/p>\n<p>&nbsp;<\/p>\n","protected":false},"excerpt":{"rendered":"<p>Una apasionante epopeya literaria, mitad realidad mitad ficci\u00f3n, basada en la vida y obra de uno de los m\u00e1s grandes autores de la literatura japonesa de todos los tiempos. Autor: Futaro Yamada Rese\u00f1a: 1458, per\u00edodo Muromachi. El castillo de Takita, asediado desde hace diez d\u00edas, est\u00e1 a punto de caer. Para evitarlo, Satomi Yoshizane, se\u00f1or [&hellip;]<\/p>\n","protected":false},"featured_media":3678,"template":"","meta":[],"product_brand":[],"product_cat":[45,50],"product_tag":[],"class_list":{"0":"post-3677","1":"product","2":"type-product","3":"status-publish","4":"has-post-thumbnail","6":"product_cat-libreria","7":"product_cat-libros-y-revistas","9":"first","10":"instock","11":"shipping-taxable","12":"purchasable","13":"product-type-simple"},"_links":{"self":[{"href":"https:\/\/alternativanikkei.com\/2026\/wp-json\/wp\/v2\/product\/3677","targetHints":{"allow":["GET"]}}],"collection":[{"href":"https:\/\/alternativanikkei.com\/2026\/wp-json\/wp\/v2\/product"}],"about":[{"href":"https:\/\/alternativanikkei.com\/2026\/wp-json\/wp\/v2\/types\/product"}],"wp:featuredmedia":[{"embeddable":true,"href":"https:\/\/alternativanikkei.com\/2026\/wp-json\/wp\/v2\/media\/3678"}],"wp:attachment":[{"href":"https:\/\/alternativanikkei.com\/2026\/wp-json\/wp\/v2\/media?parent=3677"}],"wp:term":[{"taxonomy":"product_brand","embeddable":true,"href":"https:\/\/alternativanikkei.com\/2026\/wp-json\/wp\/v2\/product_brand?post=3677"},{"taxonomy":"product_cat","embeddable":true,"href":"https:\/\/alternativanikkei.com\/2026\/wp-json\/wp\/v2\/product_cat?post=3677"},{"taxonomy":"product_tag","embeddable":true,"href":"https:\/\/alternativanikkei.com\/2026\/wp-json\/wp\/v2\/product_tag?post=3677"}],"curies":[{"name":"wp","href":"https:\/\/api.w.org\/{rel}","templated":true}]}}