{"id":3679,"date":"2015-10-07T20:03:42","date_gmt":"2015-10-07T23:03:42","guid":{"rendered":"http:\/\/alternativanikkei.com\/?post_type=product&#038;p=3679"},"modified":"2025-11-04T01:53:16","modified_gmt":"2025-11-04T04:53:16","slug":"las-nuevas-aventuras-de-hanshichi","status":"publish","type":"product","link":"https:\/\/alternativanikkei.com\/2026\/producto\/las-nuevas-aventuras-de-hanshichi\/","title":{"rendered":"Las nuevas aventuras de Hanshichi"},"content":{"rendered":"<p>Las historias del detective Hanshichi, personaje inspirado en Sherlock Holmes, se desarrollan en el Jap\u00f3n de finales del per\u00edodo Edo, entre 1840 y 1860, una \u00e9poca en la que la tradici\u00f3n y superstici\u00f3n van de la mano y son el verdadero enemigo del racional y poco ortodoxo Hanshichi.<\/p>\n<p>En esta segunda entrega, conoceremos nuevas aventuras y casos de este particular detective en los que seguiremos descubriendo y apreciando las costumbres y creencias del Jap\u00f3n de la \u00e9poca, as\u00ed como los escenarios en los que se desarrollan.<\/p>\n<p>Plagado de v\u00edvidas y coloridas descripciones, el lector disfrutar\u00e1 de misterios relacionados con serpientes gigantes, apariciones espectrales, extra\u00f1os ermita\u00f1os conectados con el mar, o batallas de mariposas, con el \u00fanico denominador com\u00fan de que nada es lo que parece.<\/p>\n<p><strong>La Prensa ha dicho\u2026<\/strong><\/p>\n<p>\u201cPara un lector occidental actual, leer los relatos de Hanschichi es un gozoso placer: <strong>buena literatura<\/strong>, el <strong>acercamiento a una sociedad tan ajena a los ojos de un occidental<\/strong> como es la sociedad Edo, <strong>mucho entretenimiento<\/strong> <strong>y una pizquita de sobrecogimiento<\/strong> al enfrentarse a algunos temas sobrenaturales\u2026 \u00bfAcaso se puede pedir m\u00e1s? Solo que si el lector aborda este libro en uno de esos d\u00edas tormentosos que propician la lectura, se mantenga vigilante ante el posible ataque de un raij\u00fb.\u201d <a href=\"http:\/\/www.revistaprotesis.com\/2015\/02\/las-nuevas-aventuras-de-hanshichi-un.html\"><strong>Jos\u00e9 Mar\u00eda S\u00e1nchez Pardo (Revista Pr\u00f3tesis).<\/strong><\/a><\/p>\n<p><strong>Sobre el autor y otros libros<\/strong>:<\/p>\n<p><a title=\"Fantasmas y samurais\" href=\"http:\/\/alternativanikkei.com\/producto\/fantasmas-y-samurais-de-kido-okamoto\/\">Fantasmas y samurais. Cuentos modernos del viejo Jap\u00f3n <\/a><\/p>\n<p><a title=\"Hanshichi\" href=\"http:\/\/alternativanikkei.com\/producto\/hanshichi-de-kido-okamoto\/\">Hanshichi. Un detective en el Jap\u00f3n de los samurais<\/a><\/p>\n<p><strong>Caracter\u00edsticas generales<\/strong>:<\/p>\n<p>P\u00e1ginas: 296<br \/>\nEncuadernaci\u00f3n: R\u00fastica<br \/>\nMisterios hist\u00f3ricos (Narrativa japonesa)<br \/>\nMedidas: 17 x 23 cm<\/p>\n<p>&nbsp;<\/p>\n","protected":false},"excerpt":{"rendered":"<p>Las historias del detective Hanshichi, personaje inspirado en Sherlock Holmes, se desarrollan en el Jap\u00f3n de finales del per\u00edodo Edo, entre 1840 y 1860, una \u00e9poca en la que la tradici\u00f3n y superstici\u00f3n van de la mano y son el verdadero enemigo del racional y poco ortodoxo Hanshichi. En esta segunda entrega, conoceremos nuevas aventuras [&hellip;]<\/p>\n","protected":false},"featured_media":3680,"template":"","meta":[],"product_brand":[],"product_cat":[45,50],"product_tag":[],"class_list":{"0":"post-3679","1":"product","2":"type-product","3":"status-publish","4":"has-post-thumbnail","6":"product_cat-libreria","7":"product_cat-libros-y-revistas","9":"first","10":"instock","11":"shipping-taxable","12":"purchasable","13":"product-type-simple"},"_links":{"self":[{"href":"https:\/\/alternativanikkei.com\/2026\/wp-json\/wp\/v2\/product\/3679","targetHints":{"allow":["GET"]}}],"collection":[{"href":"https:\/\/alternativanikkei.com\/2026\/wp-json\/wp\/v2\/product"}],"about":[{"href":"https:\/\/alternativanikkei.com\/2026\/wp-json\/wp\/v2\/types\/product"}],"wp:featuredmedia":[{"embeddable":true,"href":"https:\/\/alternativanikkei.com\/2026\/wp-json\/wp\/v2\/media\/3680"}],"wp:attachment":[{"href":"https:\/\/alternativanikkei.com\/2026\/wp-json\/wp\/v2\/media?parent=3679"}],"wp:term":[{"taxonomy":"product_brand","embeddable":true,"href":"https:\/\/alternativanikkei.com\/2026\/wp-json\/wp\/v2\/product_brand?post=3679"},{"taxonomy":"product_cat","embeddable":true,"href":"https:\/\/alternativanikkei.com\/2026\/wp-json\/wp\/v2\/product_cat?post=3679"},{"taxonomy":"product_tag","embeddable":true,"href":"https:\/\/alternativanikkei.com\/2026\/wp-json\/wp\/v2\/product_tag?post=3679"}],"curies":[{"name":"wp","href":"https:\/\/api.w.org\/{rel}","templated":true}]}}