{"id":5580,"date":"2016-06-28T19:07:03","date_gmt":"2016-06-28T22:07:03","guid":{"rendered":"http:\/\/alternativanikkei.com\/?post_type=product&#038;p=5580"},"modified":"2025-11-04T01:52:50","modified_gmt":"2025-11-04T04:52:50","slug":"r-p-g-juego-de-rol","status":"publish","type":"product","link":"https:\/\/alternativanikkei.com\/2026\/producto\/r-p-g-juego-de-rol\/","title":{"rendered":"R.P.G. JUEGO DE ROL"},"content":{"rendered":"<p>El equipo de polic\u00eda que investiga el doble homicidio de un hombre de mediana edad y su amante universitaria, descubre una serie de correos electr\u00f3nicos que vincula a la v\u00edctima con los miembros de una familia virtual, en la que \u00e9l desempe\u00f1aba el papel de \u00abPap\u00e1\u00bb. Entretanto, deciden organizar un dispositivo de protecci\u00f3n policial en torno a la hija del fallecido, una adolescente que asegura sufrir el acoso de un desconocido. La investigaci\u00f3n va centr\u00e1ndose poco a poco en esa familia \u00abfantasma\u00bb, al salir a la luz pruebas de que sus miembros han abandonado las salas de chat para conocerse en persona.<br \/>\nEl veterano sargento Takegami se encuentra inesperadamente al mando de la investigaci\u00f3n y tendr\u00e1 que formar equipo con una vieja amiga a la que no ve desde hace a\u00f1os. Llevados por la intuici\u00f3n, trabajar\u00e1n codo con codo para tratar de desvelar la delgada l\u00ednea que separa la fantas\u00eda de la cruda realidad, y el mundo virtual del real.<\/p>\n<p>Juego de rol es una absorbente historia polic\u00edaca y de misterio, que gira alrededor de una investigaci\u00f3n contrarreloj para resolver un crimen y descubrir al asesino.<br \/>\n\u201cUn enigma policiaco digno de Agatha Christie\u2026 Miyabe manipula con maestr\u00eda el ritmo y la atm\u00f3sfera de esta claustrof\u00f3bica trama que nos ir\u00e1 revelando poco a poco la sorprendente identidad del asesino\u201d<br \/>\nPublishers Weekly<br \/>\n\u201cImpactante novela de intriga que gira alrededor de la distop\u00eda del n\u00facleo familiar. Dos asesinatos con internet como tel\u00f3n de fondo y una investigaci\u00f3n policial astutamente dise\u00f1ada para encontrar al culpable\u2026 \u201d<br \/>\nThe Washington Post Book World<br \/>\n\u201cEl argumento, construido como si de una obra de teatro se tratase, no tarda en girar alrededor de las emociones puras de personas profundamente infelices y desarraigadas que sue\u00f1an con una vida familiar ideal, una aspiraci\u00f3n ya caduca en la agrietada estructura social que caracteriza la sociedad nipona actual\u2026 Miyabe es una espectadora comprensiva y astuta, que esboza el retrato id\u00edlico de la familia perfecta que sobrevive a base de mentiras y se ve arrastrada hacia un final violento y destructivo.\u201d<br \/>\nThe New York Times Book Review<br \/>\n\u201cJuego de rol comienza como una de esas historias policiacas a lo inspector Wexford y poco a poco se transforma en un oscuro thriller psicol\u00f3gico. De especial inter\u00e9s es su retrato de una parte de Tokio (un largo paseo por la elegante metr\u00f3polis electr\u00f3nica descrita en pel\u00edculas como Lost in translation) donde gente corriente vive, trabaja y hace realidad sus fantas\u00edas m\u00e1s oscuras.\u201d<br \/>\nThe Chicago Tribune<\/p>\n<p>&nbsp;<\/p>\n<p>Autor: Miyuki Miyabe<br \/>\nN\u00ba P\u00e1ginas: 288<br \/>\nG\u00e9nero: Novela de misterio, intriga<br \/>\nDimensiones: 15.5 x 23 cm<\/p>\n","protected":false},"excerpt":{"rendered":"<p>El equipo de polic\u00eda que investiga el doble homicidio de un hombre de mediana edad y su amante universitaria, descubre una serie de correos electr\u00f3nicos que vincula a la v\u00edctima con los miembros de una familia virtual, en la que \u00e9l desempe\u00f1aba el papel de \u00abPap\u00e1\u00bb. Entretanto, deciden organizar un dispositivo de protecci\u00f3n policial en [&hellip;]<\/p>\n","protected":false},"featured_media":5581,"template":"","meta":[],"product_brand":[],"product_cat":[45,50],"product_tag":[],"class_list":{"0":"post-5580","1":"product","2":"type-product","3":"status-publish","4":"has-post-thumbnail","6":"product_cat-libreria","7":"product_cat-libros-y-revistas","9":"first","10":"instock","11":"shipping-taxable","12":"purchasable","13":"product-type-simple"},"_links":{"self":[{"href":"https:\/\/alternativanikkei.com\/2026\/wp-json\/wp\/v2\/product\/5580","targetHints":{"allow":["GET"]}}],"collection":[{"href":"https:\/\/alternativanikkei.com\/2026\/wp-json\/wp\/v2\/product"}],"about":[{"href":"https:\/\/alternativanikkei.com\/2026\/wp-json\/wp\/v2\/types\/product"}],"wp:featuredmedia":[{"embeddable":true,"href":"https:\/\/alternativanikkei.com\/2026\/wp-json\/wp\/v2\/media\/5581"}],"wp:attachment":[{"href":"https:\/\/alternativanikkei.com\/2026\/wp-json\/wp\/v2\/media?parent=5580"}],"wp:term":[{"taxonomy":"product_brand","embeddable":true,"href":"https:\/\/alternativanikkei.com\/2026\/wp-json\/wp\/v2\/product_brand?post=5580"},{"taxonomy":"product_cat","embeddable":true,"href":"https:\/\/alternativanikkei.com\/2026\/wp-json\/wp\/v2\/product_cat?post=5580"},{"taxonomy":"product_tag","embeddable":true,"href":"https:\/\/alternativanikkei.com\/2026\/wp-json\/wp\/v2\/product_tag?post=5580"}],"curies":[{"name":"wp","href":"https:\/\/api.w.org\/{rel}","templated":true}]}}