{"id":5594,"date":"2016-06-28T19:43:10","date_gmt":"2016-06-28T22:43:10","guid":{"rendered":"http:\/\/alternativanikkei.com\/?post_type=product&#038;p=5594"},"modified":"2025-11-04T01:52:39","modified_gmt":"2025-11-04T04:52:39","slug":"manual-secreto-de-los-ninja-manga","status":"publish","type":"product","link":"https:\/\/alternativanikkei.com\/2026\/producto\/manual-secreto-de-los-ninja-manga\/","title":{"rendered":"MANUAL SECRETO DE LOS NINJA (manga)"},"content":{"rendered":"<p>Basado en los escritos originales del maestro ninja Hattori Hanz\u014d, general del sh\u014dgun Ieyasu Tokugawa y uno de los guerreros m\u00e1s famosos de la historia de Jap\u00f3n, este manga nos ofrece un relato de crecimiento y aprendizaje ambientado bajo el trasfondo de las intrigas pol\u00edticas del periodo Sengoku.<\/p>\n<p>Las peripecias de dos j\u00f3venes ninja, Hisaaki y Norio, en su camino hasta convertirse en guerreros shinobi. El aprendizaje de las t\u00e1cticas esenciales, el uso de armas, el desarrollo de habilidades al alcance de solo unos pocos elegidos, pero tambi\u00e9n los preceptos sobre las relaciones sociales, la naturaleza del enga\u00f1o y la mentira, constituyen una inmejorable manera de acercarse a estos m\u00edticos luchadores y descubrir los motivos de su eterna rivalidad con los samur\u00e1is.<br \/>\nEl libro incluye, adem\u00e1s, un amplio ep\u00edlogo escrito por Antony Cummins con detalles fascinantes sobre el Shinobi Hiden, uno de los \u00abpergaminos ninja\u00bb m\u00e1s conocidos, que nos desvelar\u00e1 algunos de los secretos de los shinobi y el exigente proceso de formaci\u00f3n al que eran sometidos.<\/p>\n<p>G\u00e9nero: C\u00f3mic, novela gr\u00e1fica<br \/>\nAutor: Sean Michael Wilson; Akiko Shimojima (Ilustr.) y Antony Cummins<br \/>\nEditorial Quaterni<span class=\"text_exposed_show\"><br \/>\n<\/span><\/p>\n<p>Dimensiones: 15 x 21 cm<\/p>\n","protected":false},"excerpt":{"rendered":"<p>Basado en los escritos originales del maestro ninja Hattori Hanz\u014d, general del sh\u014dgun Ieyasu Tokugawa y uno de los guerreros m\u00e1s famosos de la historia de Jap\u00f3n, este manga nos ofrece un relato de crecimiento y aprendizaje ambientado bajo el trasfondo de las intrigas pol\u00edticas del periodo Sengoku. Las peripecias de dos j\u00f3venes ninja, Hisaaki [&hellip;]<\/p>\n","protected":false},"featured_media":9095,"template":"","meta":[],"product_brand":[],"product_cat":[45,50],"product_tag":[],"class_list":{"0":"post-5594","1":"product","2":"type-product","3":"status-publish","4":"has-post-thumbnail","6":"product_cat-libreria","7":"product_cat-libros-y-revistas","9":"first","10":"instock","11":"shipping-taxable","12":"purchasable","13":"product-type-simple"},"_links":{"self":[{"href":"https:\/\/alternativanikkei.com\/2026\/wp-json\/wp\/v2\/product\/5594","targetHints":{"allow":["GET"]}}],"collection":[{"href":"https:\/\/alternativanikkei.com\/2026\/wp-json\/wp\/v2\/product"}],"about":[{"href":"https:\/\/alternativanikkei.com\/2026\/wp-json\/wp\/v2\/types\/product"}],"wp:featuredmedia":[{"embeddable":true,"href":"https:\/\/alternativanikkei.com\/2026\/wp-json\/wp\/v2\/media\/9095"}],"wp:attachment":[{"href":"https:\/\/alternativanikkei.com\/2026\/wp-json\/wp\/v2\/media?parent=5594"}],"wp:term":[{"taxonomy":"product_brand","embeddable":true,"href":"https:\/\/alternativanikkei.com\/2026\/wp-json\/wp\/v2\/product_brand?post=5594"},{"taxonomy":"product_cat","embeddable":true,"href":"https:\/\/alternativanikkei.com\/2026\/wp-json\/wp\/v2\/product_cat?post=5594"},{"taxonomy":"product_tag","embeddable":true,"href":"https:\/\/alternativanikkei.com\/2026\/wp-json\/wp\/v2\/product_tag?post=5594"}],"curies":[{"name":"wp","href":"https:\/\/api.w.org\/{rel}","templated":true}]}}