{"id":5598,"date":"2016-06-28T20:04:33","date_gmt":"2016-06-28T23:04:33","guid":{"rendered":"http:\/\/alternativanikkei.com\/?post_type=product&#038;p=5598"},"modified":"2026-03-31T09:41:52","modified_gmt":"2026-03-31T12:41:52","slug":"los-crimenes-del-jorobado","status":"publish","type":"product","link":"https:\/\/alternativanikkei.com\/2026\/producto\/los-crimenes-del-jorobado\/","title":{"rendered":"LOS CRIMENES DEL JOROBADO"},"content":{"rendered":"<div id=\"id_5772fe3b34a705712138581\" class=\"text_exposed_root text_exposed\"><span class=\"text_exposed_show\">Minoura es un joven de vida gris hasta que conoce a Hatsuyo, una muchacha que ser\u00e1 como un rayo de luz en su anodina vida. Por desgracia, las intrigas y el asesinato se interpondr\u00e1n entre los dos. Un supuesto robo que ha acabado mal, no es m\u00e1s que el inicio de una espiral de cr\u00edmenes tras los que se esconde una mente perversa capaz de cualquier cosa por lograr sus objetivos.<\/p>\n<p>Monstruos, islas apartadas, piratas y elementos t\u00edpicos del follet\u00edn decimon\u00f3nico aderezados con otros de radical modernidad, que solo Edogawa Rampo fue capaz de introducir, convierten Los cr\u00edmenes del jorobado en una obra esencial que abri\u00f3 la puerta a la adaptaci\u00f3n y nativizaci\u00f3n de la novela de misterio en Jap\u00f3n.<\/p>\n<p>Quaterni tiene el honor de presentar, por primera vez en castellano, una obra imprescindible del gran maestro de la novela japonesa de terror y misterio. Un relato sorprendente, tan duro y cruel como moderno y actual.<\/p>\n<p>Hirai Tar\u014d (1894-1965) es el autor de novela g\u00f3tica y de misterio m\u00e1s prestigioso de Jap\u00f3n, considerado el Edgar Allan Poe oriental. Eligi\u00f3 el pseud\u00f3nimo de Edogawa Rampo que no es m\u00e1s que una reinterpretaci\u00f3n de la pronunciaci\u00f3n japonesa del nombre de Poe, Edog\u0101 Aran P\u014d.<\/span><\/div>\n<p><span id=\"fbPhotoSnowliftCaption\" class=\"fbPhotosPhotoCaption\" tabindex=\"0\" data-ft=\"{&quot;tn&quot;:&quot;K&quot;}\"><\/span>G\u00e9nero: Detectives, misterio<br \/>\nAutor: Edogawa Rampo<br \/>\nEditorial Quaterni<\/p>\n<p>Dimensiones: 15.5 x 23 cm<\/p>\n<div class=\"text_exposed_root text_exposed\" style=\"display: inline;\"><span class=\"text_exposed_show\" style=\"display: inline;\">\u00a0<\/span><\/div>\n","protected":false},"excerpt":{"rendered":"<p>Minoura es un joven de vida gris hasta que conoce a Hatsuyo, una muchacha que ser\u00e1 como un rayo de luz en su anodina vida. Por desgracia, las intrigas y el asesinato se interpondr\u00e1n entre los dos. Un supuesto robo que ha acabado mal, no es m\u00e1s que el inicio de una espiral de cr\u00edmenes [&hellip;]<\/p>\n","protected":false},"featured_media":5599,"template":"","meta":[],"product_brand":[],"product_cat":[45,50],"product_tag":[],"class_list":{"0":"post-5598","1":"product","2":"type-product","3":"status-publish","4":"has-post-thumbnail","6":"product_cat-libreria","7":"product_cat-libros-y-revistas","9":"first","10":"instock","11":"shipping-taxable","12":"purchasable","13":"product-type-simple"},"_links":{"self":[{"href":"https:\/\/alternativanikkei.com\/2026\/wp-json\/wp\/v2\/product\/5598","targetHints":{"allow":["GET"]}}],"collection":[{"href":"https:\/\/alternativanikkei.com\/2026\/wp-json\/wp\/v2\/product"}],"about":[{"href":"https:\/\/alternativanikkei.com\/2026\/wp-json\/wp\/v2\/types\/product"}],"wp:featuredmedia":[{"embeddable":true,"href":"https:\/\/alternativanikkei.com\/2026\/wp-json\/wp\/v2\/media\/5599"}],"wp:attachment":[{"href":"https:\/\/alternativanikkei.com\/2026\/wp-json\/wp\/v2\/media?parent=5598"}],"wp:term":[{"taxonomy":"product_brand","embeddable":true,"href":"https:\/\/alternativanikkei.com\/2026\/wp-json\/wp\/v2\/product_brand?post=5598"},{"taxonomy":"product_cat","embeddable":true,"href":"https:\/\/alternativanikkei.com\/2026\/wp-json\/wp\/v2\/product_cat?post=5598"},{"taxonomy":"product_tag","embeddable":true,"href":"https:\/\/alternativanikkei.com\/2026\/wp-json\/wp\/v2\/product_tag?post=5598"}],"curies":[{"name":"wp","href":"https:\/\/api.w.org\/{rel}","templated":true}]}}