{"id":5627,"date":"2016-06-28T22:23:24","date_gmt":"2016-06-29T01:23:24","guid":{"rendered":"http:\/\/alternativanikkei.com\/?post_type=product&#038;p=5627"},"modified":"2025-11-03T17:10:25","modified_gmt":"2025-11-03T20:10:25","slug":"el-castillo-de-los-buhos-2","status":"publish","type":"product","link":"https:\/\/alternativanikkei.com\/2026\/producto\/el-castillo-de-los-buhos-2\/","title":{"rendered":"EL CASTILLO DE LOS BUHOS"},"content":{"rendered":"<div id=\"id_57732005927144453352713\" class=\"text_exposed_root text_exposed\"><span class=\"text_exposed_show\">Despu\u00e9s de pasar diez a\u00f1os recluido en un templo en las monta\u00f1as, J\u016bz\u014d, un mort\u00edfero ninja, recibe la orden de realizar un \u00faltimo trabajo: asesinar al hombre m\u00e1s poderoso del pa\u00eds, el Taiko Toyotomi Hideyoshi. Para lograrlo deber\u00e1 infiltrarse en la inexpugnable fortaleza que Hideyoshi acaba de construirse: el castillo de Fushimi.<br \/>\nA su regreso a Ky\u014dto, la capital del imperio, reunir\u00e1 de nuevo a sus antiguos compa\u00f1eros, supervivientes de la masacre de Iga que como \u00e9l est\u00e1n viviendo ocultos, para que lo ayuden en su misi\u00f3n. El clima en la capital es muy tenso, las intrigas pol\u00edticas est\u00e1n a la orden del d\u00eda y nada es lo que parece, motivo por el que no podr\u00e1 confiar en nadie para elaborar el plan que le permita llevar a buen t\u00e9rmino su misi\u00f3n.<\/p>\n<p>Adem\u00e1s, para alcanzar su objetivo, J\u016bz\u014d deber\u00e1 sortear dos obst\u00e1culos casi insalvables: Gohei, su inseparable amigo de la infancia, que al servicio del sh\u014dgun tiene la orden de capturar a los conspiradores; y Kohagi, una mujer ninja cuyas verdaderas intenciones desconoce.<\/p>\n<p>Comienza as\u00ed una historia de amistad, compa\u00f1erismo, amor, pasi\u00f3n, honor y combates a muerte; una novela \u00e9pica que gustar\u00e1 tanto a los aficionados a la historia como a los fans de las novelas de aventuras.<\/p>\n<p>El castillo de los b\u00fahos (Fukuro no shiro) es la novela de ninja m\u00e1s famosa de Jap\u00f3n. Ganadora del premio Naoki en 1960 ha sido adaptada en dos ocasiones (1963 y 1999) para la gran pantalla.<\/span><\/div>\n<div class=\"text_exposed_root text_exposed\"><\/div>\n<div class=\"text_exposed_root text_exposed\">G\u00e9nero: Hist\u00f3rica y aventuras<br \/>\nAutor: Ry\u014dtar\u014d Shiba<br \/>\nEditorial Quaterni<\/div>\n<div class=\"text_exposed_root text_exposed\">Dimensiones: 15.5 x 23 cm<\/div>\n<p>&nbsp;<\/p>\n<div class=\"text_exposed_root text_exposed\" style=\"display: inline;\"><span class=\"text_exposed_show\" style=\"display: inline;\">\u00a0<\/span><\/div>\n","protected":false},"excerpt":{"rendered":"<p>Despu\u00e9s de pasar diez a\u00f1os recluido en un templo en las monta\u00f1as, J\u016bz\u014d, un mort\u00edfero ninja, recibe la orden de realizar un \u00faltimo trabajo: asesinar al hombre m\u00e1s poderoso del pa\u00eds, el Taiko Toyotomi Hideyoshi. Para lograrlo deber\u00e1 infiltrarse en la inexpugnable fortaleza que Hideyoshi acaba de construirse: el castillo de Fushimi. A su regreso [&hellip;]<\/p>\n","protected":false},"featured_media":5629,"template":"","meta":[],"product_brand":[],"product_cat":[45,50],"product_tag":[],"class_list":{"0":"post-5627","1":"product","2":"type-product","3":"status-publish","4":"has-post-thumbnail","6":"product_cat-libreria","7":"product_cat-libros-y-revistas","9":"first","10":"instock","11":"shipping-taxable","12":"purchasable","13":"product-type-simple"},"_links":{"self":[{"href":"https:\/\/alternativanikkei.com\/2026\/wp-json\/wp\/v2\/product\/5627","targetHints":{"allow":["GET"]}}],"collection":[{"href":"https:\/\/alternativanikkei.com\/2026\/wp-json\/wp\/v2\/product"}],"about":[{"href":"https:\/\/alternativanikkei.com\/2026\/wp-json\/wp\/v2\/types\/product"}],"wp:featuredmedia":[{"embeddable":true,"href":"https:\/\/alternativanikkei.com\/2026\/wp-json\/wp\/v2\/media\/5629"}],"wp:attachment":[{"href":"https:\/\/alternativanikkei.com\/2026\/wp-json\/wp\/v2\/media?parent=5627"}],"wp:term":[{"taxonomy":"product_brand","embeddable":true,"href":"https:\/\/alternativanikkei.com\/2026\/wp-json\/wp\/v2\/product_brand?post=5627"},{"taxonomy":"product_cat","embeddable":true,"href":"https:\/\/alternativanikkei.com\/2026\/wp-json\/wp\/v2\/product_cat?post=5627"},{"taxonomy":"product_tag","embeddable":true,"href":"https:\/\/alternativanikkei.com\/2026\/wp-json\/wp\/v2\/product_tag?post=5627"}],"curies":[{"name":"wp","href":"https:\/\/api.w.org\/{rel}","templated":true}]}}