{"id":638,"date":"2014-10-22T23:39:10","date_gmt":"2014-10-23T02:39:10","guid":{"rendered":"http:\/\/www.alternativanikkei.com\/?post_type=product&#038;p=638"},"modified":"2025-11-04T01:55:24","modified_gmt":"2025-11-04T04:55:24","slug":"musashi-el-camino-de-la-espada-parte-ii","status":"publish","type":"product","link":"https:\/\/alternativanikkei.com\/2026\/producto\/musashi-el-camino-de-la-espada-parte-ii\/","title":{"rendered":"MUSASHI 2- EL CAMINO DE LA ESPADA (parte II)"},"content":{"rendered":"<table class=\"woocommerce-product-attributes shop_attributes\">\n<tbody>\n<tr class=\"woocommerce-product-attributes-item woocommerce-product-attributes-item--weight\">\n<th class=\"woocommerce-product-attributes-item__label\">Peso<\/th>\n<td class=\"woocommerce-product-attributes-item__value\">0.65 kg<\/td>\n<\/tr>\n<tr class=\"woocommerce-product-attributes-item woocommerce-product-attributes-item--dimensions\">\n<th class=\"woocommerce-product-attributes-item__label\">Dimensiones<\/th>\n<td class=\"woocommerce-product-attributes-item__value\">15.5 \u00d7 23 cm<\/td>\n<\/tr>\n<tr class=\"woocommerce-product-attributes-item woocommerce-product-attributes-item--attribute_pa_autor\">\n<th class=\"woocommerce-product-attributes-item__label\">Autor<\/th>\n<td class=\"woocommerce-product-attributes-item__value\">Eiji Yoshikawa<\/td>\n<\/tr>\n<tr class=\"woocommerce-product-attributes-item woocommerce-product-attributes-item--attribute_pa_isbn\">\n<th class=\"woocommerce-product-attributes-item__label\">ISBN<\/th>\n<td class=\"woocommerce-product-attributes-item__value\">9788493700959<\/td>\n<\/tr>\n<tr class=\"woocommerce-product-attributes-item woocommerce-product-attributes-item--attribute_pa_no-paginas\">\n<th class=\"woocommerce-product-attributes-item__label\">N\u00ba P\u00e1ginas<\/th>\n<td class=\"woocommerce-product-attributes-item__value\">464<\/td>\n<\/tr>\n<tr class=\"woocommerce-product-attributes-item woocommerce-product-attributes-item--attribute_pa_genero\">\n<th class=\"woocommerce-product-attributes-item__label\">G\u00e9nero<\/th>\n<td class=\"woocommerce-product-attributes-item__value\">Hist\u00f3rica y aventuras<\/td>\n<\/tr>\n<tr class=\"woocommerce-product-attributes-item woocommerce-product-attributes-item--attribute_pa_fecha-de-publicacion\">\n<th class=\"woocommerce-product-attributes-item__label\">Fecha de publicaci\u00f3n<\/th>\n<td class=\"woocommerce-product-attributes-item__value\">septiembre 2009<\/td>\n<\/tr>\n<tr class=\"woocommerce-product-attributes-item woocommerce-product-attributes-item--attribute_pa_ibic\">\n<th class=\"woocommerce-product-attributes-item__label\">IBIC<\/th>\n<td class=\"woocommerce-product-attributes-item__value\">FJH<\/td>\n<\/tr>\n<tr class=\"woocommerce-product-attributes-item woocommerce-product-attributes-item--attribute_pa_no-de-coleccion\">\n<th class=\"woocommerce-product-attributes-item__label\">N\u00ba de Colecci\u00f3n<\/th>\n<td class=\"woocommerce-product-attributes-item__value\">\u4e8c<\/td>\n<\/tr>\n<\/tbody>\n<\/table>\n<p><strong>Rese\u00f1a<\/strong><\/p>\n<p>Musashi es una saga imprescindible para todos aquellos que busquen lecturas de aventuras, es dram\u00e1tica y excitante. Musashi representaba como nadie el esp\u00edritu japon\u00e9s: un hombre solitario y que se labraba su propio camino, capaz de controlar sus pasiones hasta llegar a la perfecci\u00f3n en todo aquello que se propon\u00eda.<\/p>\n<p>Musashi ha progresado en el camino de la espada, sus tempranos \u00e9xitos empiezan a hacer de \u00e9l un espadach\u00edn de renombre. Durante su peregrinaje vence a los estudiantes de la prestigiosa escuela Yoshioka de Kyoto, quienes heridos en su orgullo no est\u00e1n muy dispuestos a aceptar su derrota. Musashi es desafiado a un duelo con Seijuro, el joven maestro de los Yoshioka, quien espera poder vengar a su escuela y restablecer el prestigio perdido.<\/p>\n<p>Descubre la vida de Miyamoto Musashi, el m\u00e1s famoso samurai de la historia de Jap\u00f3n. Una extraordinaria novela de aventuras en la mejor tradici\u00f3n narrativa japonesa, es un cl\u00e1sico imprescindible de las letras japonesas.<\/p>\n<p><strong>Caracter\u00edsticas generales<\/strong><br \/>\nP\u00e1ginas: 436<br \/>\nEncuadernaci\u00f3n: R\u00fastica<br \/>\nFicci\u00f3n (Narrativa japonesa)<br \/>\nMedidas: 15.5 x 23 cm<\/p>\n","protected":false},"excerpt":{"rendered":"<p>Peso 0.65 kg Dimensiones 15.5 \u00d7 23 cm Autor Eiji Yoshikawa ISBN 9788493700959 N\u00ba P\u00e1ginas 464 G\u00e9nero Hist\u00f3rica y aventuras Fecha de publicaci\u00f3n septiembre 2009 IBIC FJH N\u00ba de Colecci\u00f3n \u4e8c Rese\u00f1a Musashi es una saga imprescindible para todos aquellos que busquen lecturas de aventuras, es dram\u00e1tica y excitante. Musashi representaba como nadie el esp\u00edritu [&hellip;]<\/p>\n","protected":false},"featured_media":639,"template":"","meta":[],"product_brand":[],"product_cat":[45,50],"product_tag":[],"class_list":{"0":"post-638","1":"product","2":"type-product","3":"status-publish","4":"has-post-thumbnail","6":"product_cat-libreria","7":"product_cat-libros-y-revistas","9":"first","10":"instock","11":"featured","12":"shipping-taxable","13":"purchasable","14":"product-type-simple"},"_links":{"self":[{"href":"https:\/\/alternativanikkei.com\/2026\/wp-json\/wp\/v2\/product\/638","targetHints":{"allow":["GET"]}}],"collection":[{"href":"https:\/\/alternativanikkei.com\/2026\/wp-json\/wp\/v2\/product"}],"about":[{"href":"https:\/\/alternativanikkei.com\/2026\/wp-json\/wp\/v2\/types\/product"}],"wp:featuredmedia":[{"embeddable":true,"href":"https:\/\/alternativanikkei.com\/2026\/wp-json\/wp\/v2\/media\/639"}],"wp:attachment":[{"href":"https:\/\/alternativanikkei.com\/2026\/wp-json\/wp\/v2\/media?parent=638"}],"wp:term":[{"taxonomy":"product_brand","embeddable":true,"href":"https:\/\/alternativanikkei.com\/2026\/wp-json\/wp\/v2\/product_brand?post=638"},{"taxonomy":"product_cat","embeddable":true,"href":"https:\/\/alternativanikkei.com\/2026\/wp-json\/wp\/v2\/product_cat?post=638"},{"taxonomy":"product_tag","embeddable":true,"href":"https:\/\/alternativanikkei.com\/2026\/wp-json\/wp\/v2\/product_tag?post=638"}],"curies":[{"name":"wp","href":"https:\/\/api.w.org\/{rel}","templated":true}]}}