{"id":645,"date":"2015-07-01T12:25:11","date_gmt":"2015-07-01T15:25:11","guid":{"rendered":"http:\/\/www.alternativanikkei.com\/?post_type=product&#038;p=645"},"modified":"2025-11-04T01:54:09","modified_gmt":"2025-11-04T04:54:09","slug":"musashi-la-leyenda-del-samurai-parte-i","status":"publish","type":"product","link":"https:\/\/alternativanikkei.com\/2026\/producto\/musashi-la-leyenda-del-samurai-parte-i\/","title":{"rendered":"MUSASHI 1- LA LEYENDA DEL SAMURAI (parte I)"},"content":{"rendered":"<table class=\"woocommerce-product-attributes shop_attributes\">\n<tbody>\n<tr class=\"woocommerce-product-attributes-item woocommerce-product-attributes-item--weight\">\n<th class=\"woocommerce-product-attributes-item__label\">Peso<\/th>\n<td class=\"woocommerce-product-attributes-item__value\">0.65 kg<\/td>\n<\/tr>\n<tr class=\"woocommerce-product-attributes-item woocommerce-product-attributes-item--dimensions\">\n<th class=\"woocommerce-product-attributes-item__label\">Dimensiones<\/th>\n<td class=\"woocommerce-product-attributes-item__value\">15.5 \u00d7 23 cm<\/td>\n<\/tr>\n<tr class=\"woocommerce-product-attributes-item woocommerce-product-attributes-item--attribute_pa_autor\">\n<th class=\"woocommerce-product-attributes-item__label\">Autor<\/th>\n<td class=\"woocommerce-product-attributes-item__value\">Eiji Yoshikawa<\/td>\n<\/tr>\n<tr class=\"woocommerce-product-attributes-item woocommerce-product-attributes-item--attribute_pa_isbn\">\n<th class=\"woocommerce-product-attributes-item__label\">ISBN<\/th>\n<td class=\"woocommerce-product-attributes-item__value\">9788493700911<\/td>\n<\/tr>\n<tr class=\"woocommerce-product-attributes-item woocommerce-product-attributes-item--attribute_pa_no-paginas\">\n<th class=\"woocommerce-product-attributes-item__label\">N\u00ba P\u00e1ginas<\/th>\n<td class=\"woocommerce-product-attributes-item__value\">464<\/td>\n<\/tr>\n<tr class=\"woocommerce-product-attributes-item woocommerce-product-attributes-item--attribute_pa_genero\">\n<th class=\"woocommerce-product-attributes-item__label\">G\u00e9nero<\/th>\n<td class=\"woocommerce-product-attributes-item__value\">Hist\u00f3rica y aventuras<\/td>\n<\/tr>\n<tr class=\"woocommerce-product-attributes-item woocommerce-product-attributes-item--attribute_pa_fecha-de-publicacion\">\n<th class=\"woocommerce-product-attributes-item__label\">Fecha de publicaci\u00f3n<\/th>\n<td class=\"woocommerce-product-attributes-item__value\">marzo 2009<\/td>\n<\/tr>\n<tr class=\"woocommerce-product-attributes-item woocommerce-product-attributes-item--attribute_pa_ibic\">\n<th class=\"woocommerce-product-attributes-item__label\">IBIC<\/th>\n<td class=\"woocommerce-product-attributes-item__value\">FJH<\/td>\n<\/tr>\n<tr class=\"woocommerce-product-attributes-item woocommerce-product-attributes-item--attribute_pa_no-de-coleccion\">\n<th class=\"woocommerce-product-attributes-item__label\">N\u00ba de Colecci\u00f3n<\/th>\n<td class=\"woocommerce-product-attributes-item__value\">\u4e00<\/td>\n<\/tr>\n<\/tbody>\n<\/table>\n<p>&nbsp;<\/p>\n<p>Descubre la vida de Miyamoto Musashi, el m\u00e1s famoso samurai de la historia de Jap\u00f3n. Una extraordinaria novela de aventuras en la mejor tradici\u00f3n narrativa japonesa. Un cl\u00e1sico imprescindible de las letras niponas.Ya puedes disfrutar del primer volumen de los tres que componen esta obra.<\/p>\n<p>\u201cMusashi es una saga imprescindible para todos aquellos que busquen un libro de aventuras conmovedor\u201d . Washington Post Book World<br \/>\n\u201cEsta brillante aventura de samurais ha vendido m\u00e1s de 120 millones de unidades en Jap\u00f3n. Ahora tenemos la oportunidad de comprobar por qu\u00e9\u201d. Publishers Weekly<br \/>\n\u201cTiene todo lo que podr\u00edas esperar de una saga \u00e9pica de aventuras\u201d. Jan Morris<br \/>\n\u201cDram\u00e1tica y excitante\u201d. Philadelphia Bulletin<br \/>\n\u201cLo que el viento se llev\u00f3 de Jap\u00f3n\u201d. Edwin O. Reischauer (Harvard University)<\/p>\n","protected":false},"excerpt":{"rendered":"<p>Peso 0.65 kg Dimensiones 15.5 \u00d7 23 cm Autor Eiji Yoshikawa ISBN 9788493700911 N\u00ba P\u00e1ginas 464 G\u00e9nero Hist\u00f3rica y aventuras Fecha de publicaci\u00f3n marzo 2009 IBIC FJH N\u00ba de Colecci\u00f3n \u4e00 &nbsp; Descubre la vida de Miyamoto Musashi, el m\u00e1s famoso samurai de la historia de Jap\u00f3n. Una extraordinaria novela de aventuras en la mejor [&hellip;]<\/p>\n","protected":false},"featured_media":1362,"template":"","meta":[],"product_brand":[],"product_cat":[45,50],"product_tag":[],"class_list":{"0":"post-645","1":"product","2":"type-product","3":"status-publish","4":"has-post-thumbnail","6":"product_cat-libreria","7":"product_cat-libros-y-revistas","9":"first","10":"instock","11":"featured","12":"shipping-taxable","13":"purchasable","14":"product-type-simple"},"_links":{"self":[{"href":"https:\/\/alternativanikkei.com\/2026\/wp-json\/wp\/v2\/product\/645","targetHints":{"allow":["GET"]}}],"collection":[{"href":"https:\/\/alternativanikkei.com\/2026\/wp-json\/wp\/v2\/product"}],"about":[{"href":"https:\/\/alternativanikkei.com\/2026\/wp-json\/wp\/v2\/types\/product"}],"wp:featuredmedia":[{"embeddable":true,"href":"https:\/\/alternativanikkei.com\/2026\/wp-json\/wp\/v2\/media\/1362"}],"wp:attachment":[{"href":"https:\/\/alternativanikkei.com\/2026\/wp-json\/wp\/v2\/media?parent=645"}],"wp:term":[{"taxonomy":"product_brand","embeddable":true,"href":"https:\/\/alternativanikkei.com\/2026\/wp-json\/wp\/v2\/product_brand?post=645"},{"taxonomy":"product_cat","embeddable":true,"href":"https:\/\/alternativanikkei.com\/2026\/wp-json\/wp\/v2\/product_cat?post=645"},{"taxonomy":"product_tag","embeddable":true,"href":"https:\/\/alternativanikkei.com\/2026\/wp-json\/wp\/v2\/product_tag?post=645"}],"curies":[{"name":"wp","href":"https:\/\/api.w.org\/{rel}","templated":true}]}}