{"id":651,"date":"2014-10-23T12:55:21","date_gmt":"2014-10-23T15:55:21","guid":{"rendered":"http:\/\/www.alternativanikkei.com\/?post_type=product&#038;p=651"},"modified":"2025-11-04T01:55:14","modified_gmt":"2025-11-04T04:55:14","slug":"hanshichi-de-kido-okamoto","status":"publish","type":"product","link":"https:\/\/alternativanikkei.com\/2026\/producto\/hanshichi-de-kido-okamoto\/","title":{"rendered":"HANSHICHI"},"content":{"rendered":"<h4>Un detective en el Jap\u00f3n de los samurais<\/h4>\n<h4>Autor: Kido Okamoto<\/h4>\n<p>&nbsp;<\/p>\n<p><strong>Rese\u00f1a:<\/strong><\/p>\n<p>Este libro re\u00fane diez casos fascinantes y misteriosos que se desarrollan entre 1840 y 1860, una \u00e9poca en la que tradici\u00f3n y superstici\u00f3n van de la mano y son el verdadero enemigo del racional y poco ortodoxo Hanshichi.<\/p>\n<p>Kid\u014d Okamoto consigue que el lector disfrute con los casos del astuto inspector, traslad\u00e1ndolo a un per\u00edodo ex\u00f3tico incluso para los japoneses. Una era plagada de aparecidos, de hechizos de zorros, de criaturas kappa y de fantasmas. Misterios a los que el detective se enfrentar\u00e1, armado \u00fanicamente con su ingenio y sus h\u00e1biles e incisivos interrogatorios.<\/p>\n<p>El lector asistir\u00e1 fascinado a una vibrante y colorida descripci\u00f3n de la ciudad de Edo, se colar\u00e1 en las mansiones de los samur\u00e1is, en los ba\u00f1os p\u00fablicos, en las modestas \u201cnagaya\u201d o casas de vecinos, pasando por innumerables talleres artesanos y modestos restaurantes.<\/p>\n<p>Las historias cargadas con buenas dosis de humor y escritas con una prosa \u00e1gil, fresca, fluida y divertida, se dejan leer en un rato arranc\u00e1ndonos m\u00e1s de una sonrisa.<\/p>\n<p><strong>Caracter\u00edsticas generales:<\/strong><\/p>\n<p>P\u00e1ginas 336<br \/>\nEncuadernaci\u00f3n R\u00fastica<br \/>\nFicci\u00f3n (Narrativa japonesa)<br \/>\nMedidas 15.5 x 23 cm<\/p>\n","protected":false},"excerpt":{"rendered":"<p>Un detective en el Jap\u00f3n de los samurais Autor: Kido Okamoto &nbsp; Rese\u00f1a: Este libro re\u00fane diez casos fascinantes y misteriosos que se desarrollan entre 1840 y 1860, una \u00e9poca en la que tradici\u00f3n y superstici\u00f3n van de la mano y son el verdadero enemigo del racional y poco ortodoxo Hanshichi. Kid\u014d Okamoto consigue que [&hellip;]<\/p>\n","protected":false},"featured_media":1358,"template":"","meta":[],"product_brand":[],"product_cat":[45,50],"product_tag":[],"class_list":{"0":"post-651","1":"product","2":"type-product","3":"status-publish","4":"has-post-thumbnail","6":"product_cat-libreria","7":"product_cat-libros-y-revistas","9":"first","10":"instock","11":"featured","12":"shipping-taxable","13":"purchasable","14":"product-type-simple"},"_links":{"self":[{"href":"https:\/\/alternativanikkei.com\/2026\/wp-json\/wp\/v2\/product\/651","targetHints":{"allow":["GET"]}}],"collection":[{"href":"https:\/\/alternativanikkei.com\/2026\/wp-json\/wp\/v2\/product"}],"about":[{"href":"https:\/\/alternativanikkei.com\/2026\/wp-json\/wp\/v2\/types\/product"}],"wp:featuredmedia":[{"embeddable":true,"href":"https:\/\/alternativanikkei.com\/2026\/wp-json\/wp\/v2\/media\/1358"}],"wp:attachment":[{"href":"https:\/\/alternativanikkei.com\/2026\/wp-json\/wp\/v2\/media?parent=651"}],"wp:term":[{"taxonomy":"product_brand","embeddable":true,"href":"https:\/\/alternativanikkei.com\/2026\/wp-json\/wp\/v2\/product_brand?post=651"},{"taxonomy":"product_cat","embeddable":true,"href":"https:\/\/alternativanikkei.com\/2026\/wp-json\/wp\/v2\/product_cat?post=651"},{"taxonomy":"product_tag","embeddable":true,"href":"https:\/\/alternativanikkei.com\/2026\/wp-json\/wp\/v2\/product_tag?post=651"}],"curies":[{"name":"wp","href":"https:\/\/api.w.org\/{rel}","templated":true}]}}