{"id":8038,"date":"2018-02-17T20:33:09","date_gmt":"2018-02-17T23:33:09","guid":{"rendered":"http:\/\/alternativanikkei.com\/?post_type=product&#038;p=8038"},"modified":"2025-11-04T01:42:11","modified_gmt":"2025-11-04T04:42:11","slug":"creepy-escalofrio","status":"publish","type":"product","link":"https:\/\/alternativanikkei.com\/2026\/producto\/creepy-escalofrio\/","title":{"rendered":"CREEPY (Escalofr\u00edo)"},"content":{"rendered":"<h2>Descripci\u00f3n<\/h2>\n<p>Jap\u00f3n, en pleno siglo XXI sus habitantes, gracias a los tel\u00e9fonos m\u00f3viles e Internet, tienen infinitas posibilidades de relacionarse entre s\u00ed. Y sin embargo, parad\u00f3jicamente, las nuevas tecnolog\u00edas han dado lugar a una sociedad superficial donde las relaciones humanas y los lazos familiares son casi inexistentes.<\/p>\n<p>Esto lo sabe bien Takakura, psic\u00f3logo criminal\u00edstico que imparte clase en la universidad y vive pl\u00e1cidamente con su esposa en una casa unifamiliar de un barrio residencial y tranquilo de T\u014dky\u014d.<\/p>\n<p>Un d\u00eda recibe una llamada de Nogami, un antiguo compa\u00f1ero del colegio que ahora es inspector de polic\u00eda. Este le solicita su ayuda para tratar de arrojar luz sobre un caso antiguo que est\u00e1 a punto de prescribir sin haber sido resuelto. Quiere que eval\u00fae el nuevo testimonio de una joven cuyos padres y hermano desaparecieron sin dejar rastro.<\/p>\n<p>A partir de ese momento la vida de Takakura sufrir\u00e1 un vuelco radical y en su entorno comenzar\u00e1n a suceder una serie de extra\u00f1os acontecimientos\u2026<\/p>\n<p>\u00bfQu\u00e9 ocurre cuando nadie a tu alrededor es quien dice ser?<\/p>\n<p><em>Creepy. No conf\u00edes en nadie.<\/em><\/p>\n","protected":false},"excerpt":{"rendered":"<p>Descripci\u00f3n Jap\u00f3n, en pleno siglo XXI sus habitantes, gracias a los tel\u00e9fonos m\u00f3viles e Internet, tienen infinitas posibilidades de relacionarse entre s\u00ed. Y sin embargo, parad\u00f3jicamente, las nuevas tecnolog\u00edas han dado lugar a una sociedad superficial donde las relaciones humanas y los lazos familiares son casi inexistentes. Esto lo sabe bien Takakura, psic\u00f3logo criminal\u00edstico que [&hellip;]<\/p>\n","protected":false},"featured_media":8040,"template":"","meta":[],"product_brand":[],"product_cat":[45,50],"product_tag":[],"class_list":{"0":"post-8038","1":"product","2":"type-product","3":"status-publish","4":"has-post-thumbnail","6":"product_cat-libreria","7":"product_cat-libros-y-revistas","9":"first","10":"instock","11":"shipping-taxable","12":"purchasable","13":"product-type-simple"},"_links":{"self":[{"href":"https:\/\/alternativanikkei.com\/2026\/wp-json\/wp\/v2\/product\/8038","targetHints":{"allow":["GET"]}}],"collection":[{"href":"https:\/\/alternativanikkei.com\/2026\/wp-json\/wp\/v2\/product"}],"about":[{"href":"https:\/\/alternativanikkei.com\/2026\/wp-json\/wp\/v2\/types\/product"}],"wp:featuredmedia":[{"embeddable":true,"href":"https:\/\/alternativanikkei.com\/2026\/wp-json\/wp\/v2\/media\/8040"}],"wp:attachment":[{"href":"https:\/\/alternativanikkei.com\/2026\/wp-json\/wp\/v2\/media?parent=8038"}],"wp:term":[{"taxonomy":"product_brand","embeddable":true,"href":"https:\/\/alternativanikkei.com\/2026\/wp-json\/wp\/v2\/product_brand?post=8038"},{"taxonomy":"product_cat","embeddable":true,"href":"https:\/\/alternativanikkei.com\/2026\/wp-json\/wp\/v2\/product_cat?post=8038"},{"taxonomy":"product_tag","embeddable":true,"href":"https:\/\/alternativanikkei.com\/2026\/wp-json\/wp\/v2\/product_tag?post=8038"}],"curies":[{"name":"wp","href":"https:\/\/api.w.org\/{rel}","templated":true}]}}