{"id":8048,"date":"2018-02-17T20:53:23","date_gmt":"2018-02-17T23:53:23","guid":{"rendered":"http:\/\/alternativanikkei.com\/?post_type=product&#038;p=8048"},"modified":"2025-11-04T01:41:58","modified_gmt":"2025-11-04T04:41:58","slug":"brave-story-la-torre-del-destino","status":"publish","type":"product","link":"https:\/\/alternativanikkei.com\/2026\/producto\/brave-story-la-torre-del-destino\/","title":{"rendered":"Brave Story. La Torre del Destino"},"content":{"rendered":"<h2>Descripci\u00f3n<\/h2>\n<p><b>La novela fant\u00e1stica m\u00e1s prestigiosa de Jap\u00f3n. Ha sido versionada al manga, anime y a los videojuegos.<\/b><\/p>\n<p>Contin\u00faa la aventura del joven Wataru en el mundo m\u00e1gico de Visi\u00f3n. Con l ayuda de sus amigos, el acualio Kee Keema y la minines Meena, tendr\u00e1 que encontrar las 4 gemas que le faltan para completar el Sigilo, la llave en forma de estrella que le permitir\u00e1 acceder a la Torre del Destino, donde le espera la Diosa.<\/p>\n<p>Una vez all\u00ed, la Diosa le conceder\u00e1 un deseo: Wataru tendr\u00e1 que decidir entre salvar a los habitantes de Visi\u00f3n o reunir de nuevo a su familia y regresar a casa.<\/p>\n<p>Inspirada en el mundo de los videojuegos, los juegos de rol y los relatos cl\u00e1sicos de aventuras, Brave Story es una aventura \u00e9pica inolvidable con ecos de Las cr\u00f3nicas de Narnia, Harry Potter y La historia interminable.<\/p>\n<p><b>Premio Batchelder 2008 en EE.UU concedido al mejor libro infantil y juvenil escrito en idioma no ingl\u00e9s.<\/b><\/p>\n","protected":false},"excerpt":{"rendered":"<p>Descripci\u00f3n La novela fant\u00e1stica m\u00e1s prestigiosa de Jap\u00f3n. Ha sido versionada al manga, anime y a los videojuegos. Contin\u00faa la aventura del joven Wataru en el mundo m\u00e1gico de Visi\u00f3n. Con l ayuda de sus amigos, el acualio Kee Keema y la minines Meena, tendr\u00e1 que encontrar las 4 gemas que le faltan para completar [&hellip;]<\/p>\n","protected":false},"featured_media":8049,"template":"","meta":[],"product_brand":[],"product_cat":[45,50],"product_tag":[],"class_list":{"0":"post-8048","1":"product","2":"type-product","3":"status-publish","4":"has-post-thumbnail","6":"product_cat-libreria","7":"product_cat-libros-y-revistas","9":"first","10":"instock","11":"shipping-taxable","12":"purchasable","13":"product-type-simple"},"_links":{"self":[{"href":"https:\/\/alternativanikkei.com\/2026\/wp-json\/wp\/v2\/product\/8048","targetHints":{"allow":["GET"]}}],"collection":[{"href":"https:\/\/alternativanikkei.com\/2026\/wp-json\/wp\/v2\/product"}],"about":[{"href":"https:\/\/alternativanikkei.com\/2026\/wp-json\/wp\/v2\/types\/product"}],"wp:featuredmedia":[{"embeddable":true,"href":"https:\/\/alternativanikkei.com\/2026\/wp-json\/wp\/v2\/media\/8049"}],"wp:attachment":[{"href":"https:\/\/alternativanikkei.com\/2026\/wp-json\/wp\/v2\/media?parent=8048"}],"wp:term":[{"taxonomy":"product_brand","embeddable":true,"href":"https:\/\/alternativanikkei.com\/2026\/wp-json\/wp\/v2\/product_brand?post=8048"},{"taxonomy":"product_cat","embeddable":true,"href":"https:\/\/alternativanikkei.com\/2026\/wp-json\/wp\/v2\/product_cat?post=8048"},{"taxonomy":"product_tag","embeddable":true,"href":"https:\/\/alternativanikkei.com\/2026\/wp-json\/wp\/v2\/product_tag?post=8048"}],"curies":[{"name":"wp","href":"https:\/\/api.w.org\/{rel}","templated":true}]}}