{"id":8702,"date":"2019-02-25T11:17:06","date_gmt":"2019-02-25T14:17:06","guid":{"rendered":"https:\/\/alternativanikkei.com\/?post_type=product&#038;p=8702"},"modified":"2026-03-31T09:41:43","modified_gmt":"2026-03-31T12:41:43","slug":"aprende-japones-facil-konnichiwa-nihongo","status":"publish","type":"product","link":"https:\/\/alternativanikkei.com\/2026\/producto\/aprende-japones-facil-konnichiwa-nihongo\/","title":{"rendered":"Aprende japon\u00e9s f\u00e1cil. Konnichiwa, Nihongo!"},"content":{"rendered":"<p>Cientos de palabras y expresiones para el d\u00eda a d\u00eda en Jap\u00f3n.\u00a0<strong>Sencilla, c\u00f3moda y f\u00e1cil de usar<\/strong>, una gu\u00eda a todo color imprescindible para llevar encima en tu viaje a Jap\u00f3n y comenzar a comunicarte en japon\u00e9s. Incluye\u00a0<em>hiragana<\/em>,\u00a0<em>katakana<\/em>\u00a0y\u00a0<em>kanji<\/em>.<\/p>\n<p>\u00bfHas vivido o viajado a Jap\u00f3n? \u00bfEst\u00e1s en contacto o te interesa la cultura japonesa y sus\u00a0singularidades? \u00bfNo te gustar\u00eda mejorar tu fluidez hablando japon\u00e9s? En este libro encontrar\u00e1s una amplia variedad de\u00a0<strong>frases \u00fatiles para distintas ocasiones<\/strong>\u00a0junto con una lista de palabras intercambiables y un glosario, lo que te permitir\u00e1 usar las\u00a0frases tal cual o adaptarlas a cualquier conversaci\u00f3n dependiendo del contexto.<\/p>\n<p>Este libro, tender\u00e1 un puente entre t\u00fa y toda la gente que conozcas durante tu estancia en Jap\u00f3n, te ser\u00e1\u00a0<strong>\u00fatil en todo momento<\/strong>\u00a0y en cualquier lugar, as\u00ed que ll\u00e9valo contigo y encuentra el modo m\u00e1s conveniente de utilizarlo.<\/p>\n<p><strong><em>Best seller del Japan Times, es el libro de idiomas m\u00e1s vendido de Jap\u00f3n.<\/em><\/strong><\/p>\n","protected":false},"excerpt":{"rendered":"<p>Cientos de palabras y expresiones para el d\u00eda a d\u00eda en Jap\u00f3n.\u00a0Sencilla, c\u00f3moda y f\u00e1cil de usar, una gu\u00eda a todo color imprescindible para llevar encima en tu viaje a Jap\u00f3n y comenzar a comunicarte en japon\u00e9s. Incluye\u00a0hiragana,\u00a0katakana\u00a0y\u00a0kanji. \u00bfHas vivido o viajado a Jap\u00f3n? \u00bfEst\u00e1s en contacto o te interesa la cultura japonesa y sus\u00a0singularidades? [&hellip;]<\/p>\n","protected":false},"featured_media":9303,"template":"","meta":[],"product_brand":[],"product_cat":[45,50],"product_tag":[],"class_list":{"0":"post-8702","1":"product","2":"type-product","3":"status-publish","4":"has-post-thumbnail","6":"product_cat-libreria","7":"product_cat-libros-y-revistas","9":"first","10":"instock","11":"featured","12":"shipping-taxable","13":"purchasable","14":"product-type-simple"},"_links":{"self":[{"href":"https:\/\/alternativanikkei.com\/2026\/wp-json\/wp\/v2\/product\/8702","targetHints":{"allow":["GET"]}}],"collection":[{"href":"https:\/\/alternativanikkei.com\/2026\/wp-json\/wp\/v2\/product"}],"about":[{"href":"https:\/\/alternativanikkei.com\/2026\/wp-json\/wp\/v2\/types\/product"}],"wp:featuredmedia":[{"embeddable":true,"href":"https:\/\/alternativanikkei.com\/2026\/wp-json\/wp\/v2\/media\/9303"}],"wp:attachment":[{"href":"https:\/\/alternativanikkei.com\/2026\/wp-json\/wp\/v2\/media?parent=8702"}],"wp:term":[{"taxonomy":"product_brand","embeddable":true,"href":"https:\/\/alternativanikkei.com\/2026\/wp-json\/wp\/v2\/product_brand?post=8702"},{"taxonomy":"product_cat","embeddable":true,"href":"https:\/\/alternativanikkei.com\/2026\/wp-json\/wp\/v2\/product_cat?post=8702"},{"taxonomy":"product_tag","embeddable":true,"href":"https:\/\/alternativanikkei.com\/2026\/wp-json\/wp\/v2\/product_tag?post=8702"}],"curies":[{"name":"wp","href":"https:\/\/api.w.org\/{rel}","templated":true}]}}