{"id":8707,"date":"2019-02-25T11:26:23","date_gmt":"2019-02-25T14:26:23","guid":{"rendered":"https:\/\/alternativanikkei.com\/?post_type=product&#038;p=8707"},"modified":"2025-11-04T01:41:40","modified_gmt":"2025-11-04T04:41:40","slug":"aki-monogatari-el-samurai-errante","status":"publish","type":"product","link":"https:\/\/alternativanikkei.com\/2026\/producto\/aki-monogatari-el-samurai-errante\/","title":{"rendered":"El samur\u00e1i errante"},"content":{"rendered":"<p>Jap\u00f3n, Era Keich\u014d, a\u00f1o decimosexto, siendo Emperador Go-Mizunoo.<em>\u00a0<\/em><\/p>\n<p>El\u00a0<em>\u014dgosho<\/em>\u00a0Tokugawa Ieyasu ha ordenado la construcci\u00f3n en secreto de una\u00a0<em>nao<\/em>\u00a0de estilo occidental en un lugar rec\u00f3ndito de la provincia de Mutsu, al norte. Su objetivo es establecer una nueva ruta comercial con el virreinato de Nueva Espa\u00f1a aprovechando la corriente negra.<\/p>\n<p>El proyecto avanza a buen ritmo, hasta que, con la llegada de la primera luna de oto\u00f1o, la muerte de una serie de campesinas hace que los trabajadores se nieguen a continuar. Todo parece indicar que el responsable es un\u00a0<em>kodama<\/em>, un esp\u00edritu del bosque, decidido a proteger su hogar.<\/p>\n<p>Dispuesto a averiguar la verdad, el\u00a0<em>daimy\u014d<\/em>\u00a0Date Masamune, se\u00f1or de esas tierras, env\u00eda a su Investigador de Asuntos Especiales, Miyamoto Tsunetomo, y a su hijo adoptivo y disc\u00edpulo Aki al lugar; cualquier retraso en la fecha de entrega del barco del\u00a0<em>sh\u014dgun<\/em>\u00a0puede suponer que el clan caiga en desgracia. Pero un contratiempo inesperado obliga a Aki a seguir solo. La \u00fanica ayuda con la que contar\u00e1 ser\u00e1 la de un\u00a0<em>shugy\u014dsha<\/em>, un misterioso samur\u00e1i errante que ha conocido durante el camino.<\/p>\n<p><em>El samur\u00e1i errante<\/em>\u00a0es una novela de aventuras fielmente ambientada en el Jap\u00f3n de principios del siglo XVII, una era en la que todo est\u00e1 cambiando, desde el nuevo sistema de gobierno instaurado por los Tokugawa tras la unificaci\u00f3n del pa\u00eds, a las funciones y la propia raz\u00f3n de ser de la clase samur\u00e1i, ahora sometida a la burocracia y al creciente poder de una nueva clase social, los\u00a0<em>ch\u014dnin<\/em>. Jap\u00f3n necesita cada vez menos guerreros y m\u00e1s comerciantes.<\/p>\n","protected":false},"excerpt":{"rendered":"<p>Jap\u00f3n, Era Keich\u014d, a\u00f1o decimosexto, siendo Emperador Go-Mizunoo.\u00a0 El\u00a0\u014dgosho\u00a0Tokugawa Ieyasu ha ordenado la construcci\u00f3n en secreto de una\u00a0nao\u00a0de estilo occidental en un lugar rec\u00f3ndito de la provincia de Mutsu, al norte. Su objetivo es establecer una nueva ruta comercial con el virreinato de Nueva Espa\u00f1a aprovechando la corriente negra. El proyecto avanza a buen ritmo, [&hellip;]<\/p>\n","protected":false},"featured_media":8708,"template":"","meta":[],"product_brand":[],"product_cat":[45,50],"product_tag":[],"class_list":{"0":"post-8707","1":"product","2":"type-product","3":"status-publish","4":"has-post-thumbnail","6":"product_cat-libreria","7":"product_cat-libros-y-revistas","9":"first","10":"instock","11":"shipping-taxable","12":"purchasable","13":"product-type-simple"},"_links":{"self":[{"href":"https:\/\/alternativanikkei.com\/2026\/wp-json\/wp\/v2\/product\/8707","targetHints":{"allow":["GET"]}}],"collection":[{"href":"https:\/\/alternativanikkei.com\/2026\/wp-json\/wp\/v2\/product"}],"about":[{"href":"https:\/\/alternativanikkei.com\/2026\/wp-json\/wp\/v2\/types\/product"}],"wp:featuredmedia":[{"embeddable":true,"href":"https:\/\/alternativanikkei.com\/2026\/wp-json\/wp\/v2\/media\/8708"}],"wp:attachment":[{"href":"https:\/\/alternativanikkei.com\/2026\/wp-json\/wp\/v2\/media?parent=8707"}],"wp:term":[{"taxonomy":"product_brand","embeddable":true,"href":"https:\/\/alternativanikkei.com\/2026\/wp-json\/wp\/v2\/product_brand?post=8707"},{"taxonomy":"product_cat","embeddable":true,"href":"https:\/\/alternativanikkei.com\/2026\/wp-json\/wp\/v2\/product_cat?post=8707"},{"taxonomy":"product_tag","embeddable":true,"href":"https:\/\/alternativanikkei.com\/2026\/wp-json\/wp\/v2\/product_tag?post=8707"}],"curies":[{"name":"wp","href":"https:\/\/api.w.org\/{rel}","templated":true}]}}