{"id":8716,"date":"2019-02-25T11:42:11","date_gmt":"2019-02-25T14:42:11","guid":{"rendered":"https:\/\/alternativanikkei.com\/?post_type=product&#038;p=8716"},"modified":"2024-08-24T17:33:55","modified_gmt":"2024-08-24T20:33:55","slug":"la-rapsodia-de-la-gata-holmes-los-misterios-de-la-gata-holmes","status":"publish","type":"product","link":"https:\/\/alternativanikkei.com\/2026\/producto\/la-rapsodia-de-la-gata-holmes-los-misterios-de-la-gata-holmes\/","title":{"rendered":"La rapsodia de la gata Holmes. Los misterios de la gata Holmes"},"content":{"rendered":"<p>ras recibir una amenaza de muerte, la joven violinista Mari Sakurai permanecer\u00e1 aislada junto al resto de finalistas de un prestigioso certamen musical en una residencia a las afueras de Tokio. El detective Katayama es el elegido para proteger a los participantes.<\/p>\n<p>Durante la semana que estar\u00e1n incomunicados, Katayama, junto a la perspicaz gata Holmes, se enfrentar\u00e1 a un sinf\u00edn de sucesos inesperados y desvelar\u00e1 la oscuridad que se esconde tras las bambalinas del brillante escenario musical.<\/p>\n<p>Un prestigioso concurso de viol\u00edn.<br \/>\nSiete finalistas.<br \/>\nUna amenaza de muerte.<br \/>\nUna residencia a las afueras de Tokio.<br \/>\nUna espiral de cr\u00edmenes\u2026<\/p>\n<p>El regreso de la Gata Holmes, uno de los personajes\u00a0m\u00e1s populares y queridos de la ficci\u00f3n nipona.<\/p>\n","protected":false},"excerpt":{"rendered":"<p>ras recibir una amenaza de muerte, la joven violinista Mari Sakurai permanecer\u00e1 aislada junto al resto de finalistas de un prestigioso certamen musical en una residencia a las afueras de Tokio. El detective Katayama es el elegido para proteger a los participantes. Durante la semana que estar\u00e1n incomunicados, Katayama, junto a la perspicaz gata Holmes, [&hellip;]<\/p>\n","protected":false},"featured_media":9090,"template":"","meta":[],"product_brand":[],"product_cat":[45,50],"product_tag":[],"class_list":{"0":"post-8716","1":"product","2":"type-product","3":"status-publish","4":"has-post-thumbnail","6":"product_cat-libreria","7":"product_cat-libros-y-revistas","9":"first","10":"instock","11":"shipping-taxable","12":"purchasable","13":"product-type-simple"},"_links":{"self":[{"href":"https:\/\/alternativanikkei.com\/2026\/wp-json\/wp\/v2\/product\/8716","targetHints":{"allow":["GET"]}}],"collection":[{"href":"https:\/\/alternativanikkei.com\/2026\/wp-json\/wp\/v2\/product"}],"about":[{"href":"https:\/\/alternativanikkei.com\/2026\/wp-json\/wp\/v2\/types\/product"}],"wp:featuredmedia":[{"embeddable":true,"href":"https:\/\/alternativanikkei.com\/2026\/wp-json\/wp\/v2\/media\/9090"}],"wp:attachment":[{"href":"https:\/\/alternativanikkei.com\/2026\/wp-json\/wp\/v2\/media?parent=8716"}],"wp:term":[{"taxonomy":"product_brand","embeddable":true,"href":"https:\/\/alternativanikkei.com\/2026\/wp-json\/wp\/v2\/product_brand?post=8716"},{"taxonomy":"product_cat","embeddable":true,"href":"https:\/\/alternativanikkei.com\/2026\/wp-json\/wp\/v2\/product_cat?post=8716"},{"taxonomy":"product_tag","embeddable":true,"href":"https:\/\/alternativanikkei.com\/2026\/wp-json\/wp\/v2\/product_tag?post=8716"}],"curies":[{"name":"wp","href":"https:\/\/api.w.org\/{rel}","templated":true}]}}