{"id":9087,"date":"2019-08-05T14:13:10","date_gmt":"2019-08-05T17:13:10","guid":{"rendered":"https:\/\/alternativanikkei.com\/?post_type=product&#038;p=9087"},"modified":"2025-11-03T17:09:17","modified_gmt":"2025-11-03T20:09:17","slug":"musashi-mi-enemigo","status":"publish","type":"product","link":"https:\/\/alternativanikkei.com\/2026\/producto\/musashi-mi-enemigo\/","title":{"rendered":"MUSASHI. Mi enemigo"},"content":{"rendered":"<p>Arima Kihe, el Matani\u00f1os es retado a un duelo a muerte por un cr\u00edo de apenas 12 a\u00f1os llamado Bennosuke (Musashi).<\/p>\n<p>Para ayudar a una joven, Shishido de la\u00a0<em>kusarigama<\/em>\u00a0pondr\u00e1 su vida en juego en un combate que no puede ganar.<\/p>\n<p>Atra\u00eddo por sus dibujos, ans\u00eda batirse cara a cara con el gran maestro de la espada.<\/p>\n<p>Los disc\u00edpulos contemplan maravillados la extraordinaria habilidad y destreza de su maestro.<\/p>\n<p>Su nombre es Sasaki Kojir<span class=\"s1\">\u014d<\/span>. Su destino, morir a manos del samur\u00e1i m\u00e1s famoso de la historia.<\/p>\n<p>Siete relatos sobre la vida del gran maestro samur\u00e1i Miyamoto Musashi, en esta ocasi\u00f3n visto a trav\u00e9s de los ojos de sus enemigos, aquellos que osaron enfrentarse a \u00e9l.<\/p>\n<p>Alejado del punto de vista \u00e9pico que nos ha mostrado la literatura (<a href=\"http:\/\/www.quaterni.es\/producto\/musashi-la-leyenda-del-samurai\/\"><em>Musas\u00adhi<\/em><\/a>, Eiji Yoshikawa), el libro combina el rigor de la novela hist\u00f3rica con el atractivo y la originalidad de la ficci\u00f3n de aventuras, y permite un acercamiento mucho m\u00e1s realista, adem\u00e1s de entretenido, a la verdadera figura de Miyamoto Musashi, un samur\u00e1i de leyenda.<\/p>\n","protected":false},"excerpt":{"rendered":"<p>Arima Kihe, el Matani\u00f1os es retado a un duelo a muerte por un cr\u00edo de apenas 12 a\u00f1os llamado Bennosuke (Musashi). Para ayudar a una joven, Shishido de la\u00a0kusarigama\u00a0pondr\u00e1 su vida en juego en un combate que no puede ganar. Atra\u00eddo por sus dibujos, ans\u00eda batirse cara a cara con el gran maestro de la [&hellip;]<\/p>\n","protected":false},"featured_media":9453,"template":"","meta":[],"product_brand":[],"product_cat":[45,50],"product_tag":[],"class_list":{"0":"post-9087","1":"product","2":"type-product","3":"status-publish","4":"has-post-thumbnail","6":"product_cat-libreria","7":"product_cat-libros-y-revistas","9":"first","10":"instock","11":"shipping-taxable","12":"purchasable","13":"product-type-simple"},"_links":{"self":[{"href":"https:\/\/alternativanikkei.com\/2026\/wp-json\/wp\/v2\/product\/9087","targetHints":{"allow":["GET"]}}],"collection":[{"href":"https:\/\/alternativanikkei.com\/2026\/wp-json\/wp\/v2\/product"}],"about":[{"href":"https:\/\/alternativanikkei.com\/2026\/wp-json\/wp\/v2\/types\/product"}],"wp:featuredmedia":[{"embeddable":true,"href":"https:\/\/alternativanikkei.com\/2026\/wp-json\/wp\/v2\/media\/9453"}],"wp:attachment":[{"href":"https:\/\/alternativanikkei.com\/2026\/wp-json\/wp\/v2\/media?parent=9087"}],"wp:term":[{"taxonomy":"product_brand","embeddable":true,"href":"https:\/\/alternativanikkei.com\/2026\/wp-json\/wp\/v2\/product_brand?post=9087"},{"taxonomy":"product_cat","embeddable":true,"href":"https:\/\/alternativanikkei.com\/2026\/wp-json\/wp\/v2\/product_cat?post=9087"},{"taxonomy":"product_tag","embeddable":true,"href":"https:\/\/alternativanikkei.com\/2026\/wp-json\/wp\/v2\/product_tag?post=9087"}],"curies":[{"name":"wp","href":"https:\/\/api.w.org\/{rel}","templated":true}]}}