{"id":9158,"date":"2019-08-27T11:00:54","date_gmt":"2019-08-27T14:00:54","guid":{"rendered":"https:\/\/alternativanikkei.com\/?post_type=product&#038;p=9158"},"modified":"2025-11-03T17:08:37","modified_gmt":"2025-11-03T20:08:37","slug":"la-guia-del-buen-comportamiento-en-japon","status":"publish","type":"product","link":"https:\/\/alternativanikkei.com\/2026\/producto\/la-guia-del-buen-comportamiento-en-japon\/","title":{"rendered":"LA GU\u00cdA DEL BUEN COMPORTAMIENTO EN JAP\u00d3N"},"content":{"rendered":"<p><strong>Una completa gu\u00eda ilustrada con todo lo que necesitas saber sobre las normas de comportamiento y educaci\u00f3n del pa\u00eds del sol naciente.<\/strong><\/p>\n<p>Esta gu\u00eda ilustrada sobre las\u00a0<strong>normas de cortes\u00eda y comportamiento<\/strong>\u00a0es esencial para cualquier persona que viaje a Jap\u00f3n. Saber c\u00f3mo actuar en cada ocasi\u00f3n le permitir\u00e1 ganarse el respeto de sus anfitriones, obtener una mejor atenci\u00f3n y disfrutar m\u00e1s del pa\u00eds del sol naciente, su gente y sus costumbres.<\/p>\n<p>El libro recorre todos los elementos esenciales: qu\u00e9 vestir y qu\u00e9 no, c\u00f3mo comportarse en el d\u00eda a d\u00eda y en las reuniones de negocios, consejos sobre los viajes, c\u00f3mo desplazarse y d\u00f3nde alojarse, la forma de saludar, c\u00f3mo comportarse durante las comidas,\u00a0<strong>y otros detalles m\u00e1s sutiles<\/strong>\u00a0como el tono de voz, el lenguaje corporal, el uso del tel\u00e9fono m\u00f3vil y c\u00f3mo vestir adecuadamente para cada ocasi\u00f3n (\u00a1adem\u00e1s de qu\u00e9 debe hacer con sus tatuajes!).<\/p>\n<p>El libro se completa con algunas\u00a0<strong>expresiones b\u00e1sicas para comunicarse en japon\u00e9s<\/strong>, por lo que constituye el compa\u00f1ero de viaje ideal para todo aquel que tenga pensado visitar Jap\u00f3n por motivos l\u00fadicos o profesionales.<\/p>\n","protected":false},"excerpt":{"rendered":"<p>Una completa gu\u00eda ilustrada con todo lo que necesitas saber sobre las normas de comportamiento y educaci\u00f3n del pa\u00eds del sol naciente. Esta gu\u00eda ilustrada sobre las\u00a0normas de cortes\u00eda y comportamiento\u00a0es esencial para cualquier persona que viaje a Jap\u00f3n. Saber c\u00f3mo actuar en cada ocasi\u00f3n le permitir\u00e1 ganarse el respeto de sus anfitriones, obtener una [&hellip;]<\/p>\n","protected":false},"featured_media":9299,"template":"","meta":[],"product_brand":[],"product_cat":[45,50],"product_tag":[],"class_list":{"0":"post-9158","1":"product","2":"type-product","3":"status-publish","4":"has-post-thumbnail","6":"product_cat-libreria","7":"product_cat-libros-y-revistas","9":"first","10":"instock","11":"shipping-taxable","12":"purchasable","13":"product-type-simple"},"_links":{"self":[{"href":"https:\/\/alternativanikkei.com\/2026\/wp-json\/wp\/v2\/product\/9158","targetHints":{"allow":["GET"]}}],"collection":[{"href":"https:\/\/alternativanikkei.com\/2026\/wp-json\/wp\/v2\/product"}],"about":[{"href":"https:\/\/alternativanikkei.com\/2026\/wp-json\/wp\/v2\/types\/product"}],"wp:featuredmedia":[{"embeddable":true,"href":"https:\/\/alternativanikkei.com\/2026\/wp-json\/wp\/v2\/media\/9299"}],"wp:attachment":[{"href":"https:\/\/alternativanikkei.com\/2026\/wp-json\/wp\/v2\/media?parent=9158"}],"wp:term":[{"taxonomy":"product_brand","embeddable":true,"href":"https:\/\/alternativanikkei.com\/2026\/wp-json\/wp\/v2\/product_brand?post=9158"},{"taxonomy":"product_cat","embeddable":true,"href":"https:\/\/alternativanikkei.com\/2026\/wp-json\/wp\/v2\/product_cat?post=9158"},{"taxonomy":"product_tag","embeddable":true,"href":"https:\/\/alternativanikkei.com\/2026\/wp-json\/wp\/v2\/product_tag?post=9158"}],"curies":[{"name":"wp","href":"https:\/\/api.w.org\/{rel}","templated":true}]}}