{"id":9160,"date":"2019-08-27T11:06:11","date_gmt":"2019-08-27T14:06:11","guid":{"rendered":"https:\/\/alternativanikkei.com\/?post_type=product&#038;p=9160"},"modified":"2024-08-24T17:32:22","modified_gmt":"2024-08-24T20:32:22","slug":"tomoe-gozen-y-otros-relatos-de-mujeres-samurais","status":"publish","type":"product","link":"https:\/\/alternativanikkei.com\/2026\/producto\/tomoe-gozen-y-otros-relatos-de-mujeres-samurais\/","title":{"rendered":"TOMOE GOZEN y otros relatos de mujeres samur\u00e1is"},"content":{"rendered":"<p><strong>La vida y haza\u00f1as de seis mujeres samur\u00e1is, unas guerreras de leyenda que mostraron un valor sin igual en combate.<\/strong><\/p>\n<p>Aunque en el Jap\u00f3n antiguo la guerra era cosa de hombres, algunas mujeres, no conformes con su papel secundario al cuidado del hogar, decidieron ponerse una armadura y blandir una espada para luchar contra el enemigo.<\/p>\n<p>En estas seis historias navegaremos junto a Tsuru, que lider\u00f3 a los piratas de Setouchi en \u014cmishima; descubriremos el gran valor e ingenio de Kai, que durante el asedio al castillo de Oshi consigui\u00f3 utilizar las t\u00e1cticas b\u00e9licas del enemigo para beneficiar a los suyos; sufriremos junto a Tazu, que se rebel\u00f3 ante la injusticia y la mentira en una trama de perfidias y traici\u00f3n; y lucharemos junto a la se\u00f1ora de Tsuneyama y su ej\u00e9rcito de doncellas guerreras. Y, por supuesto, conoceremos a la esposa favorita de Yoshinaka Kiso, Tomoe, la mujer samur\u00e1i m\u00e1s famosa de la historia cuyas gestas quedaron reflejadas en el\u00a0<em>Heike Monogatari<\/em>, \u00a0la cr\u00f3nica b\u00e9lica m\u00e1s importante de Jap\u00f3n.<\/p>\n<p>Un libro apasionante protagonizado por seis valerosas mujeres samur\u00e1is, las grandes olvidadas de la historia.<\/p>\n","protected":false},"excerpt":{"rendered":"<p>La vida y haza\u00f1as de seis mujeres samur\u00e1is, unas guerreras de leyenda que mostraron un valor sin igual en combate. Aunque en el Jap\u00f3n antiguo la guerra era cosa de hombres, algunas mujeres, no conformes con su papel secundario al cuidado del hogar, decidieron ponerse una armadura y blandir una espada para luchar contra el [&hellip;]<\/p>\n","protected":false},"featured_media":9298,"template":"","meta":[],"product_brand":[],"product_cat":[45,50],"product_tag":[],"class_list":{"0":"post-9160","1":"product","2":"type-product","3":"status-publish","4":"has-post-thumbnail","6":"product_cat-libreria","7":"product_cat-libros-y-revistas","9":"first","10":"instock","11":"shipping-taxable","12":"purchasable","13":"product-type-simple"},"_links":{"self":[{"href":"https:\/\/alternativanikkei.com\/2026\/wp-json\/wp\/v2\/product\/9160","targetHints":{"allow":["GET"]}}],"collection":[{"href":"https:\/\/alternativanikkei.com\/2026\/wp-json\/wp\/v2\/product"}],"about":[{"href":"https:\/\/alternativanikkei.com\/2026\/wp-json\/wp\/v2\/types\/product"}],"wp:featuredmedia":[{"embeddable":true,"href":"https:\/\/alternativanikkei.com\/2026\/wp-json\/wp\/v2\/media\/9298"}],"wp:attachment":[{"href":"https:\/\/alternativanikkei.com\/2026\/wp-json\/wp\/v2\/media?parent=9160"}],"wp:term":[{"taxonomy":"product_brand","embeddable":true,"href":"https:\/\/alternativanikkei.com\/2026\/wp-json\/wp\/v2\/product_brand?post=9160"},{"taxonomy":"product_cat","embeddable":true,"href":"https:\/\/alternativanikkei.com\/2026\/wp-json\/wp\/v2\/product_cat?post=9160"},{"taxonomy":"product_tag","embeddable":true,"href":"https:\/\/alternativanikkei.com\/2026\/wp-json\/wp\/v2\/product_tag?post=9160"}],"curies":[{"name":"wp","href":"https:\/\/api.w.org\/{rel}","templated":true}]}}