{"id":9165,"date":"2019-08-27T11:22:46","date_gmt":"2019-08-27T14:22:46","guid":{"rendered":"https:\/\/alternativanikkei.com\/?post_type=product&#038;p=9165"},"modified":"2026-03-31T09:43:46","modified_gmt":"2026-03-31T12:43:46","slug":"ninja-attack-guia-ilustrada-de-samurais-asesinos-y-forajidos-de-japon","status":"publish","type":"product","link":"https:\/\/alternativanikkei.com\/2026\/producto\/ninja-attack-guia-ilustrada-de-samurais-asesinos-y-forajidos-de-japon\/","title":{"rendered":"NINJA ATTACK!. Gu\u00eda ilustrada de Samur\u00e1is, Asesinos y Forajidos de Jap\u00f3n"},"content":{"rendered":"<p><strong><em>Ninja Attack!<\/em><\/strong>\u00a0es un completo cat\u00e1logo de algunos de los personajes hist\u00f3ricos m\u00e1s famosos de Jap\u00f3n, muchos de los cuales son muy\u00a0conocidos incluso fuera de su pa\u00eds natal.\u00a0<strong>Samur\u00e1is<\/strong>, maestros ninja,\u00a0<strong>asesinos<\/strong>\u00a0solitarios y despiadados, femmes fatales tan mort\u00edferas\u00a0como seductoras,\u00a0<strong>espadachines<\/strong>de leyenda y los\u00a0<em><strong>shogun<\/strong><\/em>\u00a0y\u00a0<strong>caudillos<\/strong>\u00a0que los comandaban. Junto a la historia de cada personaje se\u00a0incluye un dibujo a p\u00e1gina completa de estilo manga y un completo dossier con informaci\u00f3n de\u00a0<strong>alto secreto<\/strong>\u00a0que incluye fotos y los\u00a0sucesos m\u00e1s dram\u00e1ticos y sorprendentes de su vida.<\/p>\n<p>El libro documenta, adem\u00e1s, la vestimenta de los ninja, el tipo de\u00a0<strong>armas<\/strong>\u00a0que usaban, sus herramientas y su alimentaci\u00f3n, as\u00ed como los\u00a0secretos del oficio. Tambi\u00e9n incluye para el lector m\u00e1s aventurero un recorrido de enclaves ninja en el actual Tokio.\u00a0<em><strong>Ninja Attack!<\/strong><\/em>\u00a0es\u00a0el resultado de a\u00f1os de investigaci\u00f3n, un libro imprescindible para todo amante de Jap\u00f3n y su cultura. Con \u00e9l aprender\u00e1s todo lo que\u00a0siempre has querido saber sobre los ninja pero sin temor a que te claven un\u00a0<strong>shuriken<\/strong>\u00a0en el ojo por preguntar.<\/p>\n<p>\u201cUna lectura obligatoria\u00a0para los fans de los ninja!\u00a0Y con unas ilustraciones\u00a0estupendas! Ojala\u00a0existiera una edicion\u00a0japonesa de este libro.\u201d\u00a0Takashi Okazaki, creador\u00a0de Afro Samurai<\/p>\n<p>\u201cUn libro muy entretenido\u00a0y bien documentado que\u00a0desmitifica a los\u00a0ninja de\u00a0leyenda.\u201d\u00a0Stan Sakai, creador\u00a0de Usagi Yojimbo.<\/p>\n<p>\u201cAsesinatos! Armas secretas! Huidas increibles!\u00a0Los autores Yoda y Alt escarban en lo profundo\u00a0de la historia, el folclore y la cultura pop \u00a0japonesas\u00a0para traer de vuelta una saga rebosante de\u00a0conocimiento y accion.\u201d\u00a0Patrick Macias, autor de\u00a0Tokyoscope: The Japanese Cult Film Companion<\/p>\n<h4>Booktrailer<\/h4>\n","protected":false},"excerpt":{"rendered":"<p>Ninja Attack!\u00a0es un completo cat\u00e1logo de algunos de los personajes hist\u00f3ricos m\u00e1s famosos de Jap\u00f3n, muchos de los cuales son muy\u00a0conocidos incluso fuera de su pa\u00eds natal.\u00a0Samur\u00e1is, maestros ninja,\u00a0asesinos\u00a0solitarios y despiadados, femmes fatales tan mort\u00edferas\u00a0como seductoras,\u00a0espadachinesde leyenda y los\u00a0shogun\u00a0y\u00a0caudillos\u00a0que los comandaban. Junto a la historia de cada personaje se\u00a0incluye un dibujo a p\u00e1gina completa de [&hellip;]<\/p>\n","protected":false},"featured_media":9296,"template":"","meta":[],"product_brand":[],"product_cat":[45,50],"product_tag":[],"class_list":{"0":"post-9165","1":"product","2":"type-product","3":"status-publish","4":"has-post-thumbnail","6":"product_cat-libreria","7":"product_cat-libros-y-revistas","9":"first","10":"instock","11":"shipping-taxable","12":"purchasable","13":"product-type-simple"},"_links":{"self":[{"href":"https:\/\/alternativanikkei.com\/2026\/wp-json\/wp\/v2\/product\/9165","targetHints":{"allow":["GET"]}}],"collection":[{"href":"https:\/\/alternativanikkei.com\/2026\/wp-json\/wp\/v2\/product"}],"about":[{"href":"https:\/\/alternativanikkei.com\/2026\/wp-json\/wp\/v2\/types\/product"}],"wp:featuredmedia":[{"embeddable":true,"href":"https:\/\/alternativanikkei.com\/2026\/wp-json\/wp\/v2\/media\/9296"}],"wp:attachment":[{"href":"https:\/\/alternativanikkei.com\/2026\/wp-json\/wp\/v2\/media?parent=9165"}],"wp:term":[{"taxonomy":"product_brand","embeddable":true,"href":"https:\/\/alternativanikkei.com\/2026\/wp-json\/wp\/v2\/product_brand?post=9165"},{"taxonomy":"product_cat","embeddable":true,"href":"https:\/\/alternativanikkei.com\/2026\/wp-json\/wp\/v2\/product_cat?post=9165"},{"taxonomy":"product_tag","embeddable":true,"href":"https:\/\/alternativanikkei.com\/2026\/wp-json\/wp\/v2\/product_tag?post=9165"}],"curies":[{"name":"wp","href":"https:\/\/api.w.org\/{rel}","templated":true}]}}