{"id":9170,"date":"2019-08-27T12:46:13","date_gmt":"2019-08-27T15:46:13","guid":{"rendered":"https:\/\/alternativanikkei.com\/?post_type=product&#038;p=9170"},"modified":"2026-03-31T09:43:37","modified_gmt":"2026-03-31T12:43:37","slug":"9170","status":"publish","type":"product","link":"https:\/\/alternativanikkei.com\/2026\/producto\/9170\/","title":{"rendered":"RUMOR DE JAZMINES. HAIKU"},"content":{"rendered":"<p>RUMOR DE JAZMINES, de\u00a0<a class=\"profileLink\" title=\"Gabriela Casella\" href=\"https:\/\/www.facebook.com\/gabicasella?__tn__=K-R&amp;eid=ARB4l7_Q45fVR6XfEr321JZMtcHx0VrVGnyjwYsa_6qUUHlpreuFbyAK8u4us_3yiv7V0sVpY_Qwtk2D&amp;fref=mentions&amp;__xts__%5B0%5D=68.ARA2ayN3UU0ByydIVlq6taZ6B0YxomnQzVNntH42SSpv7b-TNPtQtq4DG-EX4ZmV4kAADCLjBcW6AcAFGcniK8n4WBYjaiVg39HtD-b9JyL1qwTWGT_omva90P17ZKqHnny8PKBBTkCWS4X9kX8Freac_h7oQQwRvJIhyZuvWehxisM_zmrZi67CTn4uKgkHMcdeEk1bxooTe2EvdcIfv1wiZ89QP9teqcpLZ_hjLZDINB0SmYa50MDl2xFnJhpWhdrqlSc4yaKt-T7spEbb--aVFvXnlzQlXYJJnIVrhpkLuI2KQh-UULHnIr8yclvwNedzXer_HoFYAMc9kp2seYwXjG_1\" data-hovercard=\"\/ajax\/hovercard\/user.php?id=1565787718&amp;extragetparams=%7B%22__tn__%22%3A%22%2CdK-R-R%22%2C%22eid%22%3A%22ARB4l7_Q45fVR6XfEr321JZMtcHx0VrVGnyjwYsa_6qUUHlpreuFbyAK8u4us_3yiv7V0sVpY_Qwtk2D%22%2C%22fref%22%3A%22mentions%22%7D\" data-hovercard-prefer-more-content-show=\"1\">Gabriela Casella<\/a>\u00a0[<a class=\"profileLink\" title=\"Cantama\u00f1anas Ed\" href=\"https:\/\/www.facebook.com\/ed.cantamananas?__tn__=K-R&amp;eid=ARDi1w_VEUhANKQ8cZ0PoPp2EArB0PwmeXuCKq3LzHTMidZAhMVBRTe1xhwVbfpOgTFSdzXSbOHrnYhU&amp;fref=mentions&amp;__xts__%5B0%5D=68.ARA2ayN3UU0ByydIVlq6taZ6B0YxomnQzVNntH42SSpv7b-TNPtQtq4DG-EX4ZmV4kAADCLjBcW6AcAFGcniK8n4WBYjaiVg39HtD-b9JyL1qwTWGT_omva90P17ZKqHnny8PKBBTkCWS4X9kX8Freac_h7oQQwRvJIhyZuvWehxisM_zmrZi67CTn4uKgkHMcdeEk1bxooTe2EvdcIfv1wiZ89QP9teqcpLZ_hjLZDINB0SmYa50MDl2xFnJhpWhdrqlSc4yaKt-T7spEbb--aVFvXnlzQlXYJJnIVrhpkLuI2KQh-UULHnIr8yclvwNedzXer_HoFYAMc9kp2seYwXjG_1\" data-hovercard=\"\/ajax\/hovercard\/user.php?id=100012234520507&amp;extragetparams=%7B%22__tn__%22%3A%22%2CdK-R-R%22%2C%22eid%22%3A%22ARDi1w_VEUhANKQ8cZ0PoPp2EArB0PwmeXuCKq3LzHTMidZAhMVBRTe1xhwVbfpOgTFSdzXSbOHrnYhU%22%2C%22fref%22%3A%22mentions%22%7D\" data-hovercard-prefer-more-content-show=\"1\">Cantama\u00f1anas<\/a>, 2019]<\/p>\n<p>La sutil pluma de Gabriela Casella nos ofrece en Rumor de Jazmines un fresco racimo de haikus, honrando este g\u00e9nero po\u00e9tico japon\u00e9s de fin\u00edsima expresi\u00f3n. Con la autenticidad que otorga el respeto al esp\u00edritu del haiku tradicional y las vivencias de una poetisa de nuestros tiempos, este libro invita, en cada poema, al deleite de los sentidos y a una contemplaci\u00f3n profundamente po\u00e9tica de la existencia.<\/p>\n<p>\u201cSumergidos co<span class=\"text_exposed_show\">mo estamos en el caos de las insensibilidades que el tiempo devorado engendra, estos haikus resultan leves balsas donde podemos flotar sin hundirnos, disfrutar sin saciarnos. Misterio de la lectura suave y sutil, profunda y conmovedora.<br \/>\nLos haikus generan momentos de contemplaci\u00f3n del cosmos. Pero Gabriela genera adem\u00e1s una resonancia desde esa mirada contemplativa, descubre continuamente la repercusi\u00f3n interior de esas miradas al universo, lejano y cercano a un mismo tiempo.\u201d<\/span><\/p>\n","protected":false},"excerpt":{"rendered":"<p>RUMOR DE JAZMINES, de\u00a0Gabriela Casella\u00a0[Cantama\u00f1anas, 2019] La sutil pluma de Gabriela Casella nos ofrece en Rumor de Jazmines un fresco racimo de haikus, honrando este g\u00e9nero po\u00e9tico japon\u00e9s de fin\u00edsima expresi\u00f3n. Con la autenticidad que otorga el respeto al esp\u00edritu del haiku tradicional y las vivencias de una poetisa de nuestros tiempos, este libro invita, [&hellip;]<\/p>\n","protected":false},"featured_media":9450,"template":"","meta":[],"product_brand":[],"product_cat":[45,50],"product_tag":[],"class_list":{"0":"post-9170","1":"product","2":"type-product","3":"status-publish","4":"has-post-thumbnail","6":"product_cat-libreria","7":"product_cat-libros-y-revistas","9":"first","10":"instock","11":"shipping-taxable","12":"purchasable","13":"product-type-simple"},"_links":{"self":[{"href":"https:\/\/alternativanikkei.com\/2026\/wp-json\/wp\/v2\/product\/9170","targetHints":{"allow":["GET"]}}],"collection":[{"href":"https:\/\/alternativanikkei.com\/2026\/wp-json\/wp\/v2\/product"}],"about":[{"href":"https:\/\/alternativanikkei.com\/2026\/wp-json\/wp\/v2\/types\/product"}],"wp:featuredmedia":[{"embeddable":true,"href":"https:\/\/alternativanikkei.com\/2026\/wp-json\/wp\/v2\/media\/9450"}],"wp:attachment":[{"href":"https:\/\/alternativanikkei.com\/2026\/wp-json\/wp\/v2\/media?parent=9170"}],"wp:term":[{"taxonomy":"product_brand","embeddable":true,"href":"https:\/\/alternativanikkei.com\/2026\/wp-json\/wp\/v2\/product_brand?post=9170"},{"taxonomy":"product_cat","embeddable":true,"href":"https:\/\/alternativanikkei.com\/2026\/wp-json\/wp\/v2\/product_cat?post=9170"},{"taxonomy":"product_tag","embeddable":true,"href":"https:\/\/alternativanikkei.com\/2026\/wp-json\/wp\/v2\/product_tag?post=9170"}],"curies":[{"name":"wp","href":"https:\/\/api.w.org\/{rel}","templated":true}]}}