{"id":9282,"date":"2019-12-09T14:45:59","date_gmt":"2019-12-09T17:45:59","guid":{"rendered":"https:\/\/alternativanikkei.com\/?post_type=product&#038;p=9282"},"modified":"2026-03-31T09:43:55","modified_gmt":"2026-03-31T12:43:55","slug":"el-desfile-nocturno-de-los-100-demonios-guia-ilustrada-de-yokai-japoneses","status":"publish","type":"product","link":"https:\/\/alternativanikkei.com\/2026\/producto\/el-desfile-nocturno-de-los-100-demonios-guia-ilustrada-de-yokai-japoneses\/","title":{"rendered":"EL DESFILE NOCTURNO DE LOS 100 DEMONIOS. Gu\u00eda ilustrada de y\u014dkai japoneses"},"content":{"rendered":"<p><strong><em>La gu\u00eda definitiva, ilustrada a todo color, sobre los y\u014dkai japoneses. M\u00e1s de 100 monstruos descritos al detalle, incluyendo su h\u00e1bitat, dieta, origen y su leyenda.<\/em><\/strong><\/p>\n<p>Desde la neblina de la prehistoria hasta nuestros d\u00edas,\u00a0siempre han existido relatos de monstruos fant\u00e1sticos\u00a0en Jap\u00f3n; mujeres con una segunda boca en la parte posterior\u00a0de la cabeza, elefantes-dragones que se alimentan \u00fanicamente de\u00a0pesadillas, beb\u00e9s zombis, zorros parlantes, pollos que exhalan fuego,\u00a0amasijos animados de carne podrida que corretean por las calles en la noche\u00a0y, por supuesto, el temido desfile nocturno de los cien demonios, en el que\u00a0todos los\u00a0<em>y\u014dkai<\/em>\u00a0abandonan sus hogares y recorren las calles de Jap\u00f3n en un\u00a0espect\u00e1culo masivo de pandemonio absoluto.<\/p>\n<p>\u00bfQu\u00e9 son los\u00a0<em>y\u014dkai<\/em>? En pocas palabras, son criaturas sobrenaturales del folclore\u00a0japon\u00e9s. El vocablo significa literalmente \u2018hechizar\u2019 y \u2018extra\u00f1o\u2019. Abarca monstruos,\u00a0demonios, dioses, fantasmas, animales m\u00e1gicos, humanos transformados, leyendas\u00a0urbanas y fen\u00f3menos misteriosos. Es un t\u00e9rmino amplio e impreciso, y no existe\u00a0ninguna expresi\u00f3n en el idioma espa\u00f1ol que capture la esencia del\u00a0<em>y\u014dkai<\/em>.<\/p>\n<p>Esta gu\u00eda contiene m\u00e1s de cien entradas ilustradas con una amplia variedad\u00a0de\u00a0<em>y\u014dkai<\/em>\u00a0japoneses. Cada uno de ellos se describe en detalle, incluyendo\u00a0su h\u00e1bitat, dieta, origen y leyendas basadas en traducciones de textos\u00a0japoneses centenarios.<\/p>\n","protected":false},"excerpt":{"rendered":"<p><strong><em>La gu\u00eda definitiva, ilustrada a todo color, sobre los y\u014dkai japoneses. M\u00e1s de 100 monstruos descritos al detalle, incluyendo su h\u00e1bitat, dieta, origen y su leyenda.<\/em><\/strong><\/p>\n<p>Desde la neblina de la prehistoria hasta nuestros d\u00edas,\u00a0siempre han existido relatos de monstruos fant\u00e1sticos\u00a0en Jap\u00f3n; mujeres con una segunda boca en la parte posterior\u00a0de la cabeza, elefantes-dragones que se alimentan \u00fanicamente de\u00a0pesadillas, beb\u00e9s zombis, zorros parlantes, pollos que exhalan fuego,\u00a0amasijos animados de carne podrida que corretean por las calles en la noche\u00a0y, por supuesto, el temido desfile nocturno de los cien demonios, en el que\u00a0todos los\u00a0<em>y\u014dkai<\/em>\u00a0abandonan sus hogares y recorren las calles de Jap\u00f3n en un\u00a0espect\u00e1culo masivo de pandemonio absoluto.<\/p>\n<p>\u00bfQu\u00e9 son los\u00a0<em>y\u014dkai<\/em>? En pocas palabras, son criaturas sobrenaturales del folclore\u00a0japon\u00e9s. El vocablo significa literalmente \u2018hechizar\u2019 y \u2018extra\u00f1o\u2019. Abarca monstruos,\u00a0demonios, dioses, fantasmas, animales m\u00e1gicos, humanos transformados, leyendas\u00a0urbanas y fen\u00f3menos misteriosos. Es un t\u00e9rmino amplio e impreciso, y no existe\u00a0ninguna expresi\u00f3n en el idioma espa\u00f1ol que capture la esencia del\u00a0<em>y\u014dkai<\/em>.<\/p>\n<p>Esta gu\u00eda contiene m\u00e1s de cien entradas ilustradas con una amplia variedad\u00a0de\u00a0<em>y\u014dkai<\/em>\u00a0japoneses. Cada uno de ellos se describe en detalle, incluyendo\u00a0su h\u00e1bitat, dieta, origen y leyendas basadas en traducciones de textos\u00a0japoneses centenarios.<\/p>\n","protected":false},"featured_media":9284,"template":"","meta":[],"product_brand":[],"product_cat":[45,50],"product_tag":[],"class_list":{"0":"post-9282","1":"product","2":"type-product","3":"status-publish","4":"has-post-thumbnail","6":"product_cat-libreria","7":"product_cat-libros-y-revistas","9":"first","10":"instock","11":"shipping-taxable","12":"purchasable","13":"product-type-simple"},"_links":{"self":[{"href":"https:\/\/alternativanikkei.com\/2026\/wp-json\/wp\/v2\/product\/9282","targetHints":{"allow":["GET"]}}],"collection":[{"href":"https:\/\/alternativanikkei.com\/2026\/wp-json\/wp\/v2\/product"}],"about":[{"href":"https:\/\/alternativanikkei.com\/2026\/wp-json\/wp\/v2\/types\/product"}],"wp:featuredmedia":[{"embeddable":true,"href":"https:\/\/alternativanikkei.com\/2026\/wp-json\/wp\/v2\/media\/9284"}],"wp:attachment":[{"href":"https:\/\/alternativanikkei.com\/2026\/wp-json\/wp\/v2\/media?parent=9282"}],"wp:term":[{"taxonomy":"product_brand","embeddable":true,"href":"https:\/\/alternativanikkei.com\/2026\/wp-json\/wp\/v2\/product_brand?post=9282"},{"taxonomy":"product_cat","embeddable":true,"href":"https:\/\/alternativanikkei.com\/2026\/wp-json\/wp\/v2\/product_cat?post=9282"},{"taxonomy":"product_tag","embeddable":true,"href":"https:\/\/alternativanikkei.com\/2026\/wp-json\/wp\/v2\/product_tag?post=9282"}],"curies":[{"name":"wp","href":"https:\/\/api.w.org\/{rel}","templated":true}]}}