{"id":9288,"date":"2019-12-09T15:14:33","date_gmt":"2019-12-09T18:14:33","guid":{"rendered":"https:\/\/alternativanikkei.com\/?post_type=product&#038;p=9288"},"modified":"2024-08-24T17:30:52","modified_gmt":"2024-08-24T20:30:52","slug":"veinte-anos-con-mi-gata","status":"publish","type":"product","link":"https:\/\/alternativanikkei.com\/2026\/producto\/veinte-anos-con-mi-gata\/","title":{"rendered":"Veinte a\u00f1os con mi gata"},"content":{"rendered":"<p><em>Todo comenz\u00f3 una noche de finales de verano en que decid\u00ed llevarme a aquella casa a aquella bolita de pelo. Una gata aficionada a las sardinas y al at\u00fan agridulce, que advert\u00eda los cambios de estaci\u00f3n por la intensidad de la luz y trepaba al melocotonero.<\/em><\/p>\n<p><em>Jam\u00e1s imagin\u00e9 que aquella gata se convertir\u00eda en mi amiga y compa\u00f1era, y que compartir\u00eda conmigo mi pasi\u00f3n por las letras y veinte a\u00f1os de mi vida.<\/em><\/p>\n<p>La conmovedora historia entre una mujer que sue\u00f1a en convertirse en escritora y Mi, su entra\u00f1able gata, un personaje que no podr\u00e1s olvidar.<\/p>\n<h4>Valor a\u00f1adido<\/h4>\n<hr \/>\n<ul>\n<li>100% literatura japonesa: ritmo pausado y exquisita prosa.<\/li>\n<li>Una historia conmovedora.<\/li>\n<li>Un personaje inolvidable.<\/li>\n<\/ul>\n<h4>Opiniones<\/h4>\n<hr \/>\n<p>\u201cUn libro\u00a0<strong>conmovedor<\/strong>\u00a0que plasma a la perfecci\u00f3n la estrecha relaci\u00f3n que se establece entre los gatos y los seres humanos.\u201d\u00a0<a href=\"http:\/\/quelibroleo.com\/veinte-anos-con-mi-gata\" target=\"_blank\" rel=\"noopener noreferrer\">Ana Garc\u00eda en Quelibroleo<\/a><\/p>\n<p>\u201c<strong>Una lectura maravillosa<\/strong>, llena de momentos entra\u00f1ables y agridulces. \u00a1Me ha gustado much\u00edsimo!\u201d\u00a0<a href=\"https:\/\/www.patreon.com\/monniponi\" target=\"_blank\" rel=\"noopener noreferrer\">Monniponi<\/a><\/p>\n","protected":false},"excerpt":{"rendered":"<p>Todo comenz\u00f3 una noche de finales de verano en que decid\u00ed llevarme a aquella casa a aquella bolita de pelo. Una gata aficionada a las sardinas y al at\u00fan agridulce, que advert\u00eda los cambios de estaci\u00f3n por la intensidad de la luz y trepaba al melocotonero. Jam\u00e1s imagin\u00e9 que aquella gata se convertir\u00eda en mi [&hellip;]<\/p>\n","protected":false},"featured_media":9290,"template":"","meta":[],"product_brand":[],"product_cat":[45,50],"product_tag":[],"class_list":{"0":"post-9288","1":"product","2":"type-product","3":"status-publish","4":"has-post-thumbnail","6":"product_cat-libreria","7":"product_cat-libros-y-revistas","9":"first","10":"instock","11":"shipping-taxable","12":"purchasable","13":"product-type-simple"},"_links":{"self":[{"href":"https:\/\/alternativanikkei.com\/2026\/wp-json\/wp\/v2\/product\/9288","targetHints":{"allow":["GET"]}}],"collection":[{"href":"https:\/\/alternativanikkei.com\/2026\/wp-json\/wp\/v2\/product"}],"about":[{"href":"https:\/\/alternativanikkei.com\/2026\/wp-json\/wp\/v2\/types\/product"}],"wp:featuredmedia":[{"embeddable":true,"href":"https:\/\/alternativanikkei.com\/2026\/wp-json\/wp\/v2\/media\/9290"}],"wp:attachment":[{"href":"https:\/\/alternativanikkei.com\/2026\/wp-json\/wp\/v2\/media?parent=9288"}],"wp:term":[{"taxonomy":"product_brand","embeddable":true,"href":"https:\/\/alternativanikkei.com\/2026\/wp-json\/wp\/v2\/product_brand?post=9288"},{"taxonomy":"product_cat","embeddable":true,"href":"https:\/\/alternativanikkei.com\/2026\/wp-json\/wp\/v2\/product_cat?post=9288"},{"taxonomy":"product_tag","embeddable":true,"href":"https:\/\/alternativanikkei.com\/2026\/wp-json\/wp\/v2\/product_tag?post=9288"}],"curies":[{"name":"wp","href":"https:\/\/api.w.org\/{rel}","templated":true}]}}