{"id":9429,"date":"2021-04-07T10:46:51","date_gmt":"2021-04-07T13:46:51","guid":{"rendered":"https:\/\/alternativanikkei.com\/?post_type=product&#038;p=9429"},"modified":"2026-03-31T09:44:06","modified_gmt":"2026-03-31T12:44:06","slug":"las-historias-del-doctor-barbarroja","status":"publish","type":"product","link":"https:\/\/alternativanikkei.com\/2026\/producto\/las-historias-del-doctor-barbarroja\/","title":{"rendered":"Las historias del doctor Barbarroja"},"content":{"rendered":"","protected":false},"excerpt":{"rendered":"<p>El joven y arrogante Noboru Yasumoto regresa a Edo, la gran capital, despu\u00e9s de estudiar medicina en Nagasaki. A su llegada sufrir\u00e1 una gran desilusi\u00f3n: en lugar de ser nombrado m\u00e9dico del\u00a0<em>shogun<\/em>\u00a0es destinado a una cl\u00ednica para indigentes y desamparados que cuenta con muy pocos recursos. All\u00ed, como ayudante del doctor Niide (Barbarroja), aprender\u00e1 que las vidas de los pacientes son mucho m\u00e1s importantes que la riqueza o el estatus y que el sufrimiento tambi\u00e9n puede ser mitigado con compasi\u00f3n.<\/p>\n<p>Shugoro Yamamoto fue uno de los alias de Satomu Shimizu (1903-1967), un novelista y escritor de relatos cortos que vivi\u00f3 durante el periodo Showa. Alcanz\u00f3 una gran fama por sus obras, de tem\u00e1tica popular, y lleg\u00f3 a publicar sus escritos bajo m\u00e1s de catorce alias diferentes.<\/p>\n<p>Con un estilo f\u00e1cil de leer, la obra trata temas sociales como la pobreza y la prostituci\u00f3n, pero tambi\u00e9n ideas sobre el honor, el valor de las promesas y la compasi\u00f3n.<\/p>\n<p><strong>La novela en que se bas\u00f3 Akira Kurosawa para su afamada pel\u00edcula Akahige (1965). Una colecci\u00f3n de relatos que combinan, de forma magistral, realismo, emoci\u00f3n y drama.<\/strong><\/p>\n","protected":false},"featured_media":9444,"template":"","meta":[],"product_brand":[],"product_cat":[45,50],"product_tag":[],"class_list":{"0":"post-9429","1":"product","2":"type-product","3":"status-publish","4":"has-post-thumbnail","6":"product_cat-libreria","7":"product_cat-libros-y-revistas","9":"first","10":"instock","11":"shipping-taxable","12":"purchasable","13":"product-type-simple"},"_links":{"self":[{"href":"https:\/\/alternativanikkei.com\/2026\/wp-json\/wp\/v2\/product\/9429","targetHints":{"allow":["GET"]}}],"collection":[{"href":"https:\/\/alternativanikkei.com\/2026\/wp-json\/wp\/v2\/product"}],"about":[{"href":"https:\/\/alternativanikkei.com\/2026\/wp-json\/wp\/v2\/types\/product"}],"wp:featuredmedia":[{"embeddable":true,"href":"https:\/\/alternativanikkei.com\/2026\/wp-json\/wp\/v2\/media\/9444"}],"wp:attachment":[{"href":"https:\/\/alternativanikkei.com\/2026\/wp-json\/wp\/v2\/media?parent=9429"}],"wp:term":[{"taxonomy":"product_brand","embeddable":true,"href":"https:\/\/alternativanikkei.com\/2026\/wp-json\/wp\/v2\/product_brand?post=9429"},{"taxonomy":"product_cat","embeddable":true,"href":"https:\/\/alternativanikkei.com\/2026\/wp-json\/wp\/v2\/product_cat?post=9429"},{"taxonomy":"product_tag","embeddable":true,"href":"https:\/\/alternativanikkei.com\/2026\/wp-json\/wp\/v2\/product_tag?post=9429"}],"curies":[{"name":"wp","href":"https:\/\/api.w.org\/{rel}","templated":true}]}}