{"id":9430,"date":"2021-04-07T10:54:14","date_gmt":"2021-04-07T13:54:14","guid":{"rendered":"https:\/\/alternativanikkei.com\/?post_type=product&#038;p=9430"},"modified":"2026-03-31T09:43:26","modified_gmt":"2026-03-31T12:43:26","slug":"9430","status":"publish","type":"product","link":"https:\/\/alternativanikkei.com\/2026\/producto\/9430\/","title":{"rendered":"Botchan (manga)"},"content":{"rendered":"","protected":false},"excerpt":{"rendered":"<p>Las peripecias en las que se ve envuelto un joven profesor de Tokio en la escuela de un peque\u00f1o pueblo.<\/p>\n<p>Impulsivo, cabezota, poco h\u00e1bil pero muy noble, Botchan es uno de los personajes fundamentales de la literatura universal.<\/p>\n<p>Adaptaci\u00f3n al manga de una de las obras cumbres de las letras japonesas. Una historia muy divertida que con grandes dosis de humor y sarcasmo, constituye una s\u00e1tira de las sociedad de la \u00e9poca y de su cultura y valores.<\/p>\n<p>&nbsp;<\/p>\n<h4>Sobre el autor<\/h4>\n<hr \/>\n<p><b>S\u00f3seki<\/b><b>\u00a0<\/b><b>Natsume<\/b><b>\u00a0<\/b>(1867-1916)<\/p>\n<p>Nacido en el seno de una familia de funcio\u00adnarios p\u00fablicos, descendiente de un linaje de samur\u00e1is venido a menos, sus padres lo entre\u00adgaron en adopci\u00f3n a la edad de dos a\u00f1os.<\/p>\n<p>En 1884 se matricul\u00f3 en la Universidad de Tokio para cursar Arquitectura, pero acab\u00f3 estudiando Lengua Inglesa. Tras graduarse, co\u00admenz\u00f3 a impartir clases como maestro en una escuela rural de la isla de Shikoku. Inspir\u00e1ndose\u00a0en<span class=\"Apple-converted-space\">\u00a0\u00a0<\/span>aquella<span class=\"Apple-converted-space\">\u00a0\u00a0<\/span>\u00e9poca<span class=\"Apple-converted-space\">\u00a0\u00a0<\/span>y<span class=\"Apple-converted-space\">\u00a0\u00a0<\/span>en<span class=\"Apple-converted-space\">\u00a0\u00a0<\/span>sus<span class=\"Apple-converted-space\">\u00a0\u00a0<\/span>relaciones con los\u00a0alumnos, escribir\u00eda en 1906\u00a0<i>Botchan.<\/i><\/p>\n<p>Recibi\u00f3 una beca de la Universidad de Tokio para estudiar en Londres, ciudad en la que estuvo viviendo dos a\u00f1os. A su regreso, comenz\u00f3 a trabajar como catedr\u00e1tico de filolog\u00eda inglesa en sustituci\u00f3n de Lafcadio Hearn, pero se ter\u00admin\u00f3 alejando de la docencia para dedicarse por completo a la escritura.\u00a0<i>Soy un gato,\u00a0<\/i>una de sus primeras novelas, fue publicada en 1905,\u00a0apenas dos a\u00f1os despu\u00e9s de su vuelta.<\/p>\n<p>A los 40 a\u00f1os comenz\u00f3 a escribir art\u00edculos y cr\u00edticas literarias en el diario\u00a0<i>Asahi,\u00a0<\/i>uno de los tres peri\u00f3dicos m\u00e1s importantes del pa\u00eds. Su tra\u00ad bajo como periodista le permiti\u00f3 dedicarse a su gran pasi\u00f3n: la escritura. As\u00ed, en 1914, escribi\u00f3\u00a0<i>Kokoro,<\/i><i>\u00a0<\/i>la obra cumbre de las letras japonesas.<\/p>\n<p>Tan solo dos a\u00f1os despu\u00e9s, fallece en Tokio a la edad de 49 a\u00f1os a causa de una \u00falcera de est\u00f3\u00admago. A pesar de que su carrera como escritor se desarroll\u00f3 en unos escasos 10 a\u00f1os, hoy d\u00eda es reconocido como el gran maestro de la litera\u00adtura japonesa y su fama es tal que su imagen se ha utilizado en los billetes de mil yenes.<\/p>\n","protected":false},"featured_media":9443,"template":"","meta":[],"product_brand":[],"product_cat":[45,50],"product_tag":[],"class_list":{"0":"post-9430","1":"product","2":"type-product","3":"status-publish","4":"has-post-thumbnail","6":"product_cat-libreria","7":"product_cat-libros-y-revistas","9":"first","10":"instock","11":"featured","12":"shipping-taxable","13":"purchasable","14":"product-type-simple"},"_links":{"self":[{"href":"https:\/\/alternativanikkei.com\/2026\/wp-json\/wp\/v2\/product\/9430","targetHints":{"allow":["GET"]}}],"collection":[{"href":"https:\/\/alternativanikkei.com\/2026\/wp-json\/wp\/v2\/product"}],"about":[{"href":"https:\/\/alternativanikkei.com\/2026\/wp-json\/wp\/v2\/types\/product"}],"wp:featuredmedia":[{"embeddable":true,"href":"https:\/\/alternativanikkei.com\/2026\/wp-json\/wp\/v2\/media\/9443"}],"wp:attachment":[{"href":"https:\/\/alternativanikkei.com\/2026\/wp-json\/wp\/v2\/media?parent=9430"}],"wp:term":[{"taxonomy":"product_brand","embeddable":true,"href":"https:\/\/alternativanikkei.com\/2026\/wp-json\/wp\/v2\/product_brand?post=9430"},{"taxonomy":"product_cat","embeddable":true,"href":"https:\/\/alternativanikkei.com\/2026\/wp-json\/wp\/v2\/product_cat?post=9430"},{"taxonomy":"product_tag","embeddable":true,"href":"https:\/\/alternativanikkei.com\/2026\/wp-json\/wp\/v2\/product_tag?post=9430"}],"curies":[{"name":"wp","href":"https:\/\/api.w.org\/{rel}","templated":true}]}}