{"id":9435,"date":"2021-04-07T11:11:11","date_gmt":"2021-04-07T14:11:11","guid":{"rendered":"https:\/\/alternativanikkei.com\/?post_type=product&#038;p=9435"},"modified":"2024-08-24T17:31:44","modified_gmt":"2024-08-24T20:31:44","slug":"el-pajaro-rojo-cuentos-modernos-de-japon","status":"publish","type":"product","link":"https:\/\/alternativanikkei.com\/2026\/producto\/el-pajaro-rojo-cuentos-modernos-de-japon\/","title":{"rendered":"EL P\u00c1JARO ROJO. Cuentos modernos de Jap\u00f3n"},"content":{"rendered":"<p><img loading=\"lazy\" decoding=\"async\" class=\"aligncenter size-medium wp-image-9437\" src=\"https:\/\/alternativanikkei.com\/wp-content\/uploads\/2021\/04\/tapapajarorojo-300x300.jpg\" alt=\"\" width=\"300\" height=\"300\" srcset=\"https:\/\/alternativanikkei.com\/2026\/wp-content\/uploads\/2021\/04\/tapapajarorojo-300x300.jpg 300w, https:\/\/alternativanikkei.com\/2026\/wp-content\/uploads\/2021\/04\/tapapajarorojo-150x150.jpg 150w, https:\/\/alternativanikkei.com\/2026\/wp-content\/uploads\/2021\/04\/tapapajarorojo-768x768.jpg 768w, https:\/\/alternativanikkei.com\/2026\/wp-content\/uploads\/2021\/04\/tapapajarorojo-400x400.jpg 400w, https:\/\/alternativanikkei.com\/2026\/wp-content\/uploads\/2021\/04\/tapapajarorojo-600x600.jpg 600w, https:\/\/alternativanikkei.com\/2026\/wp-content\/uploads\/2021\/04\/tapapajarorojo-100x100.jpg 100w, https:\/\/alternativanikkei.com\/2026\/wp-content\/uploads\/2021\/04\/tapapajarorojo.jpg 800w\" sizes=\"auto, (max-width: 300px) 100vw, 300px\" \/><\/p>\n","protected":false},"excerpt":{"rendered":"<p>Esta obra es una antolog\u00eda in\u00e9dita de cuentos infantiles (<i>d<\/i><i>\u00f4<\/i><i>wa<\/i>) escritos por Mimei Ogawa y Nankichi Niimi, dos pilares fundamentales de la cuent\u00edstica moderna y precursores de lo que en la actualidad denominan como Literatura Infantil Japonesa (<i>Nihon jid<\/i><i>\u00f4<\/i><i>\u00a0bungaku<\/i>).<\/p>\n<p>A lo largo de sus p\u00e1ginas descubrir\u00e1n cuarenta relatos cortos que, alejados ya de la vieja tradici\u00f3n oral (<i>setsuwa<\/i>), narran con una sensibilidad extraordinaria temas que forjaron el esp\u00edritu de muchos ni\u00f1os y ni\u00f1as del Jap\u00f3n de la primera mitad del siglo XX como, por ejemplo, la amistad, la igualdad, la pobreza, la guerra, la muerte, el respeto por la naturaleza y las tradiciones o el devastador efecto de la industrializaci\u00f3n.<span class=\"Apple-converted-space\">\u00a0<\/span><\/p>\n<p>A\u00fan hoy d\u00eda, cuentos como \u00abEl zorrito Gon\u00bb (<i>Gongitsune<\/i>) o \u00abPara comprar unos guantes\u00bb (<i>Tebukuro wo kai ni<\/i>) siguen vigentes en la memoria colectiva del pa\u00eds gracias a su fomento en las escuelas. As\u00ed pues, consideramos lectura obligatoria para cualquier lector interesado en Literatura Japonesa y, en especial, en nuestra colecci\u00f3n de\u00a0<i>F\u00e1bulas y Leyendas<\/i>.<\/p>\n<h4>La Prensa ha dicho<\/h4>\n<hr \/>\n<p>\u201cLa obra cuenta con veintid\u00f3s historias de Mimei Ogawa y dieciocho de Nankichi Niimi, estando entre los cuentos algunos t\u00edtulos famosos de la literatura nipona como\u00a0<em>El barco rojo<\/em>,\u00a0<em>La mu\u00f1eca perdida\u00a0<\/em>o\u00a0<em>El cuenco del rey<\/em>, del primero, y\u00a0<em>El zorrito Gon<\/em>,\u00a0<em>La l\u00e1mpara del abuelo<\/em>\u00a0y\u00a0<em>Para comprar unos guantes<\/em>, del segundo, dando como resultado\u00a0<strong>un compendio lleno de diferentes moralejas y mensajes, como la amistad, el culto y respeto a los antepasados, el amor maternal, la avaricia, el cuidado por la naturaleza<\/strong>\u2026, elementos que inspiraron a algunas personalidades japonesas actuales como podr\u00eda ser el conocido director de animaci\u00f3n Hayao Miyazaki, y que sin duda alguna siguen presentes en la sociedad japonesa por medio de la cultura popular y las ense\u00f1anzas de las escuelas. (\u2026)\u00a0<strong>Una obra que invita a la lectura<\/strong>\u201d\u00a0<a href=\"http:\/\/revistacultural.ecosdeasia.com\/14797-2\/\" target=\"_blank\" rel=\"noopener noreferrer\">Ecos de Asia<\/a><\/p>\n","protected":false},"featured_media":9439,"template":"","meta":[],"product_brand":[],"product_cat":[45,50],"product_tag":[],"class_list":{"0":"post-9435","1":"product","2":"type-product","3":"status-publish","4":"has-post-thumbnail","6":"product_cat-libreria","7":"product_cat-libros-y-revistas","9":"first","10":"instock","11":"featured","12":"shipping-taxable","13":"purchasable","14":"product-type-simple"},"_links":{"self":[{"href":"https:\/\/alternativanikkei.com\/2026\/wp-json\/wp\/v2\/product\/9435","targetHints":{"allow":["GET"]}}],"collection":[{"href":"https:\/\/alternativanikkei.com\/2026\/wp-json\/wp\/v2\/product"}],"about":[{"href":"https:\/\/alternativanikkei.com\/2026\/wp-json\/wp\/v2\/types\/product"}],"wp:featuredmedia":[{"embeddable":true,"href":"https:\/\/alternativanikkei.com\/2026\/wp-json\/wp\/v2\/media\/9439"}],"wp:attachment":[{"href":"https:\/\/alternativanikkei.com\/2026\/wp-json\/wp\/v2\/media?parent=9435"}],"wp:term":[{"taxonomy":"product_brand","embeddable":true,"href":"https:\/\/alternativanikkei.com\/2026\/wp-json\/wp\/v2\/product_brand?post=9435"},{"taxonomy":"product_cat","embeddable":true,"href":"https:\/\/alternativanikkei.com\/2026\/wp-json\/wp\/v2\/product_cat?post=9435"},{"taxonomy":"product_tag","embeddable":true,"href":"https:\/\/alternativanikkei.com\/2026\/wp-json\/wp\/v2\/product_tag?post=9435"}],"curies":[{"name":"wp","href":"https:\/\/api.w.org\/{rel}","templated":true}]}}