{"id":9440,"date":"2021-04-07T12:05:39","date_gmt":"2021-04-07T15:05:39","guid":{"rendered":"https:\/\/alternativanikkei.com\/?post_type=product&#038;p=9440"},"modified":"2024-08-24T17:23:44","modified_gmt":"2024-08-24T20:23:44","slug":"tabi-no-sakana-1-bocados-de-un-viaje-gourmet","status":"publish","type":"product","link":"https:\/\/alternativanikkei.com\/2026\/producto\/tabi-no-sakana-1-bocados-de-un-viaje-gourmet\/","title":{"rendered":"TABI NO SAKANA 1. Bocados de un viaje gourmet (manga, c\u00f3mic)"},"content":{"rendered":"","protected":false},"excerpt":{"rendered":"<table class=\"woocommerce-product-attributes shop_attributes\">\n<tbody>\n<tr class=\"woocommerce-product-attributes-item woocommerce-product-attributes-item--weight\">\n<th class=\"woocommerce-product-attributes-item__label\">Peso<\/th>\n<td class=\"woocommerce-product-attributes-item__value\">0.35 kg<\/td>\n<\/tr>\n<tr class=\"woocommerce-product-attributes-item woocommerce-product-attributes-item--dimensions\">\n<th class=\"woocommerce-product-attributes-item__label\">Dimensiones<\/th>\n<td class=\"woocommerce-product-attributes-item__value\">1 \u00d7 15 \u00d7 21 cm<\/td>\n<\/tr>\n<tr class=\"woocommerce-product-attributes-item woocommerce-product-attributes-item--attribute_pa_autor\">\n<th class=\"woocommerce-product-attributes-item__label\">Autor<\/th>\n<td class=\"woocommerce-product-attributes-item__value\">Masayuki Qusumi, Santa Uonome<\/td>\n<\/tr>\n<tr class=\"woocommerce-product-attributes-item woocommerce-product-attributes-item--attribute_pa_isbn\">\n<th class=\"woocommerce-product-attributes-item__label\">ISBN<\/th>\n<td class=\"woocommerce-product-attributes-item__value\">9788412106800<\/td>\n<\/tr>\n<tr class=\"woocommerce-product-attributes-item woocommerce-product-attributes-item--attribute_pa_no-paginas\">\n<th class=\"woocommerce-product-attributes-item__label\">N\u00ba P\u00e1ginas<\/th>\n<td class=\"woocommerce-product-attributes-item__value\">184<\/td>\n<\/tr>\n<tr class=\"woocommerce-product-attributes-item woocommerce-product-attributes-item--attribute_pa_genero\">\n<th class=\"woocommerce-product-attributes-item__label\">G\u00e9nero<\/th>\n<td class=\"woocommerce-product-attributes-item__value\">C\u00f3mic, Manga, Novela gr\u00e1fica<\/td>\n<\/tr>\n<tr class=\"woocommerce-product-attributes-item woocommerce-product-attributes-item--attribute_pa_ibic\">\n<th class=\"woocommerce-product-attributes-item__label\">IBIC<\/th>\n<td class=\"woocommerce-product-attributes-item__value\">FXA, WTL<\/td>\n<\/tr>\n<tr class=\"woocommerce-product-attributes-item woocommerce-product-attributes-item--attribute_pa_sentido-de-lectura\">\n<th class=\"woocommerce-product-attributes-item__label\">Sentido de Lectura<\/th>\n<td class=\"woocommerce-product-attributes-item__value\">Oriental<\/td>\n<\/tr>\n<tr class=\"woocommerce-product-attributes-item woocommerce-product-attributes-item--attribute_pa_fecha-de-publicacion\">\n<th class=\"woocommerce-product-attributes-item__label\">Fecha de publicaci\u00f3n<\/th>\n<td class=\"woocommerce-product-attributes-item__value\">30\/03\/20<\/td>\n<\/tr>\n<tr class=\"woocommerce-product-attributes-item woocommerce-product-attributes-item--attribute_pa_no-de-coleccion\">\n<th class=\"woocommerce-product-attributes-item__label\">N\u00ba de Colecci\u00f3n<\/th>\n<td class=\"woocommerce-product-attributes-item__value\">\u4e5d\u5341\u516b<\/td>\n<\/tr>\n<tr class=\"woocommerce-product-attributes-item woocommerce-product-attributes-item--attribute_pa_traduccion\">\n<th class=\"woocommerce-product-attributes-item__label\">Traducci\u00f3n<\/th>\n<td class=\"woocommerce-product-attributes-item__value\">B\u00e1rbara Pesquer Isasi<\/td>\n<\/tr>\n<\/tbody>\n<\/table>\n<p>Sexto a\u00f1o del per\u00edodo Kansei (1794). Jippensha Ikk\u016b, por entonces un desconocido autor, recibe un encargo de su editor: realizar una gu\u00eda culinaria que recopile las especialidades gastron\u00f3micas, los sakes m\u00e1s selectos y los productos locales m\u00e1s exquisitos del pa\u00eds.<\/p>\n<p>Comienza as\u00ed un viaje repleto de incidentes en busca de las delicias gastron\u00f3micas de cada lugar, una aventura que posteriormente le servir\u00eda de inspiraci\u00f3n para escribir su afamado\u00a0<em>Viaje por el Tokaido<\/em>, la obra maestra de la literatura picaresca japonesa.<\/p>\n","protected":false},"featured_media":9442,"template":"","meta":[],"product_brand":[],"product_cat":[45,50],"product_tag":[],"class_list":{"0":"post-9440","1":"product","2":"type-product","3":"status-publish","4":"has-post-thumbnail","6":"product_cat-libreria","7":"product_cat-libros-y-revistas","9":"first","10":"instock","11":"shipping-taxable","12":"purchasable","13":"product-type-simple"},"_links":{"self":[{"href":"https:\/\/alternativanikkei.com\/2026\/wp-json\/wp\/v2\/product\/9440","targetHints":{"allow":["GET"]}}],"collection":[{"href":"https:\/\/alternativanikkei.com\/2026\/wp-json\/wp\/v2\/product"}],"about":[{"href":"https:\/\/alternativanikkei.com\/2026\/wp-json\/wp\/v2\/types\/product"}],"wp:featuredmedia":[{"embeddable":true,"href":"https:\/\/alternativanikkei.com\/2026\/wp-json\/wp\/v2\/media\/9442"}],"wp:attachment":[{"href":"https:\/\/alternativanikkei.com\/2026\/wp-json\/wp\/v2\/media?parent=9440"}],"wp:term":[{"taxonomy":"product_brand","embeddable":true,"href":"https:\/\/alternativanikkei.com\/2026\/wp-json\/wp\/v2\/product_brand?post=9440"},{"taxonomy":"product_cat","embeddable":true,"href":"https:\/\/alternativanikkei.com\/2026\/wp-json\/wp\/v2\/product_cat?post=9440"},{"taxonomy":"product_tag","embeddable":true,"href":"https:\/\/alternativanikkei.com\/2026\/wp-json\/wp\/v2\/product_tag?post=9440"}],"curies":[{"name":"wp","href":"https:\/\/api.w.org\/{rel}","templated":true}]}}