{"id":9447,"date":"2021-04-07T16:14:06","date_gmt":"2021-04-07T19:14:06","guid":{"rendered":"https:\/\/alternativanikkei.com\/?post_type=product&#038;p=9447"},"modified":"2026-03-31T09:43:16","modified_gmt":"2026-03-31T12:43:16","slug":"relatos-de-perros","status":"publish","type":"product","link":"https:\/\/alternativanikkei.com\/2026\/producto\/relatos-de-perros\/","title":{"rendered":"RELATOS DE PERROS"},"content":{"rendered":"","protected":false},"excerpt":{"rendered":"<table class=\"woocommerce-product-attributes shop_attributes\">\n<tbody>\n<tr class=\"woocommerce-product-attributes-item woocommerce-product-attributes-item--weight\">\n<th class=\"woocommerce-product-attributes-item__label\">Peso<\/th>\n<td class=\"woocommerce-product-attributes-item__value\">0.25 kg<\/td>\n<\/tr>\n<tr class=\"woocommerce-product-attributes-item woocommerce-product-attributes-item--dimensions\">\n<th class=\"woocommerce-product-attributes-item__label\">Dimensiones<\/th>\n<td class=\"woocommerce-product-attributes-item__value\">1 \u00d7 13 \u00d7 19 cm<\/td>\n<\/tr>\n<tr class=\"woocommerce-product-attributes-item woocommerce-product-attributes-item--attribute_pa_autor\">\n<th class=\"woocommerce-product-attributes-item__label\">Autor<\/th>\n<td class=\"woocommerce-product-attributes-item__value\">Fumiko Hayashi, Haruo Sato, Kiyoshi Koyama, Kyusaku Yumeno, Masao Kusuyama, Ryunosuke Akutagawa, Shiki Masaoka, Takeo Arishima, Yoshio Toyoshima<\/td>\n<\/tr>\n<tr class=\"woocommerce-product-attributes-item woocommerce-product-attributes-item--attribute_pa_isbn\">\n<th class=\"woocommerce-product-attributes-item__label\">ISBN<\/th>\n<td class=\"woocommerce-product-attributes-item__value\">9788412044683<\/td>\n<\/tr>\n<tr class=\"woocommerce-product-attributes-item woocommerce-product-attributes-item--attribute_pa_traduccion\">\n<th class=\"woocommerce-product-attributes-item__label\">Traducci\u00f3n<\/th>\n<td class=\"woocommerce-product-attributes-item__value\">Eva Gonz\u00e1lez Rosales, Kazumi Hasegawa<\/td>\n<\/tr>\n<tr class=\"woocommerce-product-attributes-item woocommerce-product-attributes-item--attribute_pa_no-paginas\">\n<th class=\"woocommerce-product-attributes-item__label\">N\u00ba P\u00e1ginas<\/th>\n<td class=\"woocommerce-product-attributes-item__value\">128<\/td>\n<\/tr>\n<tr class=\"woocommerce-product-attributes-item woocommerce-product-attributes-item--attribute_pa_genero\">\n<th class=\"woocommerce-product-attributes-item__label\">G\u00e9nero<\/th>\n<td class=\"woocommerce-product-attributes-item__value\">Narrativa<\/td>\n<\/tr>\n<tr class=\"woocommerce-product-attributes-item woocommerce-product-attributes-item--attribute_pa_ibic\">\n<th class=\"woocommerce-product-attributes-item__label\">IBIC<\/th>\n<td class=\"woocommerce-product-attributes-item__value\">FA, FYB<\/td>\n<\/tr>\n<tr class=\"woocommerce-product-attributes-item woocommerce-product-attributes-item--attribute_pa_fecha-de-publicacion\">\n<th class=\"woocommerce-product-attributes-item__label\">Fecha de publicaci\u00f3n<\/th>\n<td class=\"woocommerce-product-attributes-item__value\">18\/5\/20<\/td>\n<\/tr>\n<tr class=\"woocommerce-product-attributes-item woocommerce-product-attributes-item--attribute_pa_no-de-coleccion\">\n<th class=\"woocommerce-product-attributes-item__label\">N\u00ba de Colecci\u00f3n<\/th>\n<td class=\"woocommerce-product-attributes-item__value\">\u4e5d\u5341\u4e5d<\/p>\n<p>&nbsp;<\/td>\n<\/tr>\n<\/tbody>\n<\/table>\n<p class=\"\"><span class=\"\">Hachi (ocho) era un perro de raza Akita, una de las m\u00e1s populares de Jap\u00f3n, que viv\u00eda con Hidesabur\u014d Ueno, profesor de Ingenier\u00eda Agr\u00f3noma de la Universidad de Tokio.<\/span><\/p>\n<p class=\"\"><span class=\"\">Todas las ma\u00f1anas, el fiel Hachi acompa\u00f1aba al profesor a la estaci\u00f3n de Shibuya y regresaba, cada tarde, para recibirlo; hasta que un d\u00eda, Ueno sufri\u00f3 una hemorragia cerebral mientras impart\u00eda clase y falleci\u00f3.<\/span><\/p>\n<p class=\"\"><span class=\"\">Al comprobar que su amigo no regresaba, el perro se qued\u00f3 a vivir frente a la estaci\u00f3n. La gente, conmovida por su devoci\u00f3n, comenz\u00f3 a alimentarlo y lo apod\u00f3 Hachik\u014d (el leal Hachi).<\/span><\/p>\n<p class=\"\"><span class=\"\">Hachik\u014d muri\u00f3 diez a\u00f1os despu\u00e9s frente a la estaci\u00f3n de Shibuya. All\u00ed mismo, hay erigida una estatua de bronce en su honor.<\/span><\/p>\n<p class=\"\"><span class=\"\">Nueve relatos de distinta tem\u00e1tica en los que el protagonista indiscutible es el perro, un animal muy querido y respetado en Jap\u00f3n, que tiene incluso varias razas aut\u00f3ctonas, y que es, como demuestra la historia de Hachik\u014d, el mejor amigo del hombre.<\/span><\/p>\n<p class=\"\"><span class=\"\"><strong><i>La continuaci\u00f3n de nuestro \u2018<a href=\"https:\/\/www.quaterni.es\/producto\/relatos-de-gatos\/\" target=\"_blank\" rel=\"noopener noreferrer\">Relatos de gatos<\/a>\u2018, una deliciosa selecci\u00f3n de relatos, en esta ocasi\u00f3n protagonizados por el mejor y m\u00e1s fiel amigo del hombre.<\/i><\/strong><\/span><\/p>\n","protected":false},"featured_media":9449,"template":"","meta":[],"product_brand":[],"product_cat":[45,50],"product_tag":[],"class_list":{"0":"post-9447","1":"product","2":"type-product","3":"status-publish","4":"has-post-thumbnail","6":"product_cat-libreria","7":"product_cat-libros-y-revistas","9":"first","10":"instock","11":"shipping-taxable","12":"purchasable","13":"product-type-simple"},"_links":{"self":[{"href":"https:\/\/alternativanikkei.com\/2026\/wp-json\/wp\/v2\/product\/9447","targetHints":{"allow":["GET"]}}],"collection":[{"href":"https:\/\/alternativanikkei.com\/2026\/wp-json\/wp\/v2\/product"}],"about":[{"href":"https:\/\/alternativanikkei.com\/2026\/wp-json\/wp\/v2\/types\/product"}],"wp:featuredmedia":[{"embeddable":true,"href":"https:\/\/alternativanikkei.com\/2026\/wp-json\/wp\/v2\/media\/9449"}],"wp:attachment":[{"href":"https:\/\/alternativanikkei.com\/2026\/wp-json\/wp\/v2\/media?parent=9447"}],"wp:term":[{"taxonomy":"product_brand","embeddable":true,"href":"https:\/\/alternativanikkei.com\/2026\/wp-json\/wp\/v2\/product_brand?post=9447"},{"taxonomy":"product_cat","embeddable":true,"href":"https:\/\/alternativanikkei.com\/2026\/wp-json\/wp\/v2\/product_cat?post=9447"},{"taxonomy":"product_tag","embeddable":true,"href":"https:\/\/alternativanikkei.com\/2026\/wp-json\/wp\/v2\/product_tag?post=9447"}],"curies":[{"name":"wp","href":"https:\/\/api.w.org\/{rel}","templated":true}]}}