{"id":9451,"date":"2021-04-07T16:53:54","date_gmt":"2021-04-07T19:53:54","guid":{"rendered":"https:\/\/alternativanikkei.com\/?post_type=product&#038;p=9451"},"modified":"2024-08-24T17:19:33","modified_gmt":"2024-08-24T20:19:33","slug":"fabulas-y-leyendas-del-lejano-oriente","status":"publish","type":"product","link":"https:\/\/alternativanikkei.com\/2026\/producto\/fabulas-y-leyendas-del-lejano-oriente\/","title":{"rendered":"F\u00e1bulas y leyendas del Lejano Oriente"},"content":{"rendered":"","protected":false},"excerpt":{"rendered":"<table class=\"woocommerce-product-attributes shop_attributes\">\n<tbody>\n<tr class=\"woocommerce-product-attributes-item woocommerce-product-attributes-item--weight\">\n<th class=\"woocommerce-product-attributes-item__label\">Peso<\/th>\n<td class=\"woocommerce-product-attributes-item__value\">1 kg<\/td>\n<\/tr>\n<tr class=\"woocommerce-product-attributes-item woocommerce-product-attributes-item--dimensions\">\n<th class=\"woocommerce-product-attributes-item__label\">Dimensiones<\/th>\n<td class=\"woocommerce-product-attributes-item__value\">3 \u00d7 17 \u00d7 24 cm<\/td>\n<\/tr>\n<tr class=\"woocommerce-product-attributes-item woocommerce-product-attributes-item--attribute_pa_autor\">\n<th class=\"woocommerce-product-attributes-item__label\">Autor<\/th>\n<td class=\"woocommerce-product-attributes-item__value\">VV.AA.<\/td>\n<\/tr>\n<tr class=\"woocommerce-product-attributes-item woocommerce-product-attributes-item--attribute_pa_ilustrador\">\n<th class=\"woocommerce-product-attributes-item__label\">Ilustrador<\/th>\n<td class=\"woocommerce-product-attributes-item__value\">Sabina Morante<\/td>\n<\/tr>\n<tr class=\"woocommerce-product-attributes-item woocommerce-product-attributes-item--attribute_pa_isbn\">\n<th class=\"woocommerce-product-attributes-item__label\">ISBN<\/th>\n<td class=\"woocommerce-product-attributes-item__value\">9788412106817<\/td>\n<\/tr>\n<tr class=\"woocommerce-product-attributes-item woocommerce-product-attributes-item--attribute_pa_no-paginas\">\n<th class=\"woocommerce-product-attributes-item__label\">N\u00ba P\u00e1ginas<\/th>\n<td class=\"woocommerce-product-attributes-item__value\">304<\/td>\n<\/tr>\n<tr class=\"woocommerce-product-attributes-item woocommerce-product-attributes-item--attribute_pa_genero\">\n<th class=\"woocommerce-product-attributes-item__label\">G\u00e9nero<\/th>\n<td class=\"woocommerce-product-attributes-item__value\">Cuentos populares, f\u00e1bulas y leyendas<\/td>\n<\/tr>\n<tr class=\"woocommerce-product-attributes-item woocommerce-product-attributes-item--attribute_pa_fecha-de-publicacion\">\n<th class=\"woocommerce-product-attributes-item__label\">Fecha de publicaci\u00f3n<\/th>\n<td class=\"woocommerce-product-attributes-item__value\">19\/10\/2020<\/td>\n<\/tr>\n<tr class=\"woocommerce-product-attributes-item woocommerce-product-attributes-item--attribute_pa_ibic\">\n<th class=\"woocommerce-product-attributes-item__label\">IBIC<\/th>\n<td class=\"woocommerce-product-attributes-item__value\">FQ<\/td>\n<\/tr>\n<tr class=\"woocommerce-product-attributes-item woocommerce-product-attributes-item--attribute_pa_no-de-coleccion\">\n<th class=\"woocommerce-product-attributes-item__label\">N\u00ba de Colecci\u00f3n<\/th>\n<td class=\"woocommerce-product-attributes-item__value\">\u767e<\/p>\n<p>&nbsp;<\/td>\n<\/tr>\n<\/tbody>\n<\/table>\n<p>&nbsp;<\/p>\n<p class=\"p1\">A pesar de las diferencias culturales y de costumbres entre Oriente y Occidente, la esencia de los cuentos populares es la misma en todo el mundo.<\/p>\n<p class=\"p1\">Con esta recopilaci\u00f3n de cuentos tradicionales de Jap\u00f3n, China y Corea, hemos querido celebrar nuestro t\u00edtulo n\u00famero 100 y, a la vez, rendir un sincero homenaje a Andrew Lang y sus famosos\u00a0<i>12 Colored Fairy Books<\/i>, que ilustrados por Henry Justice Ford, hoy en d\u00eda tienen la consideraci\u00f3n de obras de arte de la literatura popular.<\/p>\n<p class=\"p1\">En nuestra selecci\u00f3n de relatos, mitos y leyendas, los lectores y lectoras de todas las edades se ver\u00e1n atrapados en un mundo repleto de magia y nostalgia, un lugar habitado por criaturas fant\u00e1sticas, seres mitol\u00f3gicos y animales incre\u00edbles que permitir\u00e1n a los m\u00e1s peque\u00f1os imaginar un mundo maravilloso, imposible; y a los adultos volver a descubrirlo con una mirada diferente, con la inocencia de un ni\u00f1o. Y todos ellos, bellamente ilustrados por Sabina Morante.<\/p>\n","protected":false},"featured_media":9454,"template":"","meta":[],"product_brand":[],"product_cat":[45,50],"product_tag":[],"class_list":{"0":"post-9451","1":"product","2":"type-product","3":"status-publish","4":"has-post-thumbnail","6":"product_cat-libreria","7":"product_cat-libros-y-revistas","9":"first","10":"instock","11":"shipping-taxable","12":"purchasable","13":"product-type-simple"},"_links":{"self":[{"href":"https:\/\/alternativanikkei.com\/2026\/wp-json\/wp\/v2\/product\/9451","targetHints":{"allow":["GET"]}}],"collection":[{"href":"https:\/\/alternativanikkei.com\/2026\/wp-json\/wp\/v2\/product"}],"about":[{"href":"https:\/\/alternativanikkei.com\/2026\/wp-json\/wp\/v2\/types\/product"}],"wp:featuredmedia":[{"embeddable":true,"href":"https:\/\/alternativanikkei.com\/2026\/wp-json\/wp\/v2\/media\/9454"}],"wp:attachment":[{"href":"https:\/\/alternativanikkei.com\/2026\/wp-json\/wp\/v2\/media?parent=9451"}],"wp:term":[{"taxonomy":"product_brand","embeddable":true,"href":"https:\/\/alternativanikkei.com\/2026\/wp-json\/wp\/v2\/product_brand?post=9451"},{"taxonomy":"product_cat","embeddable":true,"href":"https:\/\/alternativanikkei.com\/2026\/wp-json\/wp\/v2\/product_cat?post=9451"},{"taxonomy":"product_tag","embeddable":true,"href":"https:\/\/alternativanikkei.com\/2026\/wp-json\/wp\/v2\/product_tag?post=9451"}],"curies":[{"name":"wp","href":"https:\/\/api.w.org\/{rel}","templated":true}]}}