{"id":9582,"date":"2022-01-19T23:26:41","date_gmt":"2022-01-20T02:26:41","guid":{"rendered":"https:\/\/alternativanikkei.com\/?post_type=product&#038;p=9582"},"modified":"2026-03-31T09:42:57","modified_gmt":"2026-03-31T12:42:57","slug":"aprende-coreano-facil-annyeonghaseyo-hangug-eo","status":"publish","type":"product","link":"https:\/\/alternativanikkei.com\/2026\/producto\/aprende-coreano-facil-annyeonghaseyo-hangug-eo\/","title":{"rendered":"Aprende coreano f\u00e1cil. Annyeonghaseyo, hangug-eo!"},"content":{"rendered":"<p><strong>La gu\u00eda definitiva para aprender coreano.<\/strong><\/p>\n<p>Sencilla, c\u00f3moda y muy f\u00e1cil de usar, esta gu\u00eda a todo color, elaborada espec\u00edficamente para hablantes nativos del espa\u00f1ol, te ayudar\u00e1 a dominar el alfabeto hangul, a pronunciar y entender los sonidos del coreano y a conocer las bases de su gram\u00e1tica. Adem\u00e1s, aprender\u00e1s multitud de palabras y expresiones \u00fatiles para comenzar a comunicarte con eficacia en el idioma coreano.<\/p>\n<p>&nbsp;<\/p>\n<p><strong>Beatriz Vera Poseck<\/strong>\u00a0es psic\u00f3loga, fil\u00f3loga hisp\u00e1nica y escritora. Creadora de la cuenta de Instagram\u00a0<a href=\"https:\/\/www.instagram.com\/todosobrekorea\/\" target=\"_blank\" rel=\"noopener noreferrer\">@todosobrekorea<\/a>\u00a0en la que mantiene una comunidad hispanohablante de doscientas mil personas interesadas en los aspectos sociales y culturales del Corea del Sur.<\/p>\n<p><strong>Kim Ghi Ho<\/strong>\u00a0es coreano y vive en Madrid desde hace cinco a\u00f1os. Graduado por la Universidad de Hanyang en Lengua Coreana, ha supervisado todo el proceso de creaci\u00f3n del libro.<\/p>\n","protected":false},"excerpt":{"rendered":"<p>La gu\u00eda definitiva para aprender coreano. Sencilla, c\u00f3moda y muy f\u00e1cil de usar, esta gu\u00eda a todo color, elaborada espec\u00edficamente para hablantes nativos del espa\u00f1ol, te ayudar\u00e1 a dominar el alfabeto hangul, a pronunciar y entender los sonidos del coreano y a conocer las bases de su gram\u00e1tica. Adem\u00e1s, aprender\u00e1s multitud de palabras y expresiones [&hellip;]<\/p>\n","protected":false},"featured_media":9583,"template":"","meta":[],"product_brand":[],"product_cat":[45,50],"product_tag":[],"class_list":{"0":"post-9582","1":"product","2":"type-product","3":"status-publish","4":"has-post-thumbnail","6":"product_cat-libreria","7":"product_cat-libros-y-revistas","9":"first","10":"instock","11":"shipping-taxable","12":"purchasable","13":"product-type-simple"},"_links":{"self":[{"href":"https:\/\/alternativanikkei.com\/2026\/wp-json\/wp\/v2\/product\/9582","targetHints":{"allow":["GET"]}}],"collection":[{"href":"https:\/\/alternativanikkei.com\/2026\/wp-json\/wp\/v2\/product"}],"about":[{"href":"https:\/\/alternativanikkei.com\/2026\/wp-json\/wp\/v2\/types\/product"}],"wp:featuredmedia":[{"embeddable":true,"href":"https:\/\/alternativanikkei.com\/2026\/wp-json\/wp\/v2\/media\/9583"}],"wp:attachment":[{"href":"https:\/\/alternativanikkei.com\/2026\/wp-json\/wp\/v2\/media?parent=9582"}],"wp:term":[{"taxonomy":"product_brand","embeddable":true,"href":"https:\/\/alternativanikkei.com\/2026\/wp-json\/wp\/v2\/product_brand?post=9582"},{"taxonomy":"product_cat","embeddable":true,"href":"https:\/\/alternativanikkei.com\/2026\/wp-json\/wp\/v2\/product_cat?post=9582"},{"taxonomy":"product_tag","embeddable":true,"href":"https:\/\/alternativanikkei.com\/2026\/wp-json\/wp\/v2\/product_tag?post=9582"}],"curies":[{"name":"wp","href":"https:\/\/api.w.org\/{rel}","templated":true}]}}