{"id":9642,"date":"2022-03-17T18:17:32","date_gmt":"2022-03-17T21:17:32","guid":{"rendered":"https:\/\/alternativanikkei.com\/?post_type=product&#038;p=9642"},"modified":"2026-03-31T09:42:48","modified_gmt":"2026-03-31T12:42:48","slug":"el-libro-del-te-edicion-anotada-e-ilustrada","status":"publish","type":"product","link":"https:\/\/alternativanikkei.com\/2026\/producto\/el-libro-del-te-edicion-anotada-e-ilustrada\/","title":{"rendered":"EL LIBRO DEL T\u00c9. Edici\u00f3n anotada e ilustrada"},"content":{"rendered":"<p><strong>Cl\u00e1sicos de la Literatura, Ensayo Literario. Incluye El Sutra del T\u00e9 de Lu Yu<\/strong><\/p>\n<p>Un cl\u00e1sico imprescindible de la literatura japonesa en una nueva traducci\u00f3n completamente actualizada, anotada e ilustrada con l\u00e1minas de ukiyo-e.<\/p>\n<p>A los ojos de un extranjero, un\u00a0<em>gaijin<\/em>, Jap\u00f3n sigue siendo a\u00fan hoy el lugar m\u00e1s ex\u00f3tico e insondable del planeta.<\/p>\n<p>El respeto de sus gentes por la naturaleza, su concepci\u00f3n del arte, su sentido est\u00e9tico, su percepci\u00f3n de la belleza, la influencia de la religi\u00f3n y la filosof\u00eda en su vida diaria, la b\u00fasqueda de la armon\u00eda y la importancia de la espiritualidad y de la contemplaci\u00f3n, conforman una cultura y unos valores muy alejados del sentir occidental.<\/p>\n<p>La ceremonia del t\u00e9 (<em>cha-no-yu<\/em>), un ritual en el que cada detalle es esencial en la b\u00fasqueda de la perfecci\u00f3n est\u00e9tica y espiritual, refleja mejor que ninguna otra celebraci\u00f3n, la verdadera esencia de Jap\u00f3n.<\/p>\n<p>Preparar un t\u00e9 exige una atenci\u00f3n exquisita por cada detalle: armon\u00eda, elegancia y destreza en los movimientos de quienes lo preparan, generalmente mujeres, y una atm\u00f3sfera perfecta en la que nada se deja al azar. Todo aquel que disfrute de esta milenaria bebida debe alcanzar un estado espiritual de profunda serenidad.<\/p>\n<p>Escrito en 1906 por Kakuz\u014d Okakura, El libro del t\u00e9 constituye un acercamiento sin igual a lo m\u00e1s profundo del pensamiento y filosof\u00eda de vida de los habitantes del Lejano Oriente.<\/p>\n<p>Esta edici\u00f3n, adem\u00e1s de ilustrada, anotada y comentada, incluye El Cl\u00e1sico del T\u00e9 de Lu Yu, que trata sobre el cultivo, preparaci\u00f3n y forma de beber el t\u00e9. La lectura de ambos tratados es, no solo complementaria, si no tambi\u00e9n necesaria, pues si una de ellas constituye una lectura m\u00edstica, la otra es mucho m\u00e1s terrenal.<\/p>\n","protected":false},"excerpt":{"rendered":"<p>Cl\u00e1sicos de la Literatura, Ensayo Literario. Incluye El Sutra del T\u00e9 de Lu Yu Un cl\u00e1sico imprescindible de la literatura japonesa en una nueva traducci\u00f3n completamente actualizada, anotada e ilustrada con l\u00e1minas de ukiyo-e. A los ojos de un extranjero, un\u00a0gaijin, Jap\u00f3n sigue siendo a\u00fan hoy el lugar m\u00e1s ex\u00f3tico e insondable del planeta. El [&hellip;]<\/p>\n","protected":false},"featured_media":9643,"template":"","meta":[],"product_brand":[],"product_cat":[45,50],"product_tag":[],"class_list":{"0":"post-9642","1":"product","2":"type-product","3":"status-publish","4":"has-post-thumbnail","6":"product_cat-libreria","7":"product_cat-libros-y-revistas","9":"first","10":"instock","11":"shipping-taxable","12":"purchasable","13":"product-type-simple"},"_links":{"self":[{"href":"https:\/\/alternativanikkei.com\/2026\/wp-json\/wp\/v2\/product\/9642","targetHints":{"allow":["GET"]}}],"collection":[{"href":"https:\/\/alternativanikkei.com\/2026\/wp-json\/wp\/v2\/product"}],"about":[{"href":"https:\/\/alternativanikkei.com\/2026\/wp-json\/wp\/v2\/types\/product"}],"wp:featuredmedia":[{"embeddable":true,"href":"https:\/\/alternativanikkei.com\/2026\/wp-json\/wp\/v2\/media\/9643"}],"wp:attachment":[{"href":"https:\/\/alternativanikkei.com\/2026\/wp-json\/wp\/v2\/media?parent=9642"}],"wp:term":[{"taxonomy":"product_brand","embeddable":true,"href":"https:\/\/alternativanikkei.com\/2026\/wp-json\/wp\/v2\/product_brand?post=9642"},{"taxonomy":"product_cat","embeddable":true,"href":"https:\/\/alternativanikkei.com\/2026\/wp-json\/wp\/v2\/product_cat?post=9642"},{"taxonomy":"product_tag","embeddable":true,"href":"https:\/\/alternativanikkei.com\/2026\/wp-json\/wp\/v2\/product_tag?post=9642"}],"curies":[{"name":"wp","href":"https:\/\/api.w.org\/{rel}","templated":true}]}}