{"id":9656,"date":"2022-03-25T17:37:25","date_gmt":"2022-03-25T20:37:25","guid":{"rendered":"https:\/\/alternativanikkei.com\/?post_type=product&#038;p=9656"},"modified":"2024-05-08T21:03:13","modified_gmt":"2024-05-09T00:03:13","slug":"los-guerreros-huerfanos-los-hijos-de-los-otori-1","status":"publish","type":"product","link":"https:\/\/alternativanikkei.com\/2026\/producto\/los-guerreros-huerfanos-los-hijos-de-los-otori-1\/","title":{"rendered":"LOS GUERREROS HU\u00c9RFANOS. Los hijos de los Otori 1"},"content":{"rendered":"<table class=\"woocommerce-product-attributes shop_attributes\" style=\"height: 362px;\" width=\"727\">\n<tbody>\n<tr class=\"woocommerce-product-attributes-item woocommerce-product-attributes-item--weight\">\n<td class=\"woocommerce-product-attributes-item__value\"><\/td>\n<\/tr>\n<tr class=\"woocommerce-product-attributes-item woocommerce-product-attributes-item--dimensions\">\n<th class=\"woocommerce-product-attributes-item__label\">Dimensiones<\/th>\n<td class=\"woocommerce-product-attributes-item__value\">2.5 \u00d7 15.5 \u00d7 23 cm<\/td>\n<\/tr>\n<tr class=\"woocommerce-product-attributes-item woocommerce-product-attributes-item--attribute_pa_autor\">\n<th class=\"woocommerce-product-attributes-item__label\">Autor<\/th>\n<td class=\"woocommerce-product-attributes-item__value\">Lian Hearn<\/td>\n<\/tr>\n<tr class=\"woocommerce-product-attributes-item woocommerce-product-attributes-item--attribute_pa_traduccion\">\n<th class=\"woocommerce-product-attributes-item__label\">Traducci\u00f3n<\/th>\n<td class=\"woocommerce-product-attributes-item__value\">Juan Jos\u00e9 Garc\u00eda Izquierdo<\/td>\n<\/tr>\n<tr class=\"woocommerce-product-attributes-item woocommerce-product-attributes-item--attribute_pa_isbn\">\n<th class=\"woocommerce-product-attributes-item__label\">ISBN<\/th>\n<td class=\"woocommerce-product-attributes-item__value\">9788412286069<\/td>\n<\/tr>\n<tr class=\"woocommerce-product-attributes-item woocommerce-product-attributes-item--attribute_pa_no-paginas\">\n<th class=\"woocommerce-product-attributes-item__label\">N\u00ba P\u00e1ginas<\/th>\n<td class=\"woocommerce-product-attributes-item__value\">336<\/td>\n<\/tr>\n<tr class=\"woocommerce-product-attributes-item woocommerce-product-attributes-item--attribute_pa_genero\">\n<th class=\"woocommerce-product-attributes-item__label\">G\u00e9nero<\/th>\n<td class=\"woocommerce-product-attributes-item__value\">Hist\u00f3rica y aventuras<\/td>\n<\/tr>\n<tr class=\"woocommerce-product-attributes-item woocommerce-product-attributes-item--attribute_pa_ibic\">\n<th class=\"woocommerce-product-attributes-item__label\"><\/th>\n<td class=\"woocommerce-product-attributes-item__value\"><\/td>\n<\/tr>\n<tr class=\"woocommerce-product-attributes-item woocommerce-product-attributes-item--attribute_pa_fecha-de-publicacion\">\n<th class=\"woocommerce-product-attributes-item__label\">Fecha de publicaci\u00f3n<\/th>\n<td class=\"woocommerce-product-attributes-item__value\">13\/01\/2022<\/td>\n<\/tr>\n<tr class=\"woocommerce-product-attributes-item woocommerce-product-attributes-item--attribute_pa_no-de-coleccion\">\n<th class=\"woocommerce-product-attributes-item__label\">N\u00ba de Colecci\u00f3n<\/th>\n<td class=\"woocommerce-product-attributes-item__value\">\u767e\u5341\u56db<\/p>\n<p>&nbsp;<\/td>\n<\/tr>\n<\/tbody>\n<\/table>\n<p class=\"p1\"><span class=\"s1\">Las interminables guerras entre los clanes y la Tribu han dejado\u00a0<\/span><span class=\"s1\">hu\u00e9rfanos a muchos ni\u00f1os. Entre ellos se encuentran Sunaomi y\u00a0<\/span><span class=\"s1\">Chikara, los hijos de Arai Zenko, que se enfrentan a la muerte tras la\u00a0<\/span><span class=\"s1\">traici\u00f3n de sus padres. Su t\u00eda Kaede puede salvarlos la vida con la c<\/span><span class=\"s1\">ondici\u00f3n de que se conviertan en monjes novicios y no abandonen\u00a0<\/span><span class=\"s1\">jam\u00e1s el templo de Terayama.<\/span><\/p>\n<p class=\"p1\"><span class=\"s1\">Pero Sunaomi, educado como guerrero, no podr\u00e1 escapar a su\u00a0<\/span><span class=\"s1\">destino. As\u00ed, a medida que va descubriendo sus extraordinarias\u00a0<\/span><span class=\"s1\">habilidades, se ir\u00e1 granjeando la enemistad de enemigos cada vez\u00a0<\/span><span class=\"s1\">m\u00e1s poderosos, como Hisao, el hijo de Takeo, el maestro fantasma;\u00a0<\/span><span class=\"s1\">o Saga Hideki, el general del Emperador y Se\u00f1or de la Guerra m\u00e1s\u00a0<\/span><span class=\"s1\">poderoso del reino.<\/span><\/p>\n<p class=\"p1\"><span class=\"s1\">Ambientada en el Jap\u00f3n feudal imaginario,\u00a0<em>Los guerreros hu\u00e9rfanos\u00a0<\/em><\/span><span class=\"s1\">es\u00a0<strong>una apasionante historia de aventuras<\/strong>\u00a0sobre dos j\u00f3venes y su\u00a0<\/span><span class=\"s1\">transici\u00f3n a la mayor\u00eda de edad en un mundo en el que el coraje y el\u00a0<\/span><span class=\"s1\">sacrificio son virtudes necesarias para sobrevivir, un mundo\u00a0<\/span><span class=\"s1\">sobrenatural plagado de peligros.<\/span><\/p>\n","protected":false},"excerpt":{"rendered":"<p>Dimensiones 2.5 \u00d7 15.5 \u00d7 23 cm Autor Lian Hearn Traducci\u00f3n Juan Jos\u00e9 Garc\u00eda Izquierdo ISBN 9788412286069 N\u00ba P\u00e1ginas 336 G\u00e9nero Hist\u00f3rica y aventuras Fecha de publicaci\u00f3n 13\/01\/2022 N\u00ba de Colecci\u00f3n \u767e\u5341\u56db &nbsp; Las interminables guerras entre los clanes y la Tribu han dejado\u00a0hu\u00e9rfanos a muchos ni\u00f1os. Entre ellos se encuentran Sunaomi y\u00a0Chikara, los hijos [&hellip;]<\/p>\n","protected":false},"featured_media":9657,"template":"","meta":[],"product_brand":[],"product_cat":[45,50],"product_tag":[],"class_list":{"0":"post-9656","1":"product","2":"type-product","3":"status-publish","4":"has-post-thumbnail","6":"product_cat-libreria","7":"product_cat-libros-y-revistas","9":"first","10":"instock","11":"shipping-taxable","12":"purchasable","13":"product-type-simple"},"_links":{"self":[{"href":"https:\/\/alternativanikkei.com\/2026\/wp-json\/wp\/v2\/product\/9656","targetHints":{"allow":["GET"]}}],"collection":[{"href":"https:\/\/alternativanikkei.com\/2026\/wp-json\/wp\/v2\/product"}],"about":[{"href":"https:\/\/alternativanikkei.com\/2026\/wp-json\/wp\/v2\/types\/product"}],"wp:featuredmedia":[{"embeddable":true,"href":"https:\/\/alternativanikkei.com\/2026\/wp-json\/wp\/v2\/media\/9657"}],"wp:attachment":[{"href":"https:\/\/alternativanikkei.com\/2026\/wp-json\/wp\/v2\/media?parent=9656"}],"wp:term":[{"taxonomy":"product_brand","embeddable":true,"href":"https:\/\/alternativanikkei.com\/2026\/wp-json\/wp\/v2\/product_brand?post=9656"},{"taxonomy":"product_cat","embeddable":true,"href":"https:\/\/alternativanikkei.com\/2026\/wp-json\/wp\/v2\/product_cat?post=9656"},{"taxonomy":"product_tag","embeddable":true,"href":"https:\/\/alternativanikkei.com\/2026\/wp-json\/wp\/v2\/product_tag?post=9656"}],"curies":[{"name":"wp","href":"https:\/\/api.w.org\/{rel}","templated":true}]}}