{"id":9675,"date":"2022-04-05T16:01:29","date_gmt":"2022-04-05T19:01:29","guid":{"rendered":"https:\/\/alternativanikkei.com\/?post_type=product&#038;p=9675"},"modified":"2025-03-02T01:29:21","modified_gmt":"2025-03-02T04:29:21","slug":"musashi-3-la-luz-perfecta","status":"publish","type":"product","link":"https:\/\/alternativanikkei.com\/2026\/producto\/musashi-3-la-luz-perfecta\/","title":{"rendered":"Musashi 3. La luz perfecta"},"content":{"rendered":"<table class=\"woocommerce-product-attributes shop_attributes\">\n<tbody>\n<tr class=\"woocommerce-product-attributes-item woocommerce-product-attributes-item--weight\">\n<th class=\"woocommerce-product-attributes-item__label\">Peso<\/th>\n<td class=\"woocommerce-product-attributes-item__value\">0.65 kg<\/td>\n<\/tr>\n<tr class=\"woocommerce-product-attributes-item woocommerce-product-attributes-item--dimensions\">\n<th class=\"woocommerce-product-attributes-item__label\">Dimensiones<\/th>\n<td class=\"woocommerce-product-attributes-item__value\">15.5 \u00d7 23 cm<\/td>\n<\/tr>\n<tr class=\"woocommerce-product-attributes-item woocommerce-product-attributes-item--attribute_pa_autor\">\n<th class=\"woocommerce-product-attributes-item__label\">Autor<\/th>\n<td class=\"woocommerce-product-attributes-item__value\">Eiji Yoshikawa<\/td>\n<\/tr>\n<tr class=\"woocommerce-product-attributes-item woocommerce-product-attributes-item--attribute_pa_isbn\">\n<th class=\"woocommerce-product-attributes-item__label\">ISBN<\/th>\n<td class=\"woocommerce-product-attributes-item__value\">9788493700980<\/td>\n<\/tr>\n<tr class=\"woocommerce-product-attributes-item woocommerce-product-attributes-item--attribute_pa_no-paginas\">\n<th class=\"woocommerce-product-attributes-item__label\">N\u00ba P\u00e1ginas<\/th>\n<td class=\"woocommerce-product-attributes-item__value\">320<\/td>\n<\/tr>\n<tr class=\"woocommerce-product-attributes-item woocommerce-product-attributes-item--attribute_pa_genero\">\n<th class=\"woocommerce-product-attributes-item__label\">G\u00e9nero<\/th>\n<td class=\"woocommerce-product-attributes-item__value\">Hist\u00f3rica y aventuras<\/td>\n<\/tr>\n<tr class=\"woocommerce-product-attributes-item woocommerce-product-attributes-item--attribute_pa_fecha-de-publicacion\">\n<th class=\"woocommerce-product-attributes-item__label\">Fecha de publicaci\u00f3n<\/th>\n<td class=\"woocommerce-product-attributes-item__value\">marzo 2011<\/td>\n<\/tr>\n<tr class=\"woocommerce-product-attributes-item woocommerce-product-attributes-item--attribute_pa_ibic\">\n<th class=\"woocommerce-product-attributes-item__label\">IBIC<\/th>\n<td class=\"woocommerce-product-attributes-item__value\">FJH<\/td>\n<\/tr>\n<tr class=\"woocommerce-product-attributes-item woocommerce-product-attributes-item--attribute_pa_no-de-coleccion\">\n<th class=\"woocommerce-product-attributes-item__label\">N\u00ba de Colecci\u00f3n<\/th>\n<td class=\"woocommerce-product-attributes-item__value\">\u4e09<\/p>\n<p>&nbsp;<\/td>\n<\/tr>\n<\/tbody>\n<\/table>\n<p>En su peregrinar por Jap\u00f3n, la fama de Musashi ha ido aumentando a la par que su creciente dominio del Camino de la Espada. Convertido en un espadach\u00edn ejemplar, los grandes se\u00f1ores del Jap\u00f3n feudal quieren emplearlo y hacer de \u00e9l su siervo, convencidos de la tremenda val\u00eda de su brazo. Sin embargo, Musashi no es el \u00fanico guerrero cuyo nombre est\u00e1 en boca de todos: como \u00e9l, Sasaki Kojiro se ha hecho con una reputaci\u00f3n sin parang\u00f3n. Convertidos ambos sin discusi\u00f3n en los dos espadachines m\u00e1s importantes de su tiempo, s\u00f3lo uno de ellos puede quedar como el m\u00e1s grande, en una batalla \u00e9pica e inmortal.<br \/>\nCon este tercer volumen llega a su fin la epopeya de Musashi, cuya vida y hechos sedujeron el imaginario m\u00edtico japon\u00e9s como quiz\u00e1s ninguna otra figura lo logr\u00f3 jam\u00e1s. En Miyamoto Musashi (1584-1645) la vida se reviste de un luminoso halo de leyenda que se superpone a su historia real y ser\u00eda, por su importancia, el equivalente nip\u00f3n al Cid Campeador en Espa\u00f1a. Escrita por Eiji Yoshikawa por entregas entre 1935 y 1939, Musashi es una obra fundamental para conocer la historia del que fuera el samurai m\u00e1s famoso del Jap\u00f3n, siendo tal su importancia que la obra goza de una pupularidad e influencia que siguen acrecent\u00e1ndose a medida que pasan los a\u00f1os. Pero Musashi es adem\u00e1s una novela en la mejor tradici\u00f3n de la narrativa japonesa. Un relato vivo, sutil e imaginativo, rebosante de personajes memorables y que pinta v\u00edvidamente un mundo que los occidentales s\u00f3lo conocemos de un modo vago. El atractivo de la novela, universal, la convierte en un cl\u00e1sico inolvidable con la cual adentrarnos en el pintoresco y atractivo mundo del Jap\u00f3n feudal.<\/p>\n","protected":false},"excerpt":{"rendered":"<p>Peso 0.65 kg Dimensiones 15.5 \u00d7 23 cm Autor Eiji Yoshikawa ISBN 9788493700980 N\u00ba P\u00e1ginas 320 G\u00e9nero Hist\u00f3rica y aventuras Fecha de publicaci\u00f3n marzo 2011 IBIC FJH N\u00ba de Colecci\u00f3n \u4e09 &nbsp; En su peregrinar por Jap\u00f3n, la fama de Musashi ha ido aumentando a la par que su creciente dominio del Camino de la [&hellip;]<\/p>\n","protected":false},"featured_media":9672,"template":"","meta":[],"product_brand":[],"product_cat":[45,50],"product_tag":[],"class_list":{"0":"post-9675","1":"product","2":"type-product","3":"status-publish","4":"has-post-thumbnail","6":"product_cat-libreria","7":"product_cat-libros-y-revistas","9":"first","10":"instock","11":"shipping-taxable","12":"purchasable","13":"product-type-simple"},"_links":{"self":[{"href":"https:\/\/alternativanikkei.com\/2026\/wp-json\/wp\/v2\/product\/9675","targetHints":{"allow":["GET"]}}],"collection":[{"href":"https:\/\/alternativanikkei.com\/2026\/wp-json\/wp\/v2\/product"}],"about":[{"href":"https:\/\/alternativanikkei.com\/2026\/wp-json\/wp\/v2\/types\/product"}],"wp:featuredmedia":[{"embeddable":true,"href":"https:\/\/alternativanikkei.com\/2026\/wp-json\/wp\/v2\/media\/9672"}],"wp:attachment":[{"href":"https:\/\/alternativanikkei.com\/2026\/wp-json\/wp\/v2\/media?parent=9675"}],"wp:term":[{"taxonomy":"product_brand","embeddable":true,"href":"https:\/\/alternativanikkei.com\/2026\/wp-json\/wp\/v2\/product_brand?post=9675"},{"taxonomy":"product_cat","embeddable":true,"href":"https:\/\/alternativanikkei.com\/2026\/wp-json\/wp\/v2\/product_cat?post=9675"},{"taxonomy":"product_tag","embeddable":true,"href":"https:\/\/alternativanikkei.com\/2026\/wp-json\/wp\/v2\/product_tag?post=9675"}],"curies":[{"name":"wp","href":"https:\/\/api.w.org\/{rel}","templated":true}]}}