{"id":9677,"date":"2022-04-09T19:37:33","date_gmt":"2022-04-09T22:37:33","guid":{"rendered":"https:\/\/alternativanikkei.com\/?post_type=product&#038;p=9677"},"modified":"2025-03-02T01:29:16","modified_gmt":"2025-03-02T04:29:16","slug":"fabulas-y-leyendas-de-japon","status":"publish","type":"product","link":"https:\/\/alternativanikkei.com\/2026\/producto\/fabulas-y-leyendas-de-japon\/","title":{"rendered":"F\u00e1bulas y leyendas de Jap\u00f3n"},"content":{"rendered":"<table class=\"woocommerce-product-attributes shop_attributes\">\n<tbody>\n<tr class=\"woocommerce-product-attributes-item woocommerce-product-attributes-item--weight\">\n<th class=\"woocommerce-product-attributes-item__label\">Peso<\/th>\n<td class=\"woocommerce-product-attributes-item__value\">0.6 kg<\/td>\n<\/tr>\n<tr class=\"woocommerce-product-attributes-item woocommerce-product-attributes-item--dimensions\">\n<th class=\"woocommerce-product-attributes-item__label\">Dimensiones<\/th>\n<td class=\"woocommerce-product-attributes-item__value\">155 \u00d7 230 cm<\/td>\n<\/tr>\n<tr class=\"woocommerce-product-attributes-item woocommerce-product-attributes-item--attribute_pa_autor\">\n<th class=\"woocommerce-product-attributes-item__label\">Autor<\/th>\n<td class=\"woocommerce-product-attributes-item__value\">Yei Theodora Ozaki<\/td>\n<\/tr>\n<tr class=\"woocommerce-product-attributes-item woocommerce-product-attributes-item--attribute_pa_traduccion\">\n<th class=\"woocommerce-product-attributes-item__label\">Traducci\u00f3n<\/th>\n<td class=\"woocommerce-product-attributes-item__value\">Juan Jim\u00e9nez Ruiz de Salazar<\/td>\n<\/tr>\n<tr class=\"woocommerce-product-attributes-item woocommerce-product-attributes-item--attribute_pa_isbn\">\n<th class=\"woocommerce-product-attributes-item__label\">ISBN<\/th>\n<td class=\"woocommerce-product-attributes-item__value\">9788494464928<\/td>\n<\/tr>\n<tr class=\"woocommerce-product-attributes-item woocommerce-product-attributes-item--attribute_pa_isbn-ebook\">\n<th class=\"woocommerce-product-attributes-item__label\">ISBN eBook<\/th>\n<td class=\"woocommerce-product-attributes-item__value\">9788494616013<\/td>\n<\/tr>\n<tr class=\"woocommerce-product-attributes-item woocommerce-product-attributes-item--attribute_pa_no-paginas\">\n<th class=\"woocommerce-product-attributes-item__label\">N\u00ba P\u00e1ginas<\/th>\n<td class=\"woocommerce-product-attributes-item__value\">248<\/td>\n<\/tr>\n<tr class=\"woocommerce-product-attributes-item woocommerce-product-attributes-item--attribute_pa_genero\">\n<th class=\"woocommerce-product-attributes-item__label\">G\u00e9nero<\/th>\n<td class=\"woocommerce-product-attributes-item__value\">Cuentos populares, f\u00e1bulas y leyendas<\/td>\n<\/tr>\n<tr class=\"woocommerce-product-attributes-item woocommerce-product-attributes-item--attribute_pa_fecha-de-publicacion\">\n<th class=\"woocommerce-product-attributes-item__label\">Fecha de publicaci\u00f3n<\/th>\n<td class=\"woocommerce-product-attributes-item__value\">7\/7\/2016<\/td>\n<\/tr>\n<tr class=\"woocommerce-product-attributes-item woocommerce-product-attributes-item--attribute_pa_ibic\">\n<th class=\"woocommerce-product-attributes-item__label\">IBIC<\/th>\n<td class=\"woocommerce-product-attributes-item__value\">FQ<\/td>\n<\/tr>\n<tr class=\"woocommerce-product-attributes-item woocommerce-product-attributes-item--attribute_pa_no-de-coleccion\">\n<th class=\"woocommerce-product-attributes-item__label\">N\u00ba de Colecci\u00f3n<\/th>\n<td class=\"woocommerce-product-attributes-item__value\">\u4e94\u5341\u4e09<\/td>\n<\/tr>\n<\/tbody>\n<\/table>\n<p>&nbsp;<\/p>\n<p>La cultura japonesa se caracteriza, adem\u00e1s de por su exotismo, por su particular forma de concebir la existencia y por la importancia que tienen nuestros sentidos para descubrir la belleza en todo aquello que nos rodea.<\/p>\n<p>Esta selecci\u00f3n de cuentos, transmitidos en sus inicios de forma oral de generaci\u00f3n en generaci\u00f3n, nos ayudar\u00e1 a comprender mejor su concepci\u00f3n de la vida y sus valores: el amor, el honor, la bondad, el respeto por los mayores y su profundo amor por la naturaleza.<\/p>\n<p>Criaturas fant\u00e1sticas, seres mitol\u00f3gicos, animales incre\u00edbles y acontecimientos sorprendentes e inesperados que forman parte de algunos de los relatos m\u00e1s queridos por los japoneses como\u00a0<em>Urashima Tar\u014d (El joven pescador)<\/em>,\u00a0<em>Taketori Monogatari (El cortador de bamb\u00fa)<\/em>\u00a0o\u00a0<em>Momotar\u014d (La historia del hijo de un melocot\u00f3n)<\/em>.<\/p>\n<p>Cuentos para todo tipo de lectores, independientemente de su edad, que permitir\u00e1n a los m\u00e1s peque\u00f1os imaginar un mundo maravilloso, imposible; y a los adultos volver a descubrirlo con una mirada diferente, con la inocencia de un ni\u00f1o.<\/p>\n","protected":false},"excerpt":{"rendered":"<p>Peso 0.6 kg Dimensiones 155 \u00d7 230 cm Autor Yei Theodora Ozaki Traducci\u00f3n Juan Jim\u00e9nez Ruiz de Salazar ISBN 9788494464928 ISBN eBook 9788494616013 N\u00ba P\u00e1ginas 248 G\u00e9nero Cuentos populares, f\u00e1bulas y leyendas Fecha de publicaci\u00f3n 7\/7\/2016 IBIC FQ N\u00ba de Colecci\u00f3n \u4e94\u5341\u4e09 &nbsp; La cultura japonesa se caracteriza, adem\u00e1s de por su exotismo, por su [&hellip;]<\/p>\n","protected":false},"featured_media":9678,"template":"","meta":[],"product_brand":[],"product_cat":[45,50],"product_tag":[],"class_list":{"0":"post-9677","1":"product","2":"type-product","3":"status-publish","4":"has-post-thumbnail","6":"product_cat-libreria","7":"product_cat-libros-y-revistas","9":"first","10":"instock","11":"shipping-taxable","12":"purchasable","13":"product-type-simple"},"_links":{"self":[{"href":"https:\/\/alternativanikkei.com\/2026\/wp-json\/wp\/v2\/product\/9677","targetHints":{"allow":["GET"]}}],"collection":[{"href":"https:\/\/alternativanikkei.com\/2026\/wp-json\/wp\/v2\/product"}],"about":[{"href":"https:\/\/alternativanikkei.com\/2026\/wp-json\/wp\/v2\/types\/product"}],"wp:featuredmedia":[{"embeddable":true,"href":"https:\/\/alternativanikkei.com\/2026\/wp-json\/wp\/v2\/media\/9678"}],"wp:attachment":[{"href":"https:\/\/alternativanikkei.com\/2026\/wp-json\/wp\/v2\/media?parent=9677"}],"wp:term":[{"taxonomy":"product_brand","embeddable":true,"href":"https:\/\/alternativanikkei.com\/2026\/wp-json\/wp\/v2\/product_brand?post=9677"},{"taxonomy":"product_cat","embeddable":true,"href":"https:\/\/alternativanikkei.com\/2026\/wp-json\/wp\/v2\/product_cat?post=9677"},{"taxonomy":"product_tag","embeddable":true,"href":"https:\/\/alternativanikkei.com\/2026\/wp-json\/wp\/v2\/product_tag?post=9677"}],"curies":[{"name":"wp","href":"https:\/\/api.w.org\/{rel}","templated":true}]}}