{"id":9705,"date":"2022-05-06T18:07:15","date_gmt":"2022-05-06T21:07:15","guid":{"rendered":"https:\/\/alternativanikkei.com\/?post_type=product&#038;p=9705"},"modified":"2024-08-24T17:15:41","modified_gmt":"2024-08-24T20:15:41","slug":"ikimashou-viaja-a-japon-a-traves-del-anime","status":"publish","type":"product","link":"https:\/\/alternativanikkei.com\/2026\/producto\/ikimashou-viaja-a-japon-a-traves-del-anime\/","title":{"rendered":"IKIMASHOU! Viaja a Jap\u00f3n a trav\u00e9s del anime"},"content":{"rendered":"<table class=\"woocommerce-product-attributes shop_attributes\">\n<tbody>\n<tr class=\"woocommerce-product-attributes-item woocommerce-product-attributes-item--weight\">\n<th class=\"woocommerce-product-attributes-item__label\">Peso<\/th>\n<td class=\"woocommerce-product-attributes-item__value\">0.5 kg<\/td>\n<\/tr>\n<tr class=\"woocommerce-product-attributes-item woocommerce-product-attributes-item--dimensions\">\n<th class=\"woocommerce-product-attributes-item__label\">Dimensiones<\/th>\n<td class=\"woocommerce-product-attributes-item__value\">2 \u00d7 15 \u00d7 19 cm<\/td>\n<\/tr>\n<tr class=\"woocommerce-product-attributes-item woocommerce-product-attributes-item--attribute_pa_autor\">\n<th class=\"woocommerce-product-attributes-item__label\">Autor<\/th>\n<td class=\"woocommerce-product-attributes-item__value\">Luc\u00eda G\u00f3mez<\/td>\n<\/tr>\n<tr class=\"woocommerce-product-attributes-item woocommerce-product-attributes-item--attribute_pa_isbn\">\n<th class=\"woocommerce-product-attributes-item__label\">ISBN<\/th>\n<td class=\"woocommerce-product-attributes-item__value\">9788412477627<\/td>\n<\/tr>\n<tr class=\"woocommerce-product-attributes-item woocommerce-product-attributes-item--attribute_pa_no-paginas\">\n<th class=\"woocommerce-product-attributes-item__label\">N\u00ba P\u00e1ginas<\/th>\n<td class=\"woocommerce-product-attributes-item__value\">272<\/td>\n<\/tr>\n<tr class=\"woocommerce-product-attributes-item woocommerce-product-attributes-item--attribute_pa_genero\">\n<th class=\"woocommerce-product-attributes-item__label\">G\u00e9nero<\/th>\n<td class=\"woocommerce-product-attributes-item__value\">Gu\u00eda de viajes, Turismo<\/td>\n<\/tr>\n<tr class=\"woocommerce-product-attributes-item woocommerce-product-attributes-item--attribute_pa_fecha-de-publicacion\">\n<th class=\"woocommerce-product-attributes-item__label\">Fecha de publicaci\u00f3n<\/th>\n<td class=\"woocommerce-product-attributes-item__value\">14\/3\/2022<\/td>\n<\/tr>\n<tr class=\"woocommerce-product-attributes-item woocommerce-product-attributes-item--attribute_pa_ibic\">\n<th class=\"woocommerce-product-attributes-item__label\">IBIC<\/th>\n<td class=\"woocommerce-product-attributes-item__value\">WT<\/td>\n<\/tr>\n<tr class=\"woocommerce-product-attributes-item woocommerce-product-attributes-item--attribute_pa_no-de-coleccion\">\n<th class=\"woocommerce-product-attributes-item__label\">N\u00ba de Colecci\u00f3n<\/th>\n<td class=\"woocommerce-product-attributes-item__value\">\u767e\u5341\u4e03<\/td>\n<\/tr>\n<\/tbody>\n<\/table>\n<p>Su belleza natural, su cultura, sus habitantes y su gastronom\u00eda convierten Jap\u00f3n en el destino so\u00f1ado por viajeros de todo el mundo y en uno de los pa\u00edses m\u00e1s visitados del Lejano Oriente.<\/p>\n<p>Esta completa gu\u00eda incluye toda la informaci\u00f3n necesaria para que tu viaje sea perfecto: datos sobre c\u00f3mo llegar, sitios de inter\u00e9s y prefecturas, climatolog\u00eda, c\u00f3mo moverte por el pa\u00eds, tipos de alojamiento, historia y religiones, folclore, festividades y costumbres, gastronom\u00eda y, por supuesto, su cultura popular y sus m\u00e1s famosos manga y anime. Pero adem\u00e1s, te proponemos 10 itinerarios que te permitir\u00e1n conocer los paisajes de animes tan conocidos como\u00a0<em>Your Name<\/em>,\u00a0<em>One Piece<\/em>,\u00a0<em>Pok\u00e9mon<\/em>\u00a0y muchos m\u00e1s.<\/p>\n<p><strong>\u00bfA qu\u00e9 esperas para viajar a Jap\u00f3n? Este libro te ofrece la oportunidad de visitar el pa\u00eds del Sol Naciente de manera tradicional o en compa\u00f1\u00eda de tus personajes de anime favoritos. T\u00fa decides c\u00f3mo hacerlo.<\/strong><\/p>\n","protected":false},"excerpt":{"rendered":"<p>Peso 0.5 kg Dimensiones 2 \u00d7 15 \u00d7 19 cm Autor Luc\u00eda G\u00f3mez ISBN 9788412477627 N\u00ba P\u00e1ginas 272 G\u00e9nero Gu\u00eda de viajes, Turismo Fecha de publicaci\u00f3n 14\/3\/2022 IBIC WT N\u00ba de Colecci\u00f3n \u767e\u5341\u4e03 Su belleza natural, su cultura, sus habitantes y su gastronom\u00eda convierten Jap\u00f3n en el destino so\u00f1ado por viajeros de todo el mundo [&hellip;]<\/p>\n","protected":false},"featured_media":9708,"template":"","meta":[],"product_brand":[],"product_cat":[45,50],"product_tag":[],"class_list":{"0":"post-9705","1":"product","2":"type-product","3":"status-publish","4":"has-post-thumbnail","6":"product_cat-libreria","7":"product_cat-libros-y-revistas","9":"first","10":"instock","11":"shipping-taxable","12":"purchasable","13":"product-type-simple"},"_links":{"self":[{"href":"https:\/\/alternativanikkei.com\/2026\/wp-json\/wp\/v2\/product\/9705","targetHints":{"allow":["GET"]}}],"collection":[{"href":"https:\/\/alternativanikkei.com\/2026\/wp-json\/wp\/v2\/product"}],"about":[{"href":"https:\/\/alternativanikkei.com\/2026\/wp-json\/wp\/v2\/types\/product"}],"wp:featuredmedia":[{"embeddable":true,"href":"https:\/\/alternativanikkei.com\/2026\/wp-json\/wp\/v2\/media\/9708"}],"wp:attachment":[{"href":"https:\/\/alternativanikkei.com\/2026\/wp-json\/wp\/v2\/media?parent=9705"}],"wp:term":[{"taxonomy":"product_brand","embeddable":true,"href":"https:\/\/alternativanikkei.com\/2026\/wp-json\/wp\/v2\/product_brand?post=9705"},{"taxonomy":"product_cat","embeddable":true,"href":"https:\/\/alternativanikkei.com\/2026\/wp-json\/wp\/v2\/product_cat?post=9705"},{"taxonomy":"product_tag","embeddable":true,"href":"https:\/\/alternativanikkei.com\/2026\/wp-json\/wp\/v2\/product_tag?post=9705"}],"curies":[{"name":"wp","href":"https:\/\/api.w.org\/{rel}","templated":true}]}}