{"id":9709,"date":"2022-05-06T19:26:51","date_gmt":"2022-05-06T22:26:51","guid":{"rendered":"https:\/\/alternativanikkei.com\/?post_type=product&#038;p=9709"},"modified":"2024-08-24T17:15:31","modified_gmt":"2024-08-24T20:15:31","slug":"el-barrio-sin-estaciones","status":"publish","type":"product","link":"https:\/\/alternativanikkei.com\/2026\/producto\/el-barrio-sin-estaciones\/","title":{"rendered":"EL BARRIO SIN ESTACIONES"},"content":{"rendered":"<table class=\"woocommerce-product-attributes shop_attributes\">\n<tbody>\n<tr class=\"woocommerce-product-attributes-item woocommerce-product-attributes-item--weight\">\n<th class=\"woocommerce-product-attributes-item__label\">Peso<\/th>\n<td class=\"woocommerce-product-attributes-item__value\">0.5 kg<\/td>\n<\/tr>\n<tr class=\"woocommerce-product-attributes-item woocommerce-product-attributes-item--dimensions\">\n<th class=\"woocommerce-product-attributes-item__label\">Dimensiones<\/th>\n<td class=\"woocommerce-product-attributes-item__value\">1.8 \u00d7 15.5 \u00d7 23 cm<\/td>\n<\/tr>\n<tr class=\"woocommerce-product-attributes-item woocommerce-product-attributes-item--attribute_pa_autor\">\n<th class=\"woocommerce-product-attributes-item__label\">Autor<\/th>\n<td class=\"woocommerce-product-attributes-item__value\">Shugoro Yamamoto<\/td>\n<\/tr>\n<tr class=\"woocommerce-product-attributes-item woocommerce-product-attributes-item--attribute_pa_traduccion\">\n<th class=\"woocommerce-product-attributes-item__label\">Traducci\u00f3n<\/th>\n<td class=\"woocommerce-product-attributes-item__value\">Kuniko Ikeda, Marta A\u00f1orbe Mateos<\/td>\n<\/tr>\n<tr class=\"woocommerce-product-attributes-item woocommerce-product-attributes-item--attribute_pa_isbn\">\n<th class=\"woocommerce-product-attributes-item__label\">ISBN<\/th>\n<td class=\"woocommerce-product-attributes-item__value\">9788412477603<\/td>\n<\/tr>\n<tr class=\"woocommerce-product-attributes-item woocommerce-product-attributes-item--attribute_pa_no-paginas\">\n<th class=\"woocommerce-product-attributes-item__label\">N\u00ba P\u00e1ginas<\/th>\n<td class=\"woocommerce-product-attributes-item__value\">296<\/td>\n<\/tr>\n<tr class=\"woocommerce-product-attributes-item woocommerce-product-attributes-item--attribute_pa_genero\">\n<th class=\"woocommerce-product-attributes-item__label\">G\u00e9nero<\/th>\n<td class=\"woocommerce-product-attributes-item__value\">Literatura, Narrativa<\/td>\n<\/tr>\n<tr class=\"woocommerce-product-attributes-item woocommerce-product-attributes-item--attribute_pa_ibic\">\n<th class=\"woocommerce-product-attributes-item__label\">IBIC<\/th>\n<td class=\"woocommerce-product-attributes-item__value\">FA<\/td>\n<\/tr>\n<tr class=\"woocommerce-product-attributes-item woocommerce-product-attributes-item--attribute_pa_fecha-de-publicacion\">\n<th class=\"woocommerce-product-attributes-item__label\">Fecha de publicaci\u00f3n<\/th>\n<td class=\"woocommerce-product-attributes-item__value\">14\/2\/2022<\/td>\n<\/tr>\n<tr class=\"woocommerce-product-attributes-item woocommerce-product-attributes-item--attribute_pa_no-de-coleccion\">\n<th class=\"woocommerce-product-attributes-item__label\">N\u00ba de Colecci\u00f3n<\/th>\n<td class=\"woocommerce-product-attributes-item__value\">\u767e\u5341\u516d<\/td>\n<\/tr>\n<\/tbody>\n<\/table>\n<p>&nbsp;<\/p>\n<p class=\"p1\"><span class=\"s1\">En un barrio sin nombre donde parece que el tiempo se ha\u00a0<\/span><span class=\"s1\">detenido, el afamado escritor de ficci\u00f3n hist\u00f3rica Sh\u016bgor\u014d\u00a0<\/span><span class=\"s1\">Yamamoto retrata la naturaleza tragic\u00f3mica del ser\u00a0<\/span><span class=\"s1\">humano a trav\u00e9s de las peripecias de sus habitantes.<\/span><\/p>\n<p class=\"p1\"><span class=\"s1\">El loco cuerdo, el pusil\u00e1nime dominado, el hijo pr\u00f3digo, el\u00a0<\/span><span class=\"s1\">falso patriota, la hetaira virtuosa, la hija abnegada, el joven\u00a0<\/span><span class=\"s1\">enamorado, el sabio pobre o el suicida arrepentido son\u00a0<\/span><span class=\"s1\">algunos de estos parad\u00f3jicos personajes del Jap\u00f3n de\u00a0<\/span><span class=\"s1\">posguerra que luchar\u00e1n cada d\u00eda por sobrevivir en medio\u00a0<\/span><span class=\"s1\">de la pobreza.<\/span><\/p>\n<p class=\"p1\"><strong><span class=\"s1\">El relato desgarrador, a ratos cruel y humor\u00edstico, de la\u00a0<\/span><span class=\"s1\">vida de los habitantes de un barrio que podr\u00eda ser el de\u00a0<\/span><span class=\"s1\">cualquier ciudad del mundo. Una cr\u00edtica universal que\u00a0<\/span><span class=\"s1\">muestra un rayo de esperanza en un mundo en ruinas.<\/span><\/strong><\/p>\n","protected":false},"excerpt":{"rendered":"<p>Peso 0.5 kg Dimensiones 1.8 \u00d7 15.5 \u00d7 23 cm Autor Shugoro Yamamoto Traducci\u00f3n Kuniko Ikeda, Marta A\u00f1orbe Mateos ISBN 9788412477603 N\u00ba P\u00e1ginas 296 G\u00e9nero Literatura, Narrativa IBIC FA Fecha de publicaci\u00f3n 14\/2\/2022 N\u00ba de Colecci\u00f3n \u767e\u5341\u516d &nbsp; En un barrio sin nombre donde parece que el tiempo se ha\u00a0detenido, el afamado escritor de ficci\u00f3n [&hellip;]<\/p>\n","protected":false},"featured_media":9710,"template":"","meta":[],"product_brand":[],"product_cat":[45,50],"product_tag":[],"class_list":{"0":"post-9709","1":"product","2":"type-product","3":"status-publish","4":"has-post-thumbnail","6":"product_cat-libreria","7":"product_cat-libros-y-revistas","9":"first","10":"instock","11":"shipping-taxable","12":"purchasable","13":"product-type-simple"},"_links":{"self":[{"href":"https:\/\/alternativanikkei.com\/2026\/wp-json\/wp\/v2\/product\/9709","targetHints":{"allow":["GET"]}}],"collection":[{"href":"https:\/\/alternativanikkei.com\/2026\/wp-json\/wp\/v2\/product"}],"about":[{"href":"https:\/\/alternativanikkei.com\/2026\/wp-json\/wp\/v2\/types\/product"}],"wp:featuredmedia":[{"embeddable":true,"href":"https:\/\/alternativanikkei.com\/2026\/wp-json\/wp\/v2\/media\/9710"}],"wp:attachment":[{"href":"https:\/\/alternativanikkei.com\/2026\/wp-json\/wp\/v2\/media?parent=9709"}],"wp:term":[{"taxonomy":"product_brand","embeddable":true,"href":"https:\/\/alternativanikkei.com\/2026\/wp-json\/wp\/v2\/product_brand?post=9709"},{"taxonomy":"product_cat","embeddable":true,"href":"https:\/\/alternativanikkei.com\/2026\/wp-json\/wp\/v2\/product_cat?post=9709"},{"taxonomy":"product_tag","embeddable":true,"href":"https:\/\/alternativanikkei.com\/2026\/wp-json\/wp\/v2\/product_tag?post=9709"}],"curies":[{"name":"wp","href":"https:\/\/api.w.org\/{rel}","templated":true}]}}