{"id":9730,"date":"2022-07-15T20:12:16","date_gmt":"2022-07-15T23:12:16","guid":{"rendered":"https:\/\/alternativanikkei.com\/?post_type=product&#038;p=9730"},"modified":"2026-03-31T09:42:34","modified_gmt":"2026-03-31T12:42:34","slug":"kaiki-cuentos-de-terror-y-locura","status":"publish","type":"product","link":"https:\/\/alternativanikkei.com\/2026\/producto\/kaiki-cuentos-de-terror-y-locura\/","title":{"rendered":"KAIKI. Cuentos de terror y locura"},"content":{"rendered":"<p class=\"p1\">Hasta la introducci\u00f3n de los ideogramas chinos en el\u00a0siglo VI, el japon\u00e9s era una lengua oral que no ten\u00eda\u00a0escritura. Se trata, seguramente, del pa\u00eds con la m\u00e1s\u00a0amplia y antigua tradici\u00f3n oral. El\u00a0<em>monogataru<\/em>\u00a0era el oficio\u00a0de contar historias oralmente y de entre todas ellas, las\u00a0favoritas de los japoneses, que han trascendido m\u00e1s all\u00e1 de\u00a0sus fronteras, son las cr\u00f3nicas sobrenaturales y de miedo.<\/p>\n<p class=\"p1\">En esta recopilaci\u00f3n, el lector disfrutar\u00e1 de una selecci\u00f3n\u00a0de\u00a0<strong>escalofriantes relatos<\/strong>, historias que nos arrastrar\u00e1n\u00a0a un pa\u00eds plagado de mitos,\u00a0<strong>leyendas ancestrales y\u00a0supersticiones<\/strong>. Un lugar remoto y ex\u00f3tico en el que sus\u00a0habitantes conviven con la arraigada creencia de que hay\u00a0muchos tipos de\u00a0<strong>monstruos, imaginarios y reales<\/strong>, ocultos\u00a0entre nosotros.<\/p>\n<p class=\"p1\">Desde incre\u00edbles ermita\u00f1os que conservan las cabezas de\u00a0sus v\u00edctimas hasta j\u00f3venes marcados por el destino que\u00a0anuncian un aciago final a los barcos en los que se suben,\u00a0estos cuentos se mover\u00e1n en la fina barrera que separa el\u00a0mundo real del mitol\u00f3gico. Entre sus p\u00e1ginas, podremos\u00a0ver la importancia vital del mar en la superstici\u00f3n de un\u00a0pa\u00eds formado por m\u00e1s de tres mil islas o la oscuridad que\u00a0ocultan los nuevos adelantos como las pel\u00edculas. Siempre\u00a0sin olvidar la complejidad de la mentalidad japonesa,\u00a0cuya fascinaci\u00f3n puede llegar a convertirse en algo\u00a0<strong>verdaderamente terror\u00edfico<\/strong>.<\/p>\n<p class=\"p2\">Prep\u00e1rese para disfrutar de doce inquietantes relatos\u00a0que le pondr\u00e1n los pelos de punta. Una lectura\u00a0imprescindible para todos los aficionados a la novela\u00a0g\u00f3tica y de terror.<\/p>\n","protected":false},"excerpt":{"rendered":"<p>Hasta la introducci\u00f3n de los ideogramas chinos en el\u00a0siglo VI, el japon\u00e9s era una lengua oral que no ten\u00eda\u00a0escritura. Se trata, seguramente, del pa\u00eds con la m\u00e1s\u00a0amplia y antigua tradici\u00f3n oral. El\u00a0monogataru\u00a0era el oficio\u00a0de contar historias oralmente y de entre todas ellas, las\u00a0favoritas de los japoneses, que han trascendido m\u00e1s all\u00e1 de\u00a0sus fronteras, son las [&hellip;]<\/p>\n","protected":false},"featured_media":9731,"template":"","meta":[],"product_brand":[],"product_cat":[45],"product_tag":[],"class_list":{"0":"post-9730","1":"product","2":"type-product","3":"status-publish","4":"has-post-thumbnail","6":"product_cat-libreria","8":"first","9":"instock","10":"shipping-taxable","11":"purchasable","12":"product-type-simple"},"_links":{"self":[{"href":"https:\/\/alternativanikkei.com\/2026\/wp-json\/wp\/v2\/product\/9730","targetHints":{"allow":["GET"]}}],"collection":[{"href":"https:\/\/alternativanikkei.com\/2026\/wp-json\/wp\/v2\/product"}],"about":[{"href":"https:\/\/alternativanikkei.com\/2026\/wp-json\/wp\/v2\/types\/product"}],"wp:featuredmedia":[{"embeddable":true,"href":"https:\/\/alternativanikkei.com\/2026\/wp-json\/wp\/v2\/media\/9731"}],"wp:attachment":[{"href":"https:\/\/alternativanikkei.com\/2026\/wp-json\/wp\/v2\/media?parent=9730"}],"wp:term":[{"taxonomy":"product_brand","embeddable":true,"href":"https:\/\/alternativanikkei.com\/2026\/wp-json\/wp\/v2\/product_brand?post=9730"},{"taxonomy":"product_cat","embeddable":true,"href":"https:\/\/alternativanikkei.com\/2026\/wp-json\/wp\/v2\/product_cat?post=9730"},{"taxonomy":"product_tag","embeddable":true,"href":"https:\/\/alternativanikkei.com\/2026\/wp-json\/wp\/v2\/product_tag?post=9730"}],"curies":[{"name":"wp","href":"https:\/\/api.w.org\/{rel}","templated":true}]}}