{"id":9733,"date":"2022-07-15T20:14:56","date_gmt":"2022-07-15T23:14:56","guid":{"rendered":"https:\/\/alternativanikkei.com\/?post_type=product&#038;p=9733"},"modified":"2025-11-03T16:27:54","modified_gmt":"2025-11-03T19:27:54","slug":"kaiki-2-nuevos-cuentos-de-terror-y-locura","status":"publish","type":"product","link":"https:\/\/alternativanikkei.com\/2026\/producto\/kaiki-2-nuevos-cuentos-de-terror-y-locura\/","title":{"rendered":"KAIKI 2. Nuevos cuentos de terror y locura"},"content":{"rendered":"<p>Tras el \u00e9xito cosechado por la primera entrega de nuestros cuentos de terror y locura, tenemos el gusto de presentarle\u00a0<em>Kaiki2<\/em>, una nueva<br \/>\ncolecci\u00f3n de relatos, a\u00fan m\u00e1s terror\u00edficos que los anteriores, si cabe.<\/p>\n<p>Ocho nuevas historias, traducidas directamente del japon\u00e9s, con las que descubrir\u00e1 el lado m\u00e1s oscuro de la mitolog\u00eda. nipona. Una selecci\u00f3n de cuentos para adentrarse en un mundo tenebroso y<br \/>\nsobrenatural plagado de monstruos y fantasmas que conviven con los seres humanos.<\/p>\n<p>Un extra\u00f1o ritual en mitad de la noche, una relaci\u00f3n fatal con una ferviente admiradora, una letal familia o una extra\u00f1a aparici\u00f3n en la nieve son solo algunos ejemplos de este recorrido que le permitir\u00e1<br \/>\nexperimentar, en primera persona, las espeluznantes situaciones por las que atraviesan los protagonistas de cada relato.<\/p>\n<p><strong>Prep\u00e1rese, porque los secretos del Jap\u00f3n m\u00e1s ancestral est\u00e1n a punto de ser revelados.<\/strong><\/p>\n","protected":false},"excerpt":{"rendered":"<p>Tras el \u00e9xito cosechado por la primera entrega de nuestros cuentos de terror y locura, tenemos el gusto de presentarle\u00a0Kaiki2, una nueva colecci\u00f3n de relatos, a\u00fan m\u00e1s terror\u00edficos que los anteriores, si cabe. Ocho nuevas historias, traducidas directamente del japon\u00e9s, con las que descubrir\u00e1 el lado m\u00e1s oscuro de la mitolog\u00eda. nipona. Una selecci\u00f3n de [&hellip;]<\/p>\n","protected":false},"featured_media":9734,"template":"","meta":[],"product_brand":[],"product_cat":[45,50],"product_tag":[],"class_list":{"0":"post-9733","1":"product","2":"type-product","3":"status-publish","4":"has-post-thumbnail","6":"product_cat-libreria","7":"product_cat-libros-y-revistas","9":"first","10":"instock","11":"shipping-taxable","12":"product-type-simple"},"_links":{"self":[{"href":"https:\/\/alternativanikkei.com\/2026\/wp-json\/wp\/v2\/product\/9733","targetHints":{"allow":["GET"]}}],"collection":[{"href":"https:\/\/alternativanikkei.com\/2026\/wp-json\/wp\/v2\/product"}],"about":[{"href":"https:\/\/alternativanikkei.com\/2026\/wp-json\/wp\/v2\/types\/product"}],"wp:featuredmedia":[{"embeddable":true,"href":"https:\/\/alternativanikkei.com\/2026\/wp-json\/wp\/v2\/media\/9734"}],"wp:attachment":[{"href":"https:\/\/alternativanikkei.com\/2026\/wp-json\/wp\/v2\/media?parent=9733"}],"wp:term":[{"taxonomy":"product_brand","embeddable":true,"href":"https:\/\/alternativanikkei.com\/2026\/wp-json\/wp\/v2\/product_brand?post=9733"},{"taxonomy":"product_cat","embeddable":true,"href":"https:\/\/alternativanikkei.com\/2026\/wp-json\/wp\/v2\/product_cat?post=9733"},{"taxonomy":"product_tag","embeddable":true,"href":"https:\/\/alternativanikkei.com\/2026\/wp-json\/wp\/v2\/product_tag?post=9733"}],"curies":[{"name":"wp","href":"https:\/\/api.w.org\/{rel}","templated":true}]}}