{"id":9738,"date":"2022-07-15T20:53:23","date_gmt":"2022-07-15T23:53:23","guid":{"rendered":"https:\/\/alternativanikkei.com\/?post_type=product&#038;p=9738"},"modified":"2026-03-31T09:38:24","modified_gmt":"2026-03-31T12:38:24","slug":"pachinko","status":"publish","type":"product","link":"https:\/\/alternativanikkei.com\/2026\/producto\/pachinko\/","title":{"rendered":"PACHINKO"},"content":{"rendered":"<p>Yeong-do, Corea, 1911<\/p>\n<p>En una peque\u00f1a aldea de pescadores a la\u00a0orilla del mar del Este, un hombre tullido se casa con una muchacha de quince a\u00f1os. La pareja tiene una hija, su adorada Sunja.<\/p>\n<p>Cuando Sunja se queda embarazada de un\u00a0hombre casado, la familia se enfrenta a la ruina. Pero entonces Isak, un joven sacerdote cristiano, le ofrece una oportunidad de salvaci\u00f3n: una nueva vida en Jap\u00f3n como su esposa.<\/p>\n<p>Tras seguir a un hombre al que apenas\u00a0conoce hasta un pa\u00eds hostil donde no tiene amigos ni hogar, la salvaci\u00f3n de Sunja no ser\u00e1 m\u00e1s que el principio de su historia.<\/p>\n<p>A trav\u00e9s de ocho d\u00e9cadas y cuatro\u00a0generaciones,\u00a0<em>Pachinko<\/em>\u00a0es un relato \u00e9pico de familia, identidad, amor, muerte y supervivencia.<\/p>\n","protected":false},"excerpt":{"rendered":"<p>Yeong-do, Corea, 1911 En una peque\u00f1a aldea de pescadores a la\u00a0orilla del mar del Este, un hombre tullido se casa con una muchacha de quince a\u00f1os. La pareja tiene una hija, su adorada Sunja. Cuando Sunja se queda embarazada de un\u00a0hombre casado, la familia se enfrenta a la ruina. Pero entonces Isak, un joven sacerdote [&hellip;]<\/p>\n","protected":false},"featured_media":9739,"template":"","meta":[],"product_brand":[],"product_cat":[45,50],"product_tag":[],"class_list":{"0":"post-9738","1":"product","2":"type-product","3":"status-publish","4":"has-post-thumbnail","6":"product_cat-libreria","7":"product_cat-libros-y-revistas","9":"first","10":"instock","11":"shipping-taxable","12":"purchasable","13":"product-type-simple"},"_links":{"self":[{"href":"https:\/\/alternativanikkei.com\/2026\/wp-json\/wp\/v2\/product\/9738","targetHints":{"allow":["GET"]}}],"collection":[{"href":"https:\/\/alternativanikkei.com\/2026\/wp-json\/wp\/v2\/product"}],"about":[{"href":"https:\/\/alternativanikkei.com\/2026\/wp-json\/wp\/v2\/types\/product"}],"wp:featuredmedia":[{"embeddable":true,"href":"https:\/\/alternativanikkei.com\/2026\/wp-json\/wp\/v2\/media\/9739"}],"wp:attachment":[{"href":"https:\/\/alternativanikkei.com\/2026\/wp-json\/wp\/v2\/media?parent=9738"}],"wp:term":[{"taxonomy":"product_brand","embeddable":true,"href":"https:\/\/alternativanikkei.com\/2026\/wp-json\/wp\/v2\/product_brand?post=9738"},{"taxonomy":"product_cat","embeddable":true,"href":"https:\/\/alternativanikkei.com\/2026\/wp-json\/wp\/v2\/product_cat?post=9738"},{"taxonomy":"product_tag","embeddable":true,"href":"https:\/\/alternativanikkei.com\/2026\/wp-json\/wp\/v2\/product_tag?post=9738"}],"curies":[{"name":"wp","href":"https:\/\/api.w.org\/{rel}","templated":true}]}}