{"id":9742,"date":"2022-07-15T20:59:53","date_gmt":"2022-07-15T23:59:53","guid":{"rendered":"https:\/\/alternativanikkei.com\/?post_type=product&#038;p=9742"},"modified":"2024-05-08T21:01:20","modified_gmt":"2024-05-09T00:01:20","slug":"un-sandwich-en-ginza","status":"publish","type":"product","link":"https:\/\/alternativanikkei.com\/2026\/producto\/un-sandwich-en-ginza\/","title":{"rendered":"UN S\u00c1NDWICH EN GINZA"},"content":{"rendered":"<p><em><strong>Una colecci\u00f3n de deliciosas historias que nos har\u00e1n la boca agua. Un verdadero placer para los sentidos.<\/strong><\/em><\/p>\n<p>En esta colecci\u00f3n de deliciosas historias que nos har\u00e1n la boca agua, la escritora Yoko Hiramatsu y su amigo, el dibujante Jiro Taniguchi, nos contagian con una euforia envolvente de toda la esencia de la gastronom\u00eda japonesa. Un verdadero placer para los sentidos.<\/p>\n<p>La cocina budista de Kamakura, el estofado de\u00a0fugu\u00a0en Osaka, un festival de anguilas en Narita,\u00a0gyoza\u00a0crujientes en Jimbocho, tempura de brotes de helecho (cabezas de viol\u00edn) y de lirio en Ginza\u2026<\/p>\n<p>Un exquisito recorrido por diferentes\u00a0izakaya, establecimientos centenarios especializados en comida tan original y ex\u00f3tica, como los pintorescos personajes que los regentan.<\/p>\n<p>Un libro tentador, maravillosamente sensual, que satisface tanto las enso\u00f1aciones gustativas de cualquier amante de la gastronom\u00eda japonesa, como la sed de conocimientos sobre el Jap\u00f3n actual. Un documento vivo que nos permite comprender la relaci\u00f3n tan especial de los japoneses con la comida.<\/p>\n<p><strong>Un maravilloso ensayo ilustrado por Jiro Taniguchi que nos ayuda a comprender la relaci\u00f3n tan especial de los japoneses con la comida.<\/strong><\/p>\n<p><strong>Una lectura exquisita, sensual e \u00edntima que es, a la vez, un fascinante reflejo de la riqueza culinaria de Jap\u00f3n.<\/strong><\/p>\n","protected":false},"excerpt":{"rendered":"<p>Una colecci\u00f3n de deliciosas historias que nos har\u00e1n la boca agua. Un verdadero placer para los sentidos. En esta colecci\u00f3n de deliciosas historias que nos har\u00e1n la boca agua, la escritora Yoko Hiramatsu y su amigo, el dibujante Jiro Taniguchi, nos contagian con una euforia envolvente de toda la esencia de la gastronom\u00eda japonesa. Un [&hellip;]<\/p>\n","protected":false},"featured_media":9743,"template":"","meta":[],"product_brand":[],"product_cat":[45,50],"product_tag":[],"class_list":{"0":"post-9742","1":"product","2":"type-product","3":"status-publish","4":"has-post-thumbnail","6":"product_cat-libreria","7":"product_cat-libros-y-revistas","9":"first","10":"instock","11":"shipping-taxable","12":"purchasable","13":"product-type-simple"},"_links":{"self":[{"href":"https:\/\/alternativanikkei.com\/2026\/wp-json\/wp\/v2\/product\/9742","targetHints":{"allow":["GET"]}}],"collection":[{"href":"https:\/\/alternativanikkei.com\/2026\/wp-json\/wp\/v2\/product"}],"about":[{"href":"https:\/\/alternativanikkei.com\/2026\/wp-json\/wp\/v2\/types\/product"}],"wp:featuredmedia":[{"embeddable":true,"href":"https:\/\/alternativanikkei.com\/2026\/wp-json\/wp\/v2\/media\/9743"}],"wp:attachment":[{"href":"https:\/\/alternativanikkei.com\/2026\/wp-json\/wp\/v2\/media?parent=9742"}],"wp:term":[{"taxonomy":"product_brand","embeddable":true,"href":"https:\/\/alternativanikkei.com\/2026\/wp-json\/wp\/v2\/product_brand?post=9742"},{"taxonomy":"product_cat","embeddable":true,"href":"https:\/\/alternativanikkei.com\/2026\/wp-json\/wp\/v2\/product_cat?post=9742"},{"taxonomy":"product_tag","embeddable":true,"href":"https:\/\/alternativanikkei.com\/2026\/wp-json\/wp\/v2\/product_tag?post=9742"}],"curies":[{"name":"wp","href":"https:\/\/api.w.org\/{rel}","templated":true}]}}