{"id":9746,"date":"2022-07-15T21:03:22","date_gmt":"2022-07-16T00:03:22","guid":{"rendered":"https:\/\/alternativanikkei.com\/?post_type=product&#038;p=9746"},"modified":"2026-03-31T09:37:25","modified_gmt":"2026-03-31T12:37:25","slug":"mitos-populares-de-japon-leyendas-de-tono","status":"publish","type":"product","link":"https:\/\/alternativanikkei.com\/2026\/producto\/mitos-populares-de-japon-leyendas-de-tono\/","title":{"rendered":"Mitos Populares de Jap\u00f3n. Leyendas de T\u00f4no"},"content":{"rendered":"<p>Fantasmas y aparecidos, deidades locales, forasteros de aspecto inquietante, animales que parecen sacados del mundo sobrenatural, usos y costumbres misteriosas\u2026<\/p>\n<p>Cuentos populares y creencias ancestrales, narrados con un estilo po\u00e9tico y sencillo, que disfrutar\u00e1n tanto los interesados en Jap\u00f3n como los lectores atra\u00eddos por los mitos y leyendas, as\u00ed como los aficionados al manga que deseen conocer el origen de muchos de los personajes fant\u00e1sticos que aparecen en ellos.<\/p>\n<p>Un cl\u00e1sico imprescindible de las letras niponas, escrito por Kunio Yanagita, considerado el fundador y primer estudioso del folclore y la mitolog\u00eda popular; sus textos han influido notablemente en varias generaciones de autores, que a partir de la publicaci\u00f3n de T\u00f4no Monogatari, comenzaron a recuperar y reunir los cuentos y leyendas m\u00e1s populares de Jap\u00f3n, textos que permitieron al lector occidental conocer un pa\u00eds y una historia hasta entonces desconocida m\u00e1s all\u00e1 de sus fronteras.<\/p>\n<p>Editorial Quaterni presenta un nuevo libro de uno de los escritores m\u00e1s interesantes de la primera mitad del siglo XX, traducido \u00edntegramente del japon\u00e9s.<\/p>\n","protected":false},"excerpt":{"rendered":"<p>Fantasmas y aparecidos, deidades locales, forasteros de aspecto inquietante, animales que parecen sacados del mundo sobrenatural, usos y costumbres misteriosas\u2026 Cuentos populares y creencias ancestrales, narrados con un estilo po\u00e9tico y sencillo, que disfrutar\u00e1n tanto los interesados en Jap\u00f3n como los lectores atra\u00eddos por los mitos y leyendas, as\u00ed como los aficionados al manga que [&hellip;]<\/p>\n","protected":false},"featured_media":9747,"template":"","meta":[],"product_brand":[],"product_cat":[45,50],"product_tag":[],"class_list":{"0":"post-9746","1":"product","2":"type-product","3":"status-publish","4":"has-post-thumbnail","6":"product_cat-libreria","7":"product_cat-libros-y-revistas","9":"first","10":"instock","11":"shipping-taxable","12":"purchasable","13":"product-type-simple"},"_links":{"self":[{"href":"https:\/\/alternativanikkei.com\/2026\/wp-json\/wp\/v2\/product\/9746","targetHints":{"allow":["GET"]}}],"collection":[{"href":"https:\/\/alternativanikkei.com\/2026\/wp-json\/wp\/v2\/product"}],"about":[{"href":"https:\/\/alternativanikkei.com\/2026\/wp-json\/wp\/v2\/types\/product"}],"wp:featuredmedia":[{"embeddable":true,"href":"https:\/\/alternativanikkei.com\/2026\/wp-json\/wp\/v2\/media\/9747"}],"wp:attachment":[{"href":"https:\/\/alternativanikkei.com\/2026\/wp-json\/wp\/v2\/media?parent=9746"}],"wp:term":[{"taxonomy":"product_brand","embeddable":true,"href":"https:\/\/alternativanikkei.com\/2026\/wp-json\/wp\/v2\/product_brand?post=9746"},{"taxonomy":"product_cat","embeddable":true,"href":"https:\/\/alternativanikkei.com\/2026\/wp-json\/wp\/v2\/product_cat?post=9746"},{"taxonomy":"product_tag","embeddable":true,"href":"https:\/\/alternativanikkei.com\/2026\/wp-json\/wp\/v2\/product_tag?post=9746"}],"curies":[{"name":"wp","href":"https:\/\/api.w.org\/{rel}","templated":true}]}}