{"id":9748,"date":"2022-07-15T21:07:46","date_gmt":"2022-07-16T00:07:46","guid":{"rendered":"https:\/\/alternativanikkei.com\/?post_type=product&#038;p=9748"},"modified":"2025-11-03T16:26:50","modified_gmt":"2025-11-03T19:26:50","slug":"dibuja-y-crea-tu-propio-manga","status":"publish","type":"product","link":"https:\/\/alternativanikkei.com\/2026\/producto\/dibuja-y-crea-tu-propio-manga\/","title":{"rendered":"Dibuja y crea tu propio MANGA"},"content":{"rendered":"<p>Este libro introduce a los lectores al mundo de personajes Manga. Todo lo que un fan necesita saber con t\u00e9cnicas y herramientas paso a paso para aprender a dibujar Manga.<\/p>\n<p>&nbsp;<\/p>\n<p>Formato: 22 x 31 cm<br \/>\nTapa: blanda<br \/>\nP\u00e1ginas: 128 a todo color<br \/>\nEncuadernaci\u00f3n: r\u00fastica<br \/>\nC\u00f3digo: Edad sugerida: +8<\/p>\n","protected":false},"excerpt":{"rendered":"<p>Este libro introduce a los lectores al mundo de personajes Manga. Todo lo que un fan necesita saber con t\u00e9cnicas y herramientas paso a paso para aprender a dibujar Manga. &nbsp; Formato: 22 x 31 cm Tapa: blanda P\u00e1ginas: 128 a todo color Encuadernaci\u00f3n: r\u00fastica C\u00f3digo: Edad sugerida: +8<\/p>\n","protected":false},"featured_media":9749,"template":"","meta":[],"product_brand":[],"product_cat":[45,50],"product_tag":[],"class_list":{"0":"post-9748","1":"product","2":"type-product","3":"status-publish","4":"has-post-thumbnail","6":"product_cat-libreria","7":"product_cat-libros-y-revistas","9":"first","10":"instock","11":"shipping-taxable","12":"purchasable","13":"product-type-simple"},"_links":{"self":[{"href":"https:\/\/alternativanikkei.com\/2026\/wp-json\/wp\/v2\/product\/9748","targetHints":{"allow":["GET"]}}],"collection":[{"href":"https:\/\/alternativanikkei.com\/2026\/wp-json\/wp\/v2\/product"}],"about":[{"href":"https:\/\/alternativanikkei.com\/2026\/wp-json\/wp\/v2\/types\/product"}],"wp:featuredmedia":[{"embeddable":true,"href":"https:\/\/alternativanikkei.com\/2026\/wp-json\/wp\/v2\/media\/9749"}],"wp:attachment":[{"href":"https:\/\/alternativanikkei.com\/2026\/wp-json\/wp\/v2\/media?parent=9748"}],"wp:term":[{"taxonomy":"product_brand","embeddable":true,"href":"https:\/\/alternativanikkei.com\/2026\/wp-json\/wp\/v2\/product_brand?post=9748"},{"taxonomy":"product_cat","embeddable":true,"href":"https:\/\/alternativanikkei.com\/2026\/wp-json\/wp\/v2\/product_cat?post=9748"},{"taxonomy":"product_tag","embeddable":true,"href":"https:\/\/alternativanikkei.com\/2026\/wp-json\/wp\/v2\/product_tag?post=9748"}],"curies":[{"name":"wp","href":"https:\/\/api.w.org\/{rel}","templated":true}]}}